{"id":150450,"date":"2021-01-15T11:02:22","date_gmt":"2021-01-15T11:02:22","guid":{"rendered":"https:\/\/codengine3.ch\/?product=import-placeholder-for-203426"},"modified":"2021-01-15T14:23:11","modified_gmt":"2021-01-15T14:23:11","slug":"un-fabuleux-voyage-aerien-sur-les-ecrins-a-wonderful-journey-over-the-ecrins","status":"publish","type":"product","link":"https:\/\/pizbube.ch\/en\/shop\/un-fabuleux-voyage-aerien-sur-les-ecrins-a-wonderful-journey-over-the-ecrins\/","title":{"rendered":"Un fabuleux voyage a\u00e9rien sur les Ecrins \/ A wonderful Journey over the Ecrins"},"content":{"rendered":"<p>Aujourd&#8217;hui Bernard Boyer nous emm\u00e8ne \u00e0 bord d&#8217;un avion pour un Fabuleux<br \/>\nvoyage a\u00e9rien sur les Ecrins, le titre m\u00eame de son dernier ouvrage, un voyage<br \/>\nqui au fur et \u00e0 mesure de l&#8217;aventure est devenu une mission, un regard sur la<br \/>\nd\u00e9gradation de nos belles montagnes.<br \/>\n176 p.<br \/>\nJoin Boyer to discover the OIsans and Ecrins in a plane! He brings us a raw<br \/>\ntext which does not try to please, with superb and expressive photos! 176 p.  <\/p>","protected":false},"excerpt":{"rendered":"<p>Aujourd&#8217;hui Bernard Boyer nous emm\u00e8ne \u00e0 bord d&#8217;un avion pour un Fabuleux voyage a\u00e9rien sur les Ecrins, le titre m\u00eame de son dernier ouvrage, un voyage qui au fur et \u00e0 mesure de l&#8217;aventure est devenu une mission, un regard sur la d\u00e9gradation de nos belles montagnes. 176 p. Join Boyer to discover the OIsans [&#8230;]\n","protected":false},"featured_media":31033,"template":"","meta":[],"product_brand":[],"product_cat":[21542],"product_tag":[],"class_list":{"0":"post-150450","1":"product","2":"type-product","3":"status-publish","4":"has-post-thumbnail","6":"product_cat-sachbuecher-dokumentationen","7":"pa_autor-boyer","8":"pa_erscheinungsjahr-21920","9":"pa_region-frankreich","10":"pa_sprache-e","11":"pa_sprache-f","13":"first","14":"outofstock","15":"taxable","16":"shipping-taxable","17":"purchasable","18":"product-type-simple"},"_links":{"self":[{"href":"https:\/\/pizbube.ch\/en\/wp-json\/wp\/v2\/product\/150450","targetHints":{"allow":["GET"]}}],"collection":[{"href":"https:\/\/pizbube.ch\/en\/wp-json\/wp\/v2\/product"}],"about":[{"href":"https:\/\/pizbube.ch\/en\/wp-json\/wp\/v2\/types\/product"}],"wp:featuredmedia":[{"embeddable":true,"href":"https:\/\/pizbube.ch\/en\/wp-json\/wp\/v2\/media\/31033"}],"wp:attachment":[{"href":"https:\/\/pizbube.ch\/en\/wp-json\/wp\/v2\/media?parent=150450"}],"wp:term":[{"taxonomy":"product_brand","embeddable":true,"href":"https:\/\/pizbube.ch\/en\/wp-json\/wp\/v2\/product_brand?post=150450"},{"taxonomy":"product_cat","embeddable":true,"href":"https:\/\/pizbube.ch\/en\/wp-json\/wp\/v2\/product_cat?post=150450"},{"taxonomy":"product_tag","embeddable":true,"href":"https:\/\/pizbube.ch\/en\/wp-json\/wp\/v2\/product_tag?post=150450"}],"curies":[{"name":"wp","href":"https:\/\/api.w.org\/{rel}","templated":true}]}}