{"id":150452,"date":"2021-01-15T11:02:22","date_gmt":"2021-01-15T11:02:22","guid":{"rendered":"https:\/\/codengine3.ch\/?product=import-placeholder-for-200983"},"modified":"2021-01-15T11:02:38","modified_gmt":"2021-01-15T11:02:38","slug":"dauphine","status":"publish","type":"product","link":"https:\/\/pizbube.ch\/en\/shop\/dauphine\/","title":{"rendered":"Dauphin\u00e9"},"content":{"rendered":"<p>Gebietsf\u00fchrer f\u00fcr Bergsteiger, Kletterer und Wanderer. Das Dauphin\u00e9 liegt weit<br \/>\ns\u00fcdlich des Montblancmassivs und ist das s\u00fcdlichste Hochgebirge der Alpen<br \/>\n(sieht man einmal vom Monte Viso ab); es wird im Norden von der Romanche, im<br \/>\nOsten von der Durance, im S\u00fcden vom Drac und im Westen von der Malsanne<br \/>\neingefa\u00dft und liegt etwa 60 Kilometer s\u00fcdlich von Grenoble. In Karten wird es<br \/>\nf\u00e4lschlicherweise oft auch als Pelvouxgruppe gef\u00fchrt, im franz\u00f6sischen<br \/>\nSprachraum hat sich die Bezeichnung Massif des Ecrins durchgesetzt. Die<br \/>\ndeutschsprachigen Bergsteiger kennen das Gebiet aber seit langem als das<br \/>\nDauphin\u00e9.<br \/>\n280 Seiten mit 48 Schwarz-Wei\u00df-Abbildungen<br \/>\n18 Anstiegsskizzen, eine Zufahrtsskizze, eine \u00dcbersichtsskizze Verfa\u00dft nach<br \/>\nden Richtlinien der UIAA  <\/p>","protected":false},"excerpt":{"rendered":"<p>Gebietsf\u00fchrer f\u00fcr Bergsteiger, Kletterer und Wanderer. Das Dauphin\u00e9 liegt weit s\u00fcdlich des Montblancmassivs und ist das s\u00fcdlichste Hochgebirge der Alpen (sieht man einmal vom Monte Viso ab); es wird im Norden von der Romanche, im Osten von der Durance, im S\u00fcden vom Drac und im Westen von der Malsanne eingefa\u00dft und liegt etwa 60 Kilometer [&#8230;]\n","protected":false},"featured_media":28130,"template":"","meta":[],"product_brand":[],"product_cat":[21544],"product_tag":[],"class_list":{"0":"post-150452","1":"product","2":"type-product","3":"status-publish","4":"has-post-thumbnail","6":"product_cat-fuehrerliteratur-alpin-sommer","7":"pa_autor-eberlein","8":"pa_erscheinungsjahr-22295","9":"pa_region-frankreich","10":"pa_sprache-de","12":"first","13":"outofstock","14":"taxable","15":"shipping-taxable","16":"purchasable","17":"product-type-simple"},"_links":{"self":[{"href":"https:\/\/pizbube.ch\/en\/wp-json\/wp\/v2\/product\/150452","targetHints":{"allow":["GET"]}}],"collection":[{"href":"https:\/\/pizbube.ch\/en\/wp-json\/wp\/v2\/product"}],"about":[{"href":"https:\/\/pizbube.ch\/en\/wp-json\/wp\/v2\/types\/product"}],"wp:featuredmedia":[{"embeddable":true,"href":"https:\/\/pizbube.ch\/en\/wp-json\/wp\/v2\/media\/28130"}],"wp:attachment":[{"href":"https:\/\/pizbube.ch\/en\/wp-json\/wp\/v2\/media?parent=150452"}],"wp:term":[{"taxonomy":"product_brand","embeddable":true,"href":"https:\/\/pizbube.ch\/en\/wp-json\/wp\/v2\/product_brand?post=150452"},{"taxonomy":"product_cat","embeddable":true,"href":"https:\/\/pizbube.ch\/en\/wp-json\/wp\/v2\/product_cat?post=150452"},{"taxonomy":"product_tag","embeddable":true,"href":"https:\/\/pizbube.ch\/en\/wp-json\/wp\/v2\/product_tag?post=150452"}],"curies":[{"name":"wp","href":"https:\/\/api.w.org\/{rel}","templated":true}]}}