{"id":150453,"date":"2021-01-15T11:02:22","date_gmt":"2021-01-15T11:02:22","guid":{"rendered":"https:\/\/codengine3.ch\/?product=import-placeholder-for-204378"},"modified":"2021-01-15T14:32:33","modified_gmt":"2021-01-15T14:32:33","slug":"hoch-oben-klettern-in-deutschlands-norden-dvd","status":"publish","type":"product","link":"https:\/\/pizbube.ch\/en\/shop\/hoch-oben-klettern-in-deutschlands-norden-dvd\/","title":{"rendered":"Hoch Oben Klettern in Deutschlands Norden DVD"},"content":{"rendered":"<p>Wo die Felsen Klippen hei\u00dfen, beherbergt Deutschland eine seiner<br \/>\ncharakterst\u00e4rksten Kletterszenen:<br \/>\nEin Film von Tim Bartzik, Ole Radach, Leif B\u00fcttner und Axel Kaske<br \/>\nWer hier klettert, bekommt von klassisch alpin \u00fcber genussreich und grossz\u00fcgig<br \/>\nbis hin zu bretthart und kompromisslos alles geboten. Dabei ist nicht nur &#8218;der<br \/>\nIth&#8216; ein Klettergebiet aus dem kalkreichen Norden, f\u00fcr die sich einen Besuch<br \/>\nlohnt. Dieser Film pr\u00e4sentiert neben dem Ith auch den Hohenstein, den Kanstein<br \/>\nund den Selter, welche sich in Qualit\u00e4t und vor allem Originalit\u00e4t<br \/>\ndeutschlandweit nicht zu verstecken brauchen. DVD 70 min. plus 20 min. Bonus<br \/>\nMaterial<\/p>","protected":false},"excerpt":{"rendered":"<p>Wo die Felsen Klippen hei\u00dfen, beherbergt Deutschland eine seiner charakterst\u00e4rksten Kletterszenen: Ein Film von Tim Bartzik, Ole Radach, Leif B\u00fcttner und Axel Kaske Wer hier klettert, bekommt von klassisch alpin \u00fcber genussreich und grossz\u00fcgig bis hin zu bretthart und kompromisslos alles geboten. Dabei ist nicht nur &#8218;der Ith&#8216; ein Klettergebiet aus dem kalkreichen Norden, f\u00fcr [&#8230;]\n","protected":false},"featured_media":32230,"template":"","meta":[],"product_brand":[],"product_cat":[21628],"product_tag":[],"class_list":{"0":"post-150453","1":"product","2":"type-product","3":"status-publish","4":"has-post-thumbnail","6":"product_cat-video-dvd-multimedia","7":"pa_autor-bartzik","8":"pa_erscheinungsjahr-21763","9":"pa_region-deutschland","10":"pa_sprache-de","12":"first","13":"instock","14":"taxable","15":"shipping-taxable","16":"purchasable","17":"product-type-simple"},"_links":{"self":[{"href":"https:\/\/pizbube.ch\/en\/wp-json\/wp\/v2\/product\/150453","targetHints":{"allow":["GET"]}}],"collection":[{"href":"https:\/\/pizbube.ch\/en\/wp-json\/wp\/v2\/product"}],"about":[{"href":"https:\/\/pizbube.ch\/en\/wp-json\/wp\/v2\/types\/product"}],"wp:featuredmedia":[{"embeddable":true,"href":"https:\/\/pizbube.ch\/en\/wp-json\/wp\/v2\/media\/32230"}],"wp:attachment":[{"href":"https:\/\/pizbube.ch\/en\/wp-json\/wp\/v2\/media?parent=150453"}],"wp:term":[{"taxonomy":"product_brand","embeddable":true,"href":"https:\/\/pizbube.ch\/en\/wp-json\/wp\/v2\/product_brand?post=150453"},{"taxonomy":"product_cat","embeddable":true,"href":"https:\/\/pizbube.ch\/en\/wp-json\/wp\/v2\/product_cat?post=150453"},{"taxonomy":"product_tag","embeddable":true,"href":"https:\/\/pizbube.ch\/en\/wp-json\/wp\/v2\/product_tag?post=150453"}],"curies":[{"name":"wp","href":"https:\/\/api.w.org\/{rel}","templated":true}]}}