{"id":150454,"date":"2021-01-15T11:02:22","date_gmt":"2021-01-15T11:02:22","guid":{"rendered":"https:\/\/codengine3.ch\/?product=import-placeholder-for-201199"},"modified":"2021-01-15T11:59:23","modified_gmt":"2021-01-15T11:59:23","slug":"franken-1-2-plus","status":"publish","type":"product","link":"https:\/\/pizbube.ch\/en\/shop\/franken-1-2-plus\/","title":{"rendered":"Franken 1\/2 plus"},"content":{"rendered":"<p>Aktualisierung Frankenjura:<br \/>\nNeue W\u00e4nde<br \/>\nNeue Routen<br \/>\nGekletterte Projekte<\/p>\n<p>Das Buch ist inhaltlich zweigeteilt: Teil I (Neue und stark ver\u00e4nderte Felsen)<br \/>\nkann als eigenst\u00e4ndiger Kletterf\u00fchrer verwendet werden. Er enth\u00e4lt s\u00e4mtliche<br \/>\nInformationen zu neuen und sehr stark ver\u00e4nderten Felsen seit den Jahren<br \/>\n2010\/11 und ist somit die ideale Erg\u00e4nzung zu unseren Kletterf\u00fchrern Franken 1<br \/>\nund Franken 2 (2. Aufl.) oder vergleichbarem Wissensstand.<\/p>\n<p>Teil II besteht aus Aktualisierungen, die grunds\u00e4tzlich mit Bezug zu den<br \/>\nB\u00fcchern Franken 1 und Franken 2 in der jeweils 2. Auflage (2010\/11) erfolgen.<br \/>\nDa jedoch bei der Beschreibung einer Neutour immer von einer daneben liegenden<br \/>\nalten Route der Name angegeben wird, kann auch jeder andere Kletterf\u00fchrer, der<br \/>\nsich auf einem \u00e4hnlichen Stand wie Franken 1 und Franken 2 befindet, erg\u00e4nzt<br \/>\nwerden.<\/p>\n<p>The content of this book is divided in two parts. Part I (New and heavily<br \/>\nchanged crags) can be used as a stand-alone guidebook with the information to<br \/>\nnew and heavily changed crags since the years 2010\/11 and can be used as<br \/>\nsupplement to our guidebooks Franken 1 and Franken 2 (2nd edition) or a<br \/>\nsimilar state of knowledge.<\/p>\n<p>Part II gives update information basically with reference to the books Franken<br \/>\n1 and Franken 2 each in the 2nd edition (2010\/11). With the reference to \u201cold\u201d<br \/>\nroutes next to the new ones every guidebook on a similar level as Franken 1<br \/>\nand Franken 2 can be updated though.<\/p>","protected":false},"excerpt":{"rendered":"<ul>\n<li><a href=\"https:\/\/pizbube.ch\/wp-content\/uploads\/attachments\/a_006\/43D1DEA6EA6F083B5FB2A312579FE1F4.pdf\" target=\"_blank\" rel=\"noopener\">PDF: Leseprobe_Franken12Plus.pdf<\/a><\/li>\n<\/ul>","protected":false},"featured_media":28400,"template":"","meta":[],"product_brand":[],"product_cat":[21539],"product_tag":[],"class_list":{"0":"post-150454","1":"product","2":"type-product","3":"status-publish","4":"has-post-thumbnail","6":"product_cat-fuehrerliteratur-sportklettern-bouldern","7":"pa_autor-roeker","8":"pa_erscheinungsjahr-21597","9":"pa_region-deutschland","10":"pa_sprache-de-en","12":"first","13":"instock","14":"taxable","15":"shipping-taxable","16":"purchasable","17":"product-type-simple"},"_links":{"self":[{"href":"https:\/\/pizbube.ch\/en\/wp-json\/wp\/v2\/product\/150454","targetHints":{"allow":["GET"]}}],"collection":[{"href":"https:\/\/pizbube.ch\/en\/wp-json\/wp\/v2\/product"}],"about":[{"href":"https:\/\/pizbube.ch\/en\/wp-json\/wp\/v2\/types\/product"}],"wp:featuredmedia":[{"embeddable":true,"href":"https:\/\/pizbube.ch\/en\/wp-json\/wp\/v2\/media\/28400"}],"wp:attachment":[{"href":"https:\/\/pizbube.ch\/en\/wp-json\/wp\/v2\/media?parent=150454"}],"wp:term":[{"taxonomy":"product_brand","embeddable":true,"href":"https:\/\/pizbube.ch\/en\/wp-json\/wp\/v2\/product_brand?post=150454"},{"taxonomy":"product_cat","embeddable":true,"href":"https:\/\/pizbube.ch\/en\/wp-json\/wp\/v2\/product_cat?post=150454"},{"taxonomy":"product_tag","embeddable":true,"href":"https:\/\/pizbube.ch\/en\/wp-json\/wp\/v2\/product_tag?post=150454"}],"curies":[{"name":"wp","href":"https:\/\/api.w.org\/{rel}","templated":true}]}}