{"id":150457,"date":"2021-01-15T11:02:22","date_gmt":"2021-01-15T11:02:22","guid":{"rendered":"https:\/\/codengine3.ch\/?product=import-placeholder-for-205382"},"modified":"2021-01-15T14:40:48","modified_gmt":"2021-01-15T14:40:48","slug":"4000-des-alpes","status":"publish","type":"product","link":"https:\/\/pizbube.ch\/en\/shop\/4000-des-alpes\/","title":{"rendered":"4000 des Alpes"},"content":{"rendered":"<p>Le seul guide de r\u00e9f\u00e9rence sur les 4000 des Alpes. Ce guide d\u00e9crit les voies<br \/>\nnormales et les variantes des 90 sommets de 4000 m et de tous les sommets<br \/>\nsecondaires. Choisir et pr\u00e9parer son ascension: description de l&#8217;itin\u00e9raire,<br \/>\ncroquis sch\u00e9matiques, cartes et guides disponibles, niveau de difficult\u00e9,<br \/>\ninfos sur les refuges et acc\u00e8s.  <\/p>\n<p>&#8211; Une synth\u00e8se unique pour choisir et pr\u00e9parer ses ascensions.<br \/>\n&#8211; Une maquette simple et claire pour mettre en avant l&#8217;essentiel des<br \/>\ninformations.<br \/>\n&#8211; Un ouvrage id\u00e9al pour le public des alpinistes d\u00e9butants ou confirm\u00e9s,<br \/>\nguides de montagne.<\/p>","protected":false},"excerpt":{"rendered":"<p>Le seul guide de r\u00e9f\u00e9rence sur les 4000 des Alpes. Ce guide d\u00e9crit les voies normales et les variantes des 90 sommets de 4000 m et de tous les sommets secondaires. Choisir et pr\u00e9parer son ascension: description de l&#8217;itin\u00e9raire, croquis sch\u00e9matiques, cartes et guides disponibles, niveau de difficult\u00e9, infos sur les refuges et acc\u00e8s. &#8211; [&#8230;]\n","protected":false},"featured_media":34068,"template":"","meta":[],"product_brand":[],"product_cat":[21544],"product_tag":[],"class_list":{"0":"post-150457","1":"product","2":"type-product","3":"status-publish","4":"has-post-thumbnail","6":"product_cat-fuehrerliteratur-alpin-sommer","7":"pa_autor-goedeke","8":"pa_erscheinungsjahr-21621","9":"pa_region-schweiz","10":"pa_sprache-fr","12":"first","13":"instock","14":"taxable","15":"shipping-taxable","16":"purchasable","17":"product-type-simple"},"_links":{"self":[{"href":"https:\/\/pizbube.ch\/en\/wp-json\/wp\/v2\/product\/150457","targetHints":{"allow":["GET"]}}],"collection":[{"href":"https:\/\/pizbube.ch\/en\/wp-json\/wp\/v2\/product"}],"about":[{"href":"https:\/\/pizbube.ch\/en\/wp-json\/wp\/v2\/types\/product"}],"wp:featuredmedia":[{"embeddable":true,"href":"https:\/\/pizbube.ch\/en\/wp-json\/wp\/v2\/media\/34068"}],"wp:attachment":[{"href":"https:\/\/pizbube.ch\/en\/wp-json\/wp\/v2\/media?parent=150457"}],"wp:term":[{"taxonomy":"product_brand","embeddable":true,"href":"https:\/\/pizbube.ch\/en\/wp-json\/wp\/v2\/product_brand?post=150457"},{"taxonomy":"product_cat","embeddable":true,"href":"https:\/\/pizbube.ch\/en\/wp-json\/wp\/v2\/product_cat?post=150457"},{"taxonomy":"product_tag","embeddable":true,"href":"https:\/\/pizbube.ch\/en\/wp-json\/wp\/v2\/product_tag?post=150457"}],"curies":[{"name":"wp","href":"https:\/\/api.w.org\/{rel}","templated":true}]}}