{"id":150458,"date":"2021-01-15T11:02:22","date_gmt":"2021-01-15T11:02:22","guid":{"rendered":"https:\/\/codengine3.ch\/?product=import-placeholder-for-202706"},"modified":"2021-01-15T12:38:39","modified_gmt":"2021-01-15T12:38:39","slug":"4000er-36-klassische-gipfelziele","status":"publish","type":"product","link":"https:\/\/pizbube.ch\/en\/shop\/4000er-36-klassische-gipfelziele\/","title":{"rendered":"4000er, 36 klassische Gipfelziele"},"content":{"rendered":"<p>Auf einen 4000er zu steigen ist immer gro\u00dfes Bergsteigen, das Bergerfahrung<br \/>\nund eine gute Ausr\u00fcstung voraussetzt. Allerdings gibt es in den Alpen durchaus<br \/>\neinige 4000er, die auch f\u00fcr weniger Trainierte bezwingbar sind, zum Beispiel<br \/>\nweil ein Teil der H\u00f6henmeter mit einer Bergbahn \u00fcberwunden werden kann. Diese<br \/>\n4000er stellt Richard Goedeke kenntnisreich vor, gew\u00fcrzt mit Anekdoten,<br \/>\nGeschichtlichem und nat\u00fcrlich mit faszinierenden Bildern. 36 klassische<br \/>\nGipfelziele. 120 Farbfotos, Karten. 128 S.<\/p>","protected":false},"excerpt":{"rendered":"<p>Auf einen 4000er zu steigen ist immer gro\u00dfes Bergsteigen, das Bergerfahrung und eine gute Ausr\u00fcstung voraussetzt. Allerdings gibt es in den Alpen durchaus einige 4000er, die auch f\u00fcr weniger Trainierte bezwingbar sind, zum Beispiel weil ein Teil der H\u00f6henmeter mit einer Bergbahn \u00fcberwunden werden kann. Diese 4000er stellt Richard Goedeke kenntnisreich vor, gew\u00fcrzt mit Anekdoten, [&#8230;]\n","protected":false},"featured_media":30142,"template":"","meta":[],"product_brand":[],"product_cat":[21542],"product_tag":[],"class_list":{"0":"post-150458","1":"product","2":"type-product","3":"status-publish","4":"has-post-thumbnail","6":"product_cat-sachbuecher-dokumentationen","7":"pa_autor-goedeke","8":"pa_erscheinungsjahr-22144","9":"pa_region-schweiz","10":"pa_sprache-de","12":"first","13":"outofstock","14":"taxable","15":"shipping-taxable","16":"purchasable","17":"product-type-simple"},"_links":{"self":[{"href":"https:\/\/pizbube.ch\/en\/wp-json\/wp\/v2\/product\/150458","targetHints":{"allow":["GET"]}}],"collection":[{"href":"https:\/\/pizbube.ch\/en\/wp-json\/wp\/v2\/product"}],"about":[{"href":"https:\/\/pizbube.ch\/en\/wp-json\/wp\/v2\/types\/product"}],"wp:featuredmedia":[{"embeddable":true,"href":"https:\/\/pizbube.ch\/en\/wp-json\/wp\/v2\/media\/30142"}],"wp:attachment":[{"href":"https:\/\/pizbube.ch\/en\/wp-json\/wp\/v2\/media?parent=150458"}],"wp:term":[{"taxonomy":"product_brand","embeddable":true,"href":"https:\/\/pizbube.ch\/en\/wp-json\/wp\/v2\/product_brand?post=150458"},{"taxonomy":"product_cat","embeddable":true,"href":"https:\/\/pizbube.ch\/en\/wp-json\/wp\/v2\/product_cat?post=150458"},{"taxonomy":"product_tag","embeddable":true,"href":"https:\/\/pizbube.ch\/en\/wp-json\/wp\/v2\/product_tag?post=150458"}],"curies":[{"name":"wp","href":"https:\/\/api.w.org\/{rel}","templated":true}]}}