{"id":150463,"date":"2021-01-15T11:02:23","date_gmt":"2021-01-15T11:02:23","guid":{"rendered":"https:\/\/codengine3.ch\/?product=import-placeholder-for-200962"},"modified":"2021-01-15T11:02:27","modified_gmt":"2021-01-15T11:02:27","slug":"le-guide-des-grands-sommets","status":"publish","type":"product","link":"https:\/\/pizbube.ch\/en\/shop\/le-guide-des-grands-sommets\/","title":{"rendered":"Le guide des Grands Sommets"},"content":{"rendered":"<p>Cet ouvrage pr\u00e9sente vingt sommets prestigieux des Alpes et des Pyr\u00e9n\u00e9es, et<br \/>\nexplique minutieusement la fa\u00e7on de les gravir par leur voie Normale, c&#8217;est-\u00e0-<br \/>\ndire l&#8217;itin\u00e9raire le plus classique et le plus ais\u00e9.<br \/>\nCes sommets ont \u00e9t\u00e9 choisis en fonction de leur notori\u00e9t\u00e9. Qui n&#8217;a jamais<br \/>\nentendu parler du mont Blanc, du Cervin ou du Viso? Et surtout, qui n&#8217;a r\u00eav\u00e9<br \/>\nde fouler leur cime?  <\/p>\n<p>Chaque sommet fait l&#8217;objet d&#8217;un texte qui \u00e9voque son ambiance et son histoire<br \/>\n; un texte pratique et plusieurs croquis donnent ensuite tous les<br \/>\nrenseignements n\u00e9cessaires pour passer du r\u00eave \u00e0 la r\u00e9alit\u00e9.<br \/>\nOn s&#8217;apercevra alors que plusieurs de ces sommets mythiques ne pr\u00e9sentent pas<br \/>\nles difficult\u00e9s insurmontables que l&#8217;on imagine trop souvent.<\/p>","protected":false},"excerpt":{"rendered":"<p>Cet ouvrage pr\u00e9sente vingt sommets prestigieux des Alpes et des Pyr\u00e9n\u00e9es, et explique minutieusement la fa\u00e7on de les gravir par leur voie Normale, c&#8217;est-\u00e0- dire l&#8217;itin\u00e9raire le plus classique et le plus ais\u00e9. Ces sommets ont \u00e9t\u00e9 choisis en fonction de leur notori\u00e9t\u00e9. Qui n&#8217;a jamais entendu parler du mont Blanc, du Cervin ou du [&#8230;]\n","protected":false},"featured_media":28103,"template":"","meta":[],"product_brand":[],"product_cat":[21544],"product_tag":[],"class_list":{"0":"post-150463","1":"product","2":"type-product","3":"status-publish","4":"has-post-thumbnail","6":"product_cat-fuehrerliteratur-alpin-sommer","7":"pa_autor-tanguy","8":"pa_erscheinungsjahr-22137","9":"pa_region-frankreich","10":"pa_sprache-fr","12":"first","13":"instock","14":"taxable","15":"shipping-taxable","16":"purchasable","17":"product-type-simple"},"_links":{"self":[{"href":"https:\/\/pizbube.ch\/en\/wp-json\/wp\/v2\/product\/150463","targetHints":{"allow":["GET"]}}],"collection":[{"href":"https:\/\/pizbube.ch\/en\/wp-json\/wp\/v2\/product"}],"about":[{"href":"https:\/\/pizbube.ch\/en\/wp-json\/wp\/v2\/types\/product"}],"wp:featuredmedia":[{"embeddable":true,"href":"https:\/\/pizbube.ch\/en\/wp-json\/wp\/v2\/media\/28103"}],"wp:attachment":[{"href":"https:\/\/pizbube.ch\/en\/wp-json\/wp\/v2\/media?parent=150463"}],"wp:term":[{"taxonomy":"product_brand","embeddable":true,"href":"https:\/\/pizbube.ch\/en\/wp-json\/wp\/v2\/product_brand?post=150463"},{"taxonomy":"product_cat","embeddable":true,"href":"https:\/\/pizbube.ch\/en\/wp-json\/wp\/v2\/product_cat?post=150463"},{"taxonomy":"product_tag","embeddable":true,"href":"https:\/\/pizbube.ch\/en\/wp-json\/wp\/v2\/product_tag?post=150463"}],"curies":[{"name":"wp","href":"https:\/\/api.w.org\/{rel}","templated":true}]}}