{"id":150464,"date":"2021-01-15T11:02:23","date_gmt":"2021-01-15T11:02:23","guid":{"rendered":"https:\/\/codengine3.ch\/?product=import-placeholder-for-205387"},"modified":"2021-01-15T14:40:49","modified_gmt":"2021-01-15T14:40:49","slug":"50-montanas-de-los-alpes","status":"publish","type":"product","link":"https:\/\/pizbube.ch\/en\/shop\/50-montanas-de-los-alpes\/","title":{"rendered":"50 monta\u00f1as de los Alpes"},"content":{"rendered":"<p>Esta gu\u00eda pretende mostrarte un poco de ambas: monta\u00f1as f\u00e1ciles, aunque<br \/>\nimportantes, en la zona menos elevada y m\u00e1s pr\u00f3xima a Espa\u00f1a, y muchas de las<br \/>\ngrandes cumbres de la cadena alpina en la zona central del eje Chamonix-<br \/>\nZermatt; m\u00e1s al este no nos hemos ido. Los Alpes empiezan a caer en altura y<br \/>\nlas distancias hasta casa se incrementan; no es zona habitual en las primeras<br \/>\nvisitas a la cadena alpina&#8230; y nosotros queremos aqu\u00ed dedicarnos a aquellos<br \/>\nque te puedes marcar como &#8218;primeros objetivos&#8216;.  <\/p>\n<p>David Atela, experimentado monta\u00f1ero y reconocido autor de numerosas gu\u00edas, te<br \/>\nproporciona toda la informaci\u00f3n de las principales rutas de ascensi\u00f3n donde se<br \/>\naportan gran cantidad de datos t\u00e9cnicos: dificultad, desnivel, horario,<br \/>\naccesos y aproximaciones, as\u00ed como una descripci\u00f3n pormenorizada de cada uno<br \/>\nde los itinerarios propuestos; todo ello ilustrado con croquis sobre foto y<br \/>\nmapas de situaci\u00f3n.  <\/p>","protected":false},"excerpt":{"rendered":"<p>Esta gu\u00eda pretende mostrarte un poco de ambas: monta\u00f1as f\u00e1ciles, aunque importantes, en la zona menos elevada y m\u00e1s pr\u00f3xima a Espa\u00f1a, y muchas de las grandes cumbres de la cadena alpina en la zona central del eje Chamonix- Zermatt; m\u00e1s al este no nos hemos ido. Los Alpes empiezan a caer en altura y [&#8230;]\n","protected":false},"featured_media":34073,"template":"","meta":[],"product_brand":[],"product_cat":[21544],"product_tag":[],"class_list":{"0":"post-150464","1":"product","2":"type-product","3":"status-publish","4":"has-post-thumbnail","6":"product_cat-fuehrerliteratur-alpin-sommer","7":"pa_autor-atela","8":"pa_erscheinungsjahr-21591","9":"pa_region-schweiz","10":"pa_sprache-sp","12":"first","13":"instock","14":"taxable","15":"shipping-taxable","16":"purchasable","17":"product-type-simple"},"_links":{"self":[{"href":"https:\/\/pizbube.ch\/en\/wp-json\/wp\/v2\/product\/150464","targetHints":{"allow":["GET"]}}],"collection":[{"href":"https:\/\/pizbube.ch\/en\/wp-json\/wp\/v2\/product"}],"about":[{"href":"https:\/\/pizbube.ch\/en\/wp-json\/wp\/v2\/types\/product"}],"wp:featuredmedia":[{"embeddable":true,"href":"https:\/\/pizbube.ch\/en\/wp-json\/wp\/v2\/media\/34073"}],"wp:attachment":[{"href":"https:\/\/pizbube.ch\/en\/wp-json\/wp\/v2\/media?parent=150464"}],"wp:term":[{"taxonomy":"product_brand","embeddable":true,"href":"https:\/\/pizbube.ch\/en\/wp-json\/wp\/v2\/product_brand?post=150464"},{"taxonomy":"product_cat","embeddable":true,"href":"https:\/\/pizbube.ch\/en\/wp-json\/wp\/v2\/product_cat?post=150464"},{"taxonomy":"product_tag","embeddable":true,"href":"https:\/\/pizbube.ch\/en\/wp-json\/wp\/v2\/product_tag?post=150464"}],"curies":[{"name":"wp","href":"https:\/\/api.w.org\/{rel}","templated":true}]}}