{"id":150465,"date":"2021-01-15T11:02:23","date_gmt":"2021-01-15T11:02:23","guid":{"rendered":"https:\/\/codengine3.ch\/?product=import-placeholder-for-202735"},"modified":"2021-01-15T12:38:54","modified_gmt":"2021-01-15T12:38:54","slug":"sommets-de-vanoise","status":"publish","type":"product","link":"https:\/\/pizbube.ch\/en\/shop\/sommets-de-vanoise\/","title":{"rendered":"Sommets de Vanoise"},"content":{"rendered":"<p>Ce livre propose une quarantaine de courses d&#8217;alpinisme faciles dans le<br \/>\ntroisi\u00e8me grand massif des Alpes fran\u00e7aises ainsi que dans sa p\u00e9riph\u00e9rie<br \/>\n(Beaufortain, Ciamarella, vall\u00e9es des Arves). Les itin\u00e9raires d\u00e9crits restent<br \/>\ndans un registre Facile \u00e0 Peu Difficile, essentiellement les grandes<br \/>\nclassiques en neige et sur glacier qui caract\u00e9risent le massif. Mais ce livre<br \/>\nest aussi l&#8217;occasion de faire le point sur quelques voies rocheuses que les<br \/>\nguides locaux ont r\u00e9cemment d\u00e9couvertes et \u00e9quip\u00e9es, un aspect de la Vanoise<br \/>\nnon n\u00e9gligeable, car in\u00e9dit. La personnalit\u00e9 des auteurs, tous deux guides<br \/>\ntr\u00e8s actifs et personnalit\u00e9s locales, l&#8217;un en Maurienne, l&#8217;autre en<br \/>\nTarentaise, constitue l&#8217;un des grands atouts de cet ouvrage  <\/p>","protected":false},"excerpt":{"rendered":"<ul>\n<li><b>INFO: Nachdruck laut Verlag vorgesehen; Temin unbestimmt<b><\/li>\n<\/ul>","protected":false},"featured_media":30176,"template":"","meta":[],"product_brand":[],"product_cat":[21544],"product_tag":[],"class_list":{"0":"post-150465","1":"product","2":"type-product","3":"status-publish","4":"has-post-thumbnail","6":"product_cat-fuehrerliteratur-alpin-sommer","7":"pa_autor-col-vion","8":"pa_erscheinungsjahr-22144","9":"pa_region-frankreich","10":"pa_sprache-fr","12":"first","13":"outofstock","14":"taxable","15":"shipping-taxable","16":"purchasable","17":"product-type-simple"},"_links":{"self":[{"href":"https:\/\/pizbube.ch\/en\/wp-json\/wp\/v2\/product\/150465","targetHints":{"allow":["GET"]}}],"collection":[{"href":"https:\/\/pizbube.ch\/en\/wp-json\/wp\/v2\/product"}],"about":[{"href":"https:\/\/pizbube.ch\/en\/wp-json\/wp\/v2\/types\/product"}],"wp:featuredmedia":[{"embeddable":true,"href":"https:\/\/pizbube.ch\/en\/wp-json\/wp\/v2\/media\/30176"}],"wp:attachment":[{"href":"https:\/\/pizbube.ch\/en\/wp-json\/wp\/v2\/media?parent=150465"}],"wp:term":[{"taxonomy":"product_brand","embeddable":true,"href":"https:\/\/pizbube.ch\/en\/wp-json\/wp\/v2\/product_brand?post=150465"},{"taxonomy":"product_cat","embeddable":true,"href":"https:\/\/pizbube.ch\/en\/wp-json\/wp\/v2\/product_cat?post=150465"},{"taxonomy":"product_tag","embeddable":true,"href":"https:\/\/pizbube.ch\/en\/wp-json\/wp\/v2\/product_tag?post=150465"}],"curies":[{"name":"wp","href":"https:\/\/api.w.org\/{rel}","templated":true}]}}