{"id":150468,"date":"2021-01-15T11:02:27","date_gmt":"2021-01-15T11:02:27","guid":{"rendered":"https:\/\/codengine3.ch\/?product=import-placeholder-for-203444"},"modified":"2021-01-15T14:23:22","modified_gmt":"2021-01-15T14:23:22","slug":"tresmiles-de-los-pirineos-guia-practica-213-cumbres","status":"publish","type":"product","link":"https:\/\/pizbube.ch\/en\/shop\/tresmiles-de-los-pirineos-guia-practica-213-cumbres\/","title":{"rendered":"Tresmiles de los Pirineos. Gu\u00eda pr\u00e1ctica. 213 cumbres"},"content":{"rendered":"<p>Esta obra desea colmar de alguna forma una antigua aspiraci\u00f3n de los<br \/>\nmonta\u00f1eros asiduos de los Pirineos: registrar los tresmiles que conquistaban,<br \/>\nas\u00ed como resumir sus experiencias en ellos. Consta de 213 fichas, una por cada<br \/>\ntresmil; m\u00e1s de doscientas fichas interactivas, de manera que posibilitan tu<br \/>\nparticipaci\u00f3n permitiendo que las puedas ordenar alfab\u00e9ticamente, por altitud<br \/>\no por la fecha de t\u00fa primera ascensi\u00f3n. Cada ficha contiene toda la<br \/>\ninformaci\u00f3n pr\u00e1ctica de cada tresmil: ubicaci\u00f3n, macizo, otras denominaciones,<br \/>\nruta normal, variantes, panor\u00e1mica e interesantes observaciones acerca de su<br \/>\nnombre y conquista, todo ello ilustrado con un mapa de situaci\u00f3n y una<br \/>\nfotograf\u00eda panor\u00e1mica.  <\/p>","protected":false},"excerpt":{"rendered":"<p>Esta obra desea colmar de alguna forma una antigua aspiraci\u00f3n de los monta\u00f1eros asiduos de los Pirineos: registrar los tresmiles que conquistaban, as\u00ed como resumir sus experiencias en ellos. Consta de 213 fichas, una por cada tresmil; m\u00e1s de doscientas fichas interactivas, de manera que posibilitan tu participaci\u00f3n permitiendo que las puedas ordenar alfab\u00e9ticamente, por [&#8230;]\n","protected":false},"featured_media":31055,"template":"","meta":[],"product_brand":[],"product_cat":[21544],"product_tag":[],"class_list":{"0":"post-150468","1":"product","2":"type-product","3":"status-publish","4":"has-post-thumbnail","6":"product_cat-fuehrerliteratur-alpin-sommer","7":"pa_autor-borras","8":"pa_erscheinungsjahr-21920","9":"pa_region-spanien","10":"pa_sprache-sp","12":"first","13":"instock","14":"taxable","15":"shipping-taxable","16":"purchasable","17":"product-type-simple"},"_links":{"self":[{"href":"https:\/\/pizbube.ch\/en\/wp-json\/wp\/v2\/product\/150468","targetHints":{"allow":["GET"]}}],"collection":[{"href":"https:\/\/pizbube.ch\/en\/wp-json\/wp\/v2\/product"}],"about":[{"href":"https:\/\/pizbube.ch\/en\/wp-json\/wp\/v2\/types\/product"}],"wp:featuredmedia":[{"embeddable":true,"href":"https:\/\/pizbube.ch\/en\/wp-json\/wp\/v2\/media\/31055"}],"wp:attachment":[{"href":"https:\/\/pizbube.ch\/en\/wp-json\/wp\/v2\/media?parent=150468"}],"wp:term":[{"taxonomy":"product_brand","embeddable":true,"href":"https:\/\/pizbube.ch\/en\/wp-json\/wp\/v2\/product_brand?post=150468"},{"taxonomy":"product_cat","embeddable":true,"href":"https:\/\/pizbube.ch\/en\/wp-json\/wp\/v2\/product_cat?post=150468"},{"taxonomy":"product_tag","embeddable":true,"href":"https:\/\/pizbube.ch\/en\/wp-json\/wp\/v2\/product_tag?post=150468"}],"curies":[{"name":"wp","href":"https:\/\/api.w.org\/{rel}","templated":true}]}}