{"id":150469,"date":"2021-01-15T11:02:27","date_gmt":"2021-01-15T11:02:27","guid":{"rendered":"https:\/\/codengine3.ch\/?product=import-placeholder-for-202680"},"modified":"2021-01-15T12:38:24","modified_gmt":"2021-01-15T12:38:24","slug":"picos-de-europa-universe-of-rock-vol-3-vertiente-leonesa","status":"publish","type":"product","link":"https:\/\/pizbube.ch\/en\/shop\/picos-de-europa-universe-of-rock-vol-3-vertiente-leonesa\/","title":{"rendered":"Picos de Europa Universe of Rock, Vol. 3 Vertiente Leonesa"},"content":{"rendered":"<p>Universo de roca, nieve y luz: Valent\u00edn Orme\u00f1o, en contra de lo que pudiera<br \/>\nparecer al admirar su obra, es un reci\u00e9n llegado a los Picos de Europa. Se ha<br \/>\nacercado a estas monta\u00f1as atra\u00eddo por la hermosura de sus modelos que posaron<br \/>\npara \u00e9l tranquilamente sin problemas, engalanandose para el momento con sus<br \/>\nropajes m\u00e1s blancos y colore\u00e1ndose con los mejores afeites que el sol, las<br \/>\nsombras y las nieblas pod\u00edan proporcionarles, mostrando de esta manera la<br \/>\npureza de sus l\u00edneas, las distintas texturas de sus conjuntos y sobre todo la<br \/>\nmagnificencia de sus formas, que son las que confieren a estas monta\u00f1as una<br \/>\nsingularidad que deja boquiabiertos a los extra\u00f1os pero que es capaz tambi\u00e9n<br \/>\nde continuar enamorando a los que est\u00e1n acostumbrados a verlas de una forma<br \/>\nm\u00e1s o menos cotidiana.<\/p>","protected":false},"excerpt":{"rendered":"<p>Universo de roca, nieve y luz: Valent\u00edn Orme\u00f1o, en contra de lo que pudiera parecer al admirar su obra, es un reci\u00e9n llegado a los Picos de Europa. Se ha acercado a estas monta\u00f1as atra\u00eddo por la hermosura de sus modelos que posaron para \u00e9l tranquilamente sin problemas, engalanandose para el momento con sus ropajes [&#8230;]\n","protected":false},"featured_media":30110,"template":"","meta":[],"product_brand":[],"product_cat":[21542],"product_tag":[],"class_list":{"0":"post-150469","1":"product","2":"type-product","3":"status-publish","4":"has-post-thumbnail","6":"product_cat-sachbuecher-dokumentationen","7":"pa_autor-ormeno","8":"pa_erscheinungsjahr-21920","9":"pa_region-spanien","10":"pa_sprache-e","11":"pa_sprache-sp","13":"first","14":"instock","15":"taxable","16":"shipping-taxable","17":"purchasable","18":"product-type-simple"},"_links":{"self":[{"href":"https:\/\/pizbube.ch\/en\/wp-json\/wp\/v2\/product\/150469","targetHints":{"allow":["GET"]}}],"collection":[{"href":"https:\/\/pizbube.ch\/en\/wp-json\/wp\/v2\/product"}],"about":[{"href":"https:\/\/pizbube.ch\/en\/wp-json\/wp\/v2\/types\/product"}],"wp:featuredmedia":[{"embeddable":true,"href":"https:\/\/pizbube.ch\/en\/wp-json\/wp\/v2\/media\/30110"}],"wp:attachment":[{"href":"https:\/\/pizbube.ch\/en\/wp-json\/wp\/v2\/media?parent=150469"}],"wp:term":[{"taxonomy":"product_brand","embeddable":true,"href":"https:\/\/pizbube.ch\/en\/wp-json\/wp\/v2\/product_brand?post=150469"},{"taxonomy":"product_cat","embeddable":true,"href":"https:\/\/pizbube.ch\/en\/wp-json\/wp\/v2\/product_cat?post=150469"},{"taxonomy":"product_tag","embeddable":true,"href":"https:\/\/pizbube.ch\/en\/wp-json\/wp\/v2\/product_tag?post=150469"}],"curies":[{"name":"wp","href":"https:\/\/api.w.org\/{rel}","templated":true}]}}