{"id":150470,"date":"2021-01-15T11:02:28","date_gmt":"2021-01-15T11:02:28","guid":{"rendered":"https:\/\/codengine3.ch\/?product=import-placeholder-for-203347"},"modified":"2021-01-15T14:22:20","modified_gmt":"2021-01-15T14:22:20","slug":"pena-santa-la-perla-de-los-picos","status":"publish","type":"product","link":"https:\/\/pizbube.ch\/en\/shop\/pena-santa-la-perla-de-los-picos\/","title":{"rendered":"Pe\u00f1a Santa La perla de los Picos"},"content":{"rendered":"<p>Rodr\u00edguez, autor de la conocida monograf\u00eda sobre el Naranjo de Bulnes,<br \/>\nescalador y gran conocedor de los Picos de Europa, recoge en este tomo toda la<br \/>\nhistoria de la exploraci\u00f3n y escalada en este imponente macizo, cuyas paredes<br \/>\ny aristas atrajeron desde mediados del siglo XIX a personas de la talla de<br \/>\nCasiano de Prado, conde Saint Saud, el Cainejo, Pedro Pidal, Alfonso Mart\u00ednez,<br \/>\nTe\u00f3genes D\u00edaz, \u00c1ngel Tresaco, Pep\u00edn Gonz\u00e1lez Folliot, \u00c1ngel Landa, Pedro<br \/>\nUdaondo, Enrique Herreros y muchos otros. Incluye un ap\u00e9ndice con rese\u00f1as y<br \/>\ncroquis detallados de todas las v\u00edas, trazados sobre fotograf\u00edas en color. Con<br \/>\ntodos los datos pr\u00e1cticos: dificultad, horario, desnivel, material, etc.  <\/p>","protected":false},"excerpt":{"rendered":"<p>Rodr\u00edguez, autor de la conocida monograf\u00eda sobre el Naranjo de Bulnes, escalador y gran conocedor de los Picos de Europa, recoge en este tomo toda la historia de la exploraci\u00f3n y escalada en este imponente macizo, cuyas paredes y aristas atrajeron desde mediados del siglo XIX a personas de la talla de Casiano de Prado, [&#8230;]\n","protected":false},"featured_media":30934,"template":"","meta":[],"product_brand":[],"product_cat":[21542],"product_tag":[],"class_list":{"0":"post-150470","1":"product","2":"type-product","3":"status-publish","4":"has-post-thumbnail","6":"product_cat-sachbuecher-dokumentationen","7":"pa_autor-cubillas","8":"pa_erscheinungsjahr-21920","9":"pa_region-spanien","10":"pa_sprache-sp","12":"first","13":"instock","14":"taxable","15":"shipping-taxable","16":"purchasable","17":"product-type-simple"},"_links":{"self":[{"href":"https:\/\/pizbube.ch\/en\/wp-json\/wp\/v2\/product\/150470","targetHints":{"allow":["GET"]}}],"collection":[{"href":"https:\/\/pizbube.ch\/en\/wp-json\/wp\/v2\/product"}],"about":[{"href":"https:\/\/pizbube.ch\/en\/wp-json\/wp\/v2\/types\/product"}],"wp:featuredmedia":[{"embeddable":true,"href":"https:\/\/pizbube.ch\/en\/wp-json\/wp\/v2\/media\/30934"}],"wp:attachment":[{"href":"https:\/\/pizbube.ch\/en\/wp-json\/wp\/v2\/media?parent=150470"}],"wp:term":[{"taxonomy":"product_brand","embeddable":true,"href":"https:\/\/pizbube.ch\/en\/wp-json\/wp\/v2\/product_brand?post=150470"},{"taxonomy":"product_cat","embeddable":true,"href":"https:\/\/pizbube.ch\/en\/wp-json\/wp\/v2\/product_cat?post=150470"},{"taxonomy":"product_tag","embeddable":true,"href":"https:\/\/pizbube.ch\/en\/wp-json\/wp\/v2\/product_tag?post=150470"}],"curies":[{"name":"wp","href":"https:\/\/api.w.org\/{rel}","templated":true}]}}