{"id":150472,"date":"2021-01-15T11:02:28","date_gmt":"2021-01-15T11:02:28","guid":{"rendered":"https:\/\/codengine3.ch\/?product=import-placeholder-for-200965"},"modified":"2021-01-15T11:02:30","modified_gmt":"2021-01-15T11:02:30","slug":"la-chaine-du-mont-blanc-guide-vallot-1","status":"publish","type":"product","link":"https:\/\/pizbube.ch\/en\/shop\/la-chaine-du-mont-blanc-guide-vallot-1\/","title":{"rendered":"la chaine du Mont Blanc (Guide Vallot) 1"},"content":{"rendered":"<p>**S\u00e9lection de voies (westlich des Col du G\u00e9ant):**<br \/>\n\u00c0 l&#8217;ouest du col du G\u00e9ant. Le guide Vallot! Nom magique, symbole m\u00eame du topo-<br \/>\nguide, la r\u00e9f\u00e9rence. On l&#8217;a m\u00eame surnomm\u00e9 la Bible de l&#8217;alpinisme. Depuis sa<br \/>\nderni\u00e8re \u00e9dition, de nombreux itin\u00e9raires ont \u00e9t\u00e9 ouverts, d&#8217;autres plus<br \/>\nanciens sont aujourd&#8217;hui parcourus en escalier libre. II convenait d&#8217;en<br \/>\nproposer une s\u00e9lection \u00e0 un public sans cesse renouvel\u00e9. Ascensions<br \/>\nclassiques, ou en passe de le devenir, itin\u00e9raires nouveaux en rocher ou en<br \/>\nglace, jusqu&#8217;aux plus difficiles, un choix large et diversifi\u00e9 de courses dans<br \/>\nle secteur ouest de la cha\u00eene du Mont-Blanc est pr\u00e9sent\u00e9 dans ce premier<br \/>\nvolume.<\/p>\n<p>Des grands itin\u00e9raires en altitude menant au prestigieux sommet du mont Blanc,<br \/>\njusqu&#8217;aux escalades rocheuses modernes des Aiguilles de Chamonix ou des<br \/>\nfl\u00e8ches granitiques bordant la Vall\u00e9e Blanche, chaque amoureux du grand massif<br \/>\nsaura d\u00e9couvrir- ou retrouver- les sensations uniques ressenties dans la<br \/>\npratique de l&#8217;alpinisme. Plus intens\u00e9ment encore en ces lieux o\u00f9 naquit cette<br \/>\nactivit\u00e9 passionnelle. 43 photographies illustrent les itin\u00e9raires.  <\/p>","protected":false},"excerpt":{"rendered":"<p>**S\u00e9lection de voies (westlich des Col du G\u00e9ant):** \u00c0 l&#8217;ouest du col du G\u00e9ant. Le guide Vallot! Nom magique, symbole m\u00eame du topo- guide, la r\u00e9f\u00e9rence. On l&#8217;a m\u00eame surnomm\u00e9 la Bible de l&#8217;alpinisme. Depuis sa derni\u00e8re \u00e9dition, de nombreux itin\u00e9raires ont \u00e9t\u00e9 ouverts, d&#8217;autres plus anciens sont aujourd&#8217;hui parcourus en escalier libre. II convenait [&#8230;]\n","protected":false},"featured_media":28106,"template":"","meta":[],"product_brand":[],"product_cat":[21544],"product_tag":[],"class_list":{"0":"post-150472","1":"product","2":"type-product","3":"status-publish","4":"has-post-thumbnail","6":"product_cat-fuehrerliteratur-alpin-sommer","7":"pa_autor-labande","8":"pa_erscheinungsjahr-22151","9":"pa_region-frankreich","10":"pa_sprache-fr","12":"first","13":"outofstock","14":"taxable","15":"shipping-taxable","16":"purchasable","17":"product-type-simple"},"_links":{"self":[{"href":"https:\/\/pizbube.ch\/en\/wp-json\/wp\/v2\/product\/150472","targetHints":{"allow":["GET"]}}],"collection":[{"href":"https:\/\/pizbube.ch\/en\/wp-json\/wp\/v2\/product"}],"about":[{"href":"https:\/\/pizbube.ch\/en\/wp-json\/wp\/v2\/types\/product"}],"wp:featuredmedia":[{"embeddable":true,"href":"https:\/\/pizbube.ch\/en\/wp-json\/wp\/v2\/media\/28106"}],"wp:attachment":[{"href":"https:\/\/pizbube.ch\/en\/wp-json\/wp\/v2\/media?parent=150472"}],"wp:term":[{"taxonomy":"product_brand","embeddable":true,"href":"https:\/\/pizbube.ch\/en\/wp-json\/wp\/v2\/product_brand?post=150472"},{"taxonomy":"product_cat","embeddable":true,"href":"https:\/\/pizbube.ch\/en\/wp-json\/wp\/v2\/product_cat?post=150472"},{"taxonomy":"product_tag","embeddable":true,"href":"https:\/\/pizbube.ch\/en\/wp-json\/wp\/v2\/product_tag?post=150472"}],"curies":[{"name":"wp","href":"https:\/\/api.w.org\/{rel}","templated":true}]}}