{"id":150475,"date":"2021-01-15T11:02:28","date_gmt":"2021-01-15T11:02:28","guid":{"rendered":"https:\/\/codengine3.ch\/?product=import-placeholder-for-200982"},"modified":"2021-01-15T11:02:38","modified_gmt":"2021-01-15T11:02:38","slug":"mont-blanc-gruppe","status":"publish","type":"product","link":"https:\/\/pizbube.ch\/en\/shop\/mont-blanc-gruppe\/","title":{"rendered":"Mont Blanc Gruppe"},"content":{"rendered":"<p>Gebietsf\u00fchrer f\u00fcr Bergsteiger und Kletterer: beschrieben sind H\u00fctten und<br \/>\nandere St\u00fctzpunkte, Gipfel mit Normal- und Kletteranstiegen, Kletterg\u00e4rten,<br \/>\nH\u00f6henwege. Viele Routenfotos und Topos. Eberlein hat die vorliegende Auflage<br \/>\nin den wichtigsten Punkten aktualisiert und weist darauf hin, dass Bergst\u00fcrze<br \/>\nwie am Dru und an der Brenvaflanke sowie die weiteren Gletscherr\u00fcckg\u00e4nge vom<br \/>\nBergsteiger Flexibilit\u00e4t, auch bei der Tourenauswahl, erfordern.  <\/p>\n<p>Dank seiner zahlreichen Abbildungen mit exakt eingetragenem Routenverlauf<br \/>\nsowie einer Vielzahl von detaillierten Anstiegsskizzen wird der Gebietsf\u00fchrer<br \/>\nMont-Blanc-Gruppe allen alpinistischen Anspr\u00fcchen voll gerecht.<br \/>\n\u00dcberarbeitete 10. Auflg. 2005  <\/p>","protected":false},"excerpt":{"rendered":"<ul>\n<li><b>INFO: 11. Auflage erscheint laut Verlag im Juni 2013<b><\/li>\n<\/ul>","protected":false},"featured_media":28129,"template":"","meta":[],"product_brand":[],"product_cat":[21544],"product_tag":[],"class_list":{"0":"post-150475","1":"product","2":"type-product","3":"status-publish","4":"has-post-thumbnail","6":"product_cat-fuehrerliteratur-alpin-sommer","7":"pa_autor-eberlein","8":"pa_erscheinungsjahr-21776","9":"pa_region-frankreich","10":"pa_sprache-de","12":"first","13":"outofstock","14":"taxable","15":"shipping-taxable","16":"purchasable","17":"product-type-simple"},"_links":{"self":[{"href":"https:\/\/pizbube.ch\/en\/wp-json\/wp\/v2\/product\/150475","targetHints":{"allow":["GET"]}}],"collection":[{"href":"https:\/\/pizbube.ch\/en\/wp-json\/wp\/v2\/product"}],"about":[{"href":"https:\/\/pizbube.ch\/en\/wp-json\/wp\/v2\/types\/product"}],"wp:featuredmedia":[{"embeddable":true,"href":"https:\/\/pizbube.ch\/en\/wp-json\/wp\/v2\/media\/28129"}],"wp:attachment":[{"href":"https:\/\/pizbube.ch\/en\/wp-json\/wp\/v2\/media?parent=150475"}],"wp:term":[{"taxonomy":"product_brand","embeddable":true,"href":"https:\/\/pizbube.ch\/en\/wp-json\/wp\/v2\/product_brand?post=150475"},{"taxonomy":"product_cat","embeddable":true,"href":"https:\/\/pizbube.ch\/en\/wp-json\/wp\/v2\/product_cat?post=150475"},{"taxonomy":"product_tag","embeddable":true,"href":"https:\/\/pizbube.ch\/en\/wp-json\/wp\/v2\/product_tag?post=150475"}],"curies":[{"name":"wp","href":"https:\/\/api.w.org\/{rel}","templated":true}]}}