{"id":150477,"date":"2021-01-15T11:02:28","date_gmt":"2021-01-15T11:02:28","guid":{"rendered":"https:\/\/codengine3.ch\/?product=import-placeholder-for-201128"},"modified":"2025-09-03T12:27:22","modified_gmt":"2025-09-03T10:27:22","slug":"aostatal-die-schoensten-tal-und-hoehenwanderungen","status":"publish","type":"product","link":"https:\/\/pizbube.ch\/en\/shop\/aostatal-die-schoensten-tal-und-hoehenwanderungen\/","title":{"rendered":"Aostatal &#8211; 50 Touren \u2013 mit Alta Via 1 und 2, Tour Matterhorn, Tour Monte Rosa und dem Gro\u00dfen Walserweg"},"content":{"rendered":"<p><span class=\"value\">Eingerahmt von den h\u00f6chsten Gipfeln der Alpen ist das Aostatal ein wahres Wanderparadies. Nirgendwo sonst liegen saftig-gr\u00fcne Almwiesen und majest\u00e4tische Gletscher so nah beieinander. Der Rother Wanderf\u00fchrer Aostatal stellt 50 der sch\u00f6nsten Touren in den beeindruckenden Hocht\u00e4lern zwischen Gran Paradiso, Mont Blanc, Matterhorn und Monte Rosa vor.<\/span><\/p>\n<p>Die landschaftlichen Kontraste des Aostatals sind faszinierend: Die Vegetation reicht von mediterranen Kastanienw\u00e4ldern bis hin zu arktisch-alpinen Hochfl\u00e4chen. Die Wanderungen f\u00fchren auf die sonnenverw\u00f6hnte S\u00fcdseite der Walliser Alpen und in den italienischen Teil des Mont-Blanc-Massivs. Auch die beeindruckende Rutor-Gruppe l\u00e4dt zu unvergesslichen Bergtouren ein.<\/p>\n<p>Ein besonderes Highlight sind die mehrt\u00e4gigen Trekkingrouten: Die Alta Via 1 von Gressoney nach Courmayeur und die Alta Via 2 von Courmayeur nach Champorcher durchqueren die Region und lassen Wanderer tief in die spektakul\u00e4re Bergwelt eintauchen. Ebenso reizvoll sind die dreit\u00e4gigen H\u00fcttentouren am Matterhorn und Monte Rosa \u2013 ein Erlebnis f\u00fcr alle, die die Faszination der Alpen hautnah erleben m\u00f6chten. Mit etwas Gl\u00fcck lassen sich Steinb\u00f6cke beobachten, und immer wieder begegnet man unterwegs den kulturellen Spuren der Walser, deren traditionsreiche Bergbauernkultur heute selten geworden ist.<\/p>\n<p>Der Rother Wanderf\u00fchrer Aostatal bietet f\u00fcr jeden Anspruch die passende Tour \u2013 von gem\u00fctlichen Wanderungen im malerischen Tal bis hin zu anspruchsvollen Bergtouren. Pr\u00e4zise Wegbeschreibungen, detaillierte Wanderkarten mit eingezeichnetem Routenverlauf, aussagekr\u00e4ftige H\u00f6henprofile und gepr\u00fcfte GPS-Tracks zum Download sorgen f\u00fcr eine zuverl\u00e4ssige Planung und Orientierung. Fast alle Ausgangspunkte in diesem Wanderf\u00fchrer sind mit \u00f6ffentlichen Verkehrsmitteln erreichbar. Zahlreiche Tipps runden das Buch ab und machen es zum idealen Begleiter f\u00fcr einen gelungenen Wanderurlaub im Aostatal.<\/p>\n<p>49 Wanderk\u00e4rtchen im Ma\u00dfstab 1:50.000 und 1:100.000, ein Stadtplan im Ma\u00dfstab 1:7.500 sowie zwei \u00dcbersichtskarten im Ma\u00dfstab 1:500.000 und 1:600.000<br \/>\n8., aktualisierte Auflage 2025<\/p>","protected":false},"excerpt":{"rendered":"<p>Eingerahmt von den h\u00f6chsten Gipfeln der Alpen ist das Aostatal ein wahres Wanderparadies. Nirgendwo sonst liegen saftig-gr\u00fcne Almwiesen und majest\u00e4tische Gletscher so nah beieinander. Der Rother Wanderf\u00fchrer Aostatal stellt 50 der sch\u00f6nsten Touren in den beeindruckenden Hocht\u00e4lern zwischen Gran Paradiso, Mont Blanc, Matterhorn und Monte Rosa vor. Die landschaftlichen Kontraste des Aostatals sind faszinierend: Die [&#8230;]\n","protected":false},"featured_media":181199,"template":"","meta":[],"product_brand":[],"product_cat":[21605],"product_tag":[],"class_list":{"0":"post-150477","1":"product","2":"type-product","3":"status-publish","4":"has-post-thumbnail","6":"product_cat-wanderfuehrer-trekking","7":"pa_autor-fuehrer","8":"pa_erscheinungsjahr-27415","9":"pa_region-italien","10":"pa_sprache-de","12":"first","13":"instock","14":"taxable","15":"shipping-taxable","16":"purchasable","17":"product-type-simple"},"_links":{"self":[{"href":"https:\/\/pizbube.ch\/en\/wp-json\/wp\/v2\/product\/150477","targetHints":{"allow":["GET"]}}],"collection":[{"href":"https:\/\/pizbube.ch\/en\/wp-json\/wp\/v2\/product"}],"about":[{"href":"https:\/\/pizbube.ch\/en\/wp-json\/wp\/v2\/types\/product"}],"wp:featuredmedia":[{"embeddable":true,"href":"https:\/\/pizbube.ch\/en\/wp-json\/wp\/v2\/media\/181199"}],"wp:attachment":[{"href":"https:\/\/pizbube.ch\/en\/wp-json\/wp\/v2\/media?parent=150477"}],"wp:term":[{"taxonomy":"product_brand","embeddable":true,"href":"https:\/\/pizbube.ch\/en\/wp-json\/wp\/v2\/product_brand?post=150477"},{"taxonomy":"product_cat","embeddable":true,"href":"https:\/\/pizbube.ch\/en\/wp-json\/wp\/v2\/product_cat?post=150477"},{"taxonomy":"product_tag","embeddable":true,"href":"https:\/\/pizbube.ch\/en\/wp-json\/wp\/v2\/product_tag?post=150477"}],"curies":[{"name":"wp","href":"https:\/\/api.w.org\/{rel}","templated":true}]}}