{"id":150482,"date":"2021-01-15T11:02:28","date_gmt":"2021-01-15T11:02:28","guid":{"rendered":"https:\/\/codengine3.ch\/?product=import-placeholder-for-202831"},"modified":"2025-06-26T12:26:20","modified_gmt":"2025-06-26T10:26:20","slug":"parco-nazionale-gran-paradiso-valle-daosta-valle-dellorco-150000","status":"publish","type":"product","link":"https:\/\/pizbube.ch\/en\/shop\/parco-nazionale-gran-paradiso-valle-daosta-valle-dellorco-150000\/","title":{"rendered":"Parco Nazionale Gran Paradiso, Valle d&#8217;Aosta, Valle dell&#8217;Orco. 1:50&#8217;000"},"content":{"rendered":"<p>Wander- und Skiroutenkarte 1: 50 000; Blatt 86<\/p>\n<p>Parco Nazionale Gran Paradiso, Valle d&#8217;Aosta, Valle dell&#8217;Orco. 1:50&#8217;000<br \/>\n4in1 Wanderkarte<\/p>\n<p>Itinerari sci alpinismo. Beilage: Kurzf\u00fchrer deutsch. In Plastikh\u00fclle. 116 g.<br \/>\n32 S.<\/p>\n<p>gefaltete (Land)Karte<br \/>\nmit Download-M\u00f6glichkeit Kompass-App; Mit Aktiv Guide mit Outdoor Themen,<br \/>\nDetailkarten, Wandertouren und farb. Abb.<\/p>","protected":false},"excerpt":{"rendered":"<p>Wander- und Skiroutenkarte 1: 50 000; Blatt 86 Parco Nazionale Gran Paradiso, Valle d&#8217;Aosta, Valle dell&#8217;Orco. 1:50&#8217;000 4in1 Wanderkarte Itinerari sci alpinismo. Beilage: Kurzf\u00fchrer deutsch. In Plastikh\u00fclle. 116 g. 32 S. gefaltete (Land)Karte mit Download-M\u00f6glichkeit Kompass-App; Mit Aktiv Guide mit Outdoor Themen, Detailkarten, Wandertouren und farb. Abb.<\/p>","protected":false},"featured_media":180219,"template":"","meta":[],"product_brand":[],"product_cat":[21543],"product_tag":[],"class_list":{"0":"post-150482","1":"product","2":"type-product","3":"status-publish","4":"has-post-thumbnail","6":"product_cat-landkarten","7":"pa_autor-kompass","8":"pa_erscheinungsjahr-27339","9":"pa_region-italien","10":"pa_sprache-de-it","12":"first","13":"instock","14":"taxable","15":"shipping-taxable","16":"purchasable","17":"product-type-simple"},"_links":{"self":[{"href":"https:\/\/pizbube.ch\/en\/wp-json\/wp\/v2\/product\/150482","targetHints":{"allow":["GET"]}}],"collection":[{"href":"https:\/\/pizbube.ch\/en\/wp-json\/wp\/v2\/product"}],"about":[{"href":"https:\/\/pizbube.ch\/en\/wp-json\/wp\/v2\/types\/product"}],"wp:featuredmedia":[{"embeddable":true,"href":"https:\/\/pizbube.ch\/en\/wp-json\/wp\/v2\/media\/180219"}],"wp:attachment":[{"href":"https:\/\/pizbube.ch\/en\/wp-json\/wp\/v2\/media?parent=150482"}],"wp:term":[{"taxonomy":"product_brand","embeddable":true,"href":"https:\/\/pizbube.ch\/en\/wp-json\/wp\/v2\/product_brand?post=150482"},{"taxonomy":"product_cat","embeddable":true,"href":"https:\/\/pizbube.ch\/en\/wp-json\/wp\/v2\/product_cat?post=150482"},{"taxonomy":"product_tag","embeddable":true,"href":"https:\/\/pizbube.ch\/en\/wp-json\/wp\/v2\/product_tag?post=150482"}],"curies":[{"name":"wp","href":"https:\/\/api.w.org\/{rel}","templated":true}]}}