{"id":150484,"date":"2021-01-15T11:02:28","date_gmt":"2021-01-15T11:02:28","guid":{"rendered":"https:\/\/codengine3.ch\/?product=import-placeholder-for-203565"},"modified":"2023-03-30T13:48:59","modified_gmt":"2023-03-30T11:48:59","slug":"orizzonti-bianchi-itinerari-scelti-di-sci-alpinismo-in-valle-d-aosta-vol-1","status":"publish","type":"product","link":"https:\/\/pizbube.ch\/en\/shop\/orizzonti-bianchi-itinerari-scelti-di-sci-alpinismo-in-valle-d-aosta-vol-1\/","title":{"rendered":"Orizzonti bianchi &#8211; Itinerari scelti di sci alpinismo in Valle d&#8216; Aosta vol. 1"},"content":{"rendered":"<p>Ogni gita \u00e8 presentata corredata da una cartina topografica della ditta<br \/>\naustriaca Kompass, su cui \u00e8 stato disegnato il percorso da seguire. Inoltre<br \/>\nper ogni gita \u00e8 prevista anche una spettacolare foto panoramica, quasi sempre<br \/>\naerea, con evidenziato l&#8217;itinerario e le diverse opzioni di discesa. Non<br \/>\nmancano anche le belle foto di azione forniteci da diverse guide alpine ed<br \/>\nappassionati.<\/p>\n<p>Une s\u00e9lection des meilleurs itin\u00e9raires de ski de randonn\u00e9e en<br \/>\nVall\u00e9e d&#8217;Aoste; Valpelline; Gressoney; Ayas; Valtournenche; Bionaz; Doues;<br \/>\nSaint Rh\u00e9my en Bosses;<br \/>\nCourmayeur; La Thuile, Valsavarenche; Valgrisenche, Cogne; Champorcher.<\/p>\n<p>97 itin\u00e9raires illustr\u00e9s par photo panoramique et carte topographique;<br \/>\ndes dizaines de photos spectaculaires;<br \/>\ntextes excusivement en langue italienne.<br \/>\n256 pages en couleurs.<\/p>","protected":false},"excerpt":{"rendered":"<p>Ogni gita \u00e8 presentata corredata da una cartina topografica della ditta austriaca Kompass, su cui \u00e8 stato disegnato il percorso da seguire. Inoltre per ogni gita \u00e8 prevista anche una spettacolare foto panoramica, quasi sempre aerea, con evidenziato l&#8217;itinerario e le diverse opzioni di discesa. Non mancano anche le belle foto di azione forniteci da [&#8230;]\n","protected":false},"featured_media":160717,"template":"","meta":[],"product_brand":[],"product_cat":[21540],"product_tag":[27198],"class_list":{"0":"post-150484","1":"product","2":"type-product","3":"status-publish","4":"has-post-thumbnail","6":"product_cat-fuehrerliteratur-alpin-winter","7":"product_tag-gran-paradiso","8":"pa_autor-mezzavilla-pellissier","9":"pa_erscheinungsjahr-21550","10":"pa_region-italien","11":"pa_sprache-it","13":"first","14":"instock","15":"taxable","16":"shipping-taxable","17":"purchasable","18":"product-type-simple"},"_links":{"self":[{"href":"https:\/\/pizbube.ch\/en\/wp-json\/wp\/v2\/product\/150484","targetHints":{"allow":["GET"]}}],"collection":[{"href":"https:\/\/pizbube.ch\/en\/wp-json\/wp\/v2\/product"}],"about":[{"href":"https:\/\/pizbube.ch\/en\/wp-json\/wp\/v2\/types\/product"}],"wp:featuredmedia":[{"embeddable":true,"href":"https:\/\/pizbube.ch\/en\/wp-json\/wp\/v2\/media\/160717"}],"wp:attachment":[{"href":"https:\/\/pizbube.ch\/en\/wp-json\/wp\/v2\/media?parent=150484"}],"wp:term":[{"taxonomy":"product_brand","embeddable":true,"href":"https:\/\/pizbube.ch\/en\/wp-json\/wp\/v2\/product_brand?post=150484"},{"taxonomy":"product_cat","embeddable":true,"href":"https:\/\/pizbube.ch\/en\/wp-json\/wp\/v2\/product_cat?post=150484"},{"taxonomy":"product_tag","embeddable":true,"href":"https:\/\/pizbube.ch\/en\/wp-json\/wp\/v2\/product_tag?post=150484"}],"curies":[{"name":"wp","href":"https:\/\/api.w.org\/{rel}","templated":true}]}}