{"id":150488,"date":"2021-01-15T11:02:28","date_gmt":"2021-01-15T11:02:28","guid":{"rendered":"https:\/\/codengine3.ch\/?product=import-placeholder-for-208429"},"modified":"2023-06-17T14:07:49","modified_gmt":"2023-06-17T12:07:49","slug":"gran-paradiso-wandern-auf-der-piemontesischen-seite-des-nationalparks","status":"publish","type":"product","link":"https:\/\/pizbube.ch\/en\/shop\/gran-paradiso-wandern-auf-der-piemontesischen-seite-des-nationalparks\/","title":{"rendered":"Gran Paradiso &#8211; Wandern auf der piemontesischen Seite des Nationalparks"},"content":{"rendered":"<p>Das wilde Piemont entdecken &#8211; \u00dcber Stock und Stein, durch einsame T\u00e4ler und<br \/>\ndurch schmucke D\u00f6rfer:<br \/>\nUnterwegs auf k\u00f6niglichen Wegen im Gran-Paradiso-Nationalpark<\/p>\n<p>Die Landschaft ist steil und wild. Es dominiert die gro\u00dfartige<br \/>\nHochgebirgsnatur mit scharfen Gipfelgraten und steilen Felsw\u00e4nden aus hartem<br \/>\nGneis-Gestein, Gletschern, Schuttfeldern, Karseen. Die k\u00f6niglichen Jagdwege<br \/>\nund andere historische Pfade mit fantastischen Aussichten erm\u00f6glichen es den<br \/>\nWandernden, eine faszinierende Gebirgslandschaft mit artenreicher Flora und<br \/>\nFauna zu erleben, die aber auch eindr\u00fcckliche Zeugnisse menschlichen Lebens im<br \/>\nHochgebirge bereith\u00e4lt, etwa weitl\u00e4ufige Alpgebiete, gut erhaltene Ortschaften<br \/>\nund religi\u00f6se Bauwerke. Ausgesuchte Osterien servieren die vorz\u00fcgliche K\u00fcche<br \/>\ndes Piemonts.<\/p>\n<p>Der Nationalpark Gran Paradiso liegt zu beinahe gleich gro\u00dfen Teilen in der<br \/>\nAutonomen Region Valle d\u2019Aosta und in der Region Piemont. W\u00e4hrend der<br \/>\nvaldostanische Teil dieses Nationalparks gut erschlossen ist, liegt der<br \/>\npiemontesische Teil noch ganz im Abseits. Dieser Wanderf\u00fchrer beschreibt eine<br \/>\nneunt\u00e4tige Wanderung, die erst am Rande des Nationalparks entlang, sp\u00e4ter<br \/>\ndurch den Nationalpark vom Soana-Tal ins Orco-Tal f\u00fchrt. Vom Ende jeder<br \/>\nTagesetappe wird jeweils ein Tagesausflug in den Kern des Nationalparks<br \/>\nbeschrieben. Zus\u00e4tzlich wird eine hochalpine Variante mit f\u00fcnf Etappen<br \/>\nvorgestellt.<\/p>","protected":false},"excerpt":{"rendered":"<p>Das wilde Piemont entdecken &#8211; \u00dcber Stock und Stein, durch einsame T\u00e4ler und durch schmucke D\u00f6rfer: Unterwegs auf k\u00f6niglichen Wegen im Gran-Paradiso-Nationalpark Die Landschaft ist steil und wild. Es dominiert die gro\u00dfartige Hochgebirgsnatur mit scharfen Gipfelgraten und steilen Felsw\u00e4nden aus hartem Gneis-Gestein, Gletschern, Schuttfeldern, Karseen. Die k\u00f6niglichen Jagdwege und andere historische Pfade mit fantastischen Aussichten [&#8230;]\n","protected":false},"featured_media":40189,"template":"","meta":[],"product_brand":[],"product_cat":[21605],"product_tag":[],"class_list":{"0":"post-150488","1":"product","2":"type-product","3":"status-publish","4":"has-post-thumbnail","6":"product_cat-wanderfuehrer-trekking","7":"pa_autor-baetzing-kleider","8":"pa_erscheinungsjahr-21568","9":"pa_region-italien","10":"pa_sprache-de","12":"first","13":"instock","14":"taxable","15":"shipping-taxable","16":"purchasable","17":"product-type-simple"},"_links":{"self":[{"href":"https:\/\/pizbube.ch\/en\/wp-json\/wp\/v2\/product\/150488","targetHints":{"allow":["GET"]}}],"collection":[{"href":"https:\/\/pizbube.ch\/en\/wp-json\/wp\/v2\/product"}],"about":[{"href":"https:\/\/pizbube.ch\/en\/wp-json\/wp\/v2\/types\/product"}],"wp:featuredmedia":[{"embeddable":true,"href":"https:\/\/pizbube.ch\/en\/wp-json\/wp\/v2\/media\/40189"}],"wp:attachment":[{"href":"https:\/\/pizbube.ch\/en\/wp-json\/wp\/v2\/media?parent=150488"}],"wp:term":[{"taxonomy":"product_brand","embeddable":true,"href":"https:\/\/pizbube.ch\/en\/wp-json\/wp\/v2\/product_brand?post=150488"},{"taxonomy":"product_cat","embeddable":true,"href":"https:\/\/pizbube.ch\/en\/wp-json\/wp\/v2\/product_cat?post=150488"},{"taxonomy":"product_tag","embeddable":true,"href":"https:\/\/pizbube.ch\/en\/wp-json\/wp\/v2\/product_tag?post=150488"}],"curies":[{"name":"wp","href":"https:\/\/api.w.org\/{rel}","templated":true}]}}