{"id":150490,"date":"2021-01-15T11:02:29","date_gmt":"2021-01-15T11:02:29","guid":{"rendered":"https:\/\/codengine3.ch\/?product=import-placeholder-for-203472"},"modified":"2021-01-15T14:23:38","modified_gmt":"2021-01-15T14:23:38","slug":"150-arrampicate-scelte-in-moiazza","status":"publish","type":"product","link":"https:\/\/pizbube.ch\/en\/shop\/150-arrampicate-scelte-in-moiazza\/","title":{"rendered":"150 arrampicate scelte in MOIAZZA"},"content":{"rendered":"<p>Moiazza: massiccio a cavallo tra la valle Agordina e l&#8217;anello Zoldano, pu\u00f2<br \/>\nconsiderarsi propaggine Sud del gruppo del Civetta.<br \/>\nLa guida contiene 150 relazioni di vie classiche e moderne, complete di<br \/>\nschizzi dettagliati. Questa pubblicazione, pur non essendo una guida completa<br \/>\ndella Moiazza, ne sintetizza le salite di maggior rilievo alpinistico; salite<br \/>\nsituate nei versanti meridionali, occidentali e nel sottogruppo del Framont.<br \/>\nLa conoscenza alpinistica del gruppo della Moiazza \u00e8 notevolmente cresciuta<br \/>\nnegli ultimi anni e le sue cime assolate, sono molto frequentate da alpinisti<br \/>\ndi ogni dove. La sua notoriet\u00e0 si \u00e8 per\u00f2 limitata al versante meridionale,<br \/>\nmentre tutto il ramo occidentale ed il Framont \u00e8 stato praticato da una<br \/>\nristretta cerchia di alpinisti che, nel corso degli anni, hanno riscoperto le<br \/>\nvecchie salite ed hanno aperto su queste rocce numerosi nuovi itinerari<\/p>","protected":false},"excerpt":{"rendered":"<p>Moiazza: massiccio a cavallo tra la valle Agordina e l&#8217;anello Zoldano, pu\u00f2 considerarsi propaggine Sud del gruppo del Civetta. La guida contiene 150 relazioni di vie classiche e moderne, complete di schizzi dettagliati. Questa pubblicazione, pur non essendo una guida completa della Moiazza, ne sintetizza le salite di maggior rilievo alpinistico; salite situate nei versanti [&#8230;]\n","protected":false},"featured_media":31089,"template":"","meta":[],"product_brand":[],"product_cat":[21539],"product_tag":[],"class_list":{"0":"post-150490","1":"product","2":"type-product","3":"status-publish","4":"has-post-thumbnail","6":"product_cat-fuehrerliteratur-sportklettern-bouldern","7":"pa_autor-santomaso","8":"pa_erscheinungsjahr-22292","9":"pa_region-italien","10":"pa_sprache-it","12":"first","13":"outofstock","14":"taxable","15":"shipping-taxable","16":"purchasable","17":"product-type-simple"},"_links":{"self":[{"href":"https:\/\/pizbube.ch\/en\/wp-json\/wp\/v2\/product\/150490","targetHints":{"allow":["GET"]}}],"collection":[{"href":"https:\/\/pizbube.ch\/en\/wp-json\/wp\/v2\/product"}],"about":[{"href":"https:\/\/pizbube.ch\/en\/wp-json\/wp\/v2\/types\/product"}],"wp:featuredmedia":[{"embeddable":true,"href":"https:\/\/pizbube.ch\/en\/wp-json\/wp\/v2\/media\/31089"}],"wp:attachment":[{"href":"https:\/\/pizbube.ch\/en\/wp-json\/wp\/v2\/media?parent=150490"}],"wp:term":[{"taxonomy":"product_brand","embeddable":true,"href":"https:\/\/pizbube.ch\/en\/wp-json\/wp\/v2\/product_brand?post=150490"},{"taxonomy":"product_cat","embeddable":true,"href":"https:\/\/pizbube.ch\/en\/wp-json\/wp\/v2\/product_cat?post=150490"},{"taxonomy":"product_tag","embeddable":true,"href":"https:\/\/pizbube.ch\/en\/wp-json\/wp\/v2\/product_tag?post=150490"}],"curies":[{"name":"wp","href":"https:\/\/api.w.org\/{rel}","templated":true}]}}