{"id":150496,"date":"2021-01-15T11:02:29","date_gmt":"2021-01-15T11:02:29","guid":{"rendered":"https:\/\/codengine3.ch\/?product=import-placeholder-for-200974"},"modified":"2022-08-26T15:35:02","modified_gmt":"2022-08-26T13:35:02","slug":"allgaeuer-alpen-und-ammergauer-alpen","status":"publish","type":"product","link":"https:\/\/pizbube.ch\/en\/shop\/allgaeuer-alpen-und-ammergauer-alpen\/","title":{"rendered":"Allg\u00e4uer Alpen und Ammergauer Alpen"},"content":{"rendered":"<p>Alpenvereinsf\u00fchrer alpin ;<br \/>\nDie Allg\u00e4uer Alpen und die Tannheimer Berge z\u00e4hlen zu den beliebtesten und<br \/>\ndementsprechend frequentiertesten Urlaubsregionen des gesamten Alpenraumes,<br \/>\nwas auch die seit 1925 bereits 16. Auflage dieses Alpenvereinsf\u00fchrers<br \/>\neindrucksvoll belegen kann. Dabei sind die Berge im \u00e4u\u00dfersten S\u00fcden<br \/>\nDeutschlands &#8211; im weiten Rund um den bekannten Ferienort Oberstdorf &#8211; ihrem<br \/>\nCharakter nach so unterschiedlich, wie man es sich nur vorstellen kann.<\/p>\n<p>Besonders urspr\u00fcnglich und in weiten Teilen au\u00dfergew\u00f6hnlich still sind die<br \/>\n\u00f6stlich anschlie\u00dfenden Ammergauer Alpen zwischen F\u00fcssen und Garmisch-<br \/>\nPartenkirchen, in denen die pr\u00e4genden Gipfel der Bergsilhouette \u00fcber dem<br \/>\nOstallg\u00e4uer Ferienparadies um K\u00f6nig Ludwigs Schloss Neuschwanstein liegen.<br \/>\nAllg\u00e4uer Alpen, Ammergauer Alpen und Tannheimer Berge werden mit dieser<br \/>\nAuflage erstmals in einem Band beschrieben.<\/p>\n<p>Der Autor Dieter Seibert hat es sich zu eigen gemacht, \u00fcber die n\u00fcchternen<br \/>\nInformationen der Tourenbeschreibungen moderner F\u00fchrerwerke hinaus jeweils<br \/>\nauch Auskunft zu geben \u00fcber das Typische eines Gipfels und den Charakter einer<br \/>\nRoute. Dennoch ist dieser Alpenvereinsf\u00fchrer der grundlegende F\u00fchrer f\u00fcr das<br \/>\nGebiet zwischen Bregenzerwald und Loisachtal, zwischen Hochtannbergpass und<br \/>\ndem Alpenrand. Die besondere St\u00e4rke des Buches liegt in der Erfassung und<br \/>\nBeschreibung aller Zustiege, Verbindungswege und Gipfelanstiege- vom<br \/>\nbefestigten Wanderweg bis zur leichten Kletterroute im 2. Schwierigkeitsgrad.<\/p>","protected":false},"excerpt":{"rendered":"<ul>\n<li><a href=\"https:\/\/pizbube.ch\/wp-content\/uploads\/attachments\/a_021\/6B86A1E90EE4A2E1EC57A3A4B1F01675.pdf\" target=\"_blank\" rel=\"noopener\">PDF: allg\u00e4uer_alpen_alpin_inhalt.pdf<\/a><\/li>\n<\/ul>","protected":false},"featured_media":28118,"template":"","meta":[],"product_brand":[],"product_cat":[21544],"product_tag":[],"class_list":{"0":"post-150496","1":"product","2":"type-product","3":"status-publish","4":"has-post-thumbnail","6":"product_cat-fuehrerliteratur-alpin-sommer","7":"pa_autor-seibert","8":"pa_erscheinungsjahr-21568","9":"pa_region-deutschland","10":"pa_sprache-de","12":"first","13":"outofstock","14":"taxable","15":"shipping-taxable","16":"purchasable","17":"product-type-simple"},"_links":{"self":[{"href":"https:\/\/pizbube.ch\/en\/wp-json\/wp\/v2\/product\/150496","targetHints":{"allow":["GET"]}}],"collection":[{"href":"https:\/\/pizbube.ch\/en\/wp-json\/wp\/v2\/product"}],"about":[{"href":"https:\/\/pizbube.ch\/en\/wp-json\/wp\/v2\/types\/product"}],"wp:featuredmedia":[{"embeddable":true,"href":"https:\/\/pizbube.ch\/en\/wp-json\/wp\/v2\/media\/28118"}],"wp:attachment":[{"href":"https:\/\/pizbube.ch\/en\/wp-json\/wp\/v2\/media?parent=150496"}],"wp:term":[{"taxonomy":"product_brand","embeddable":true,"href":"https:\/\/pizbube.ch\/en\/wp-json\/wp\/v2\/product_brand?post=150496"},{"taxonomy":"product_cat","embeddable":true,"href":"https:\/\/pizbube.ch\/en\/wp-json\/wp\/v2\/product_cat?post=150496"},{"taxonomy":"product_tag","embeddable":true,"href":"https:\/\/pizbube.ch\/en\/wp-json\/wp\/v2\/product_tag?post=150496"}],"curies":[{"name":"wp","href":"https:\/\/api.w.org\/{rel}","templated":true}]}}