{"id":150497,"date":"2021-01-15T11:02:29","date_gmt":"2021-01-15T11:02:29","guid":{"rendered":"https:\/\/codengine3.ch\/?product=import-placeholder-for-205360"},"modified":"2022-08-26T15:34:36","modified_gmt":"2022-08-26T13:34:36","slug":"bregenzerwald-und-lechquellengebirge","status":"publish","type":"product","link":"https:\/\/pizbube.ch\/en\/shop\/bregenzerwald-und-lechquellengebirge\/","title":{"rendered":"Bregenzerwald- und Lechquellengebirge"},"content":{"rendered":"<p>Alpenvereinsf\u00fchrer;<br \/>\nAlle Routen f\u00fcr Wanderer und Bergsteiger.<\/p>\n<p>Zwischen dem Bodensee und dem Arlberg, dem Rheintal und dem Allg\u00e4u erstreckt<br \/>\nsich eine vielf\u00e4ltige Bergregion, in der es viel zu entdecken gibt. Den<br \/>\nNordteil dieser Region bildet das teilweise mittelgebirgsartige<br \/>\nBregenzerwaldgebirge, den S\u00fcdteil das schroffe Lechquellengebirge, das sogar<br \/>\nnoch kleine Gletscherreste tr\u00e4gt. Diese Gebirgsgruppen z\u00e4hlen zu den<br \/>\nlandschaftlich interessantesten Regionen f\u00fcr Wanderer und Bergsteiger.<\/p>\n<p>Und obwohl am Rand des Gebietes &#8211; in der Arlberg-Region &#8211; eine mond\u00e4ne<br \/>\nTouristikwelt entstand, sind Bregenzerwald und Lechquellengebirge gr\u00f6\u00dftenteils<br \/>\nimmer noch Oasen der Ruhe, ein ideales Terrain also f\u00fcr einen weiteren Band<br \/>\nder Reihe Alpenvereinsf\u00fchrer &#8218;alpin&#8216;. Dieter Seibert, vielseitiger Bergsteiger<br \/>\nund bew\u00e4hrter F\u00fchrerautor, hat sich in den Vorarlberger Bergen \u00fcber Jahrzehnte<br \/>\nhinweg umgesehen und aus der un\u00fcberschaubaren Menge von Anstiegen alle<br \/>\nlohnenden und interessanten ausgew\u00e4hlt. Sein Hauptaugenmerk legte er dabei auf<br \/>\ndie detaillierte Beschreibung der H\u00fcttenzug\u00e4nge und beliebten H\u00f6henwege des<br \/>\nGebirges. Dar\u00fcber hinaus werden auch die Normalwege auf alle bedeutenden<br \/>\nGipfel und die h\u00e4ufiger begangenen \u00dcberschreitungen beschrieben, sofern sie<br \/>\nden II. Schwierigkeitsgrad nicht wesentlich \u00fcberschreiten.<\/p>\n<p>Den Richtlinien der UIAA entsprechend wurde jeder Route ein Beschreibungskopf<br \/>\nvorangestellt, der auf einen Blick den Schwierigkeitsgrad, die Aufstiegszeit<br \/>\nsowie eine kurze Charakteristik der Route, ggf. auch die Daten der<br \/>\nErstbegehung liefert. Zahlreiche Schwarz-Wei\u00df-Abbildungen &#8211; manche mit<br \/>\neingetragenen Routenverl\u00e4ufen &#8211; erleichtern nicht nur die Planung zu Hause,<br \/>\nsondern auch die Orientierung vor Ort. Der Einleitungsteil konzentriert sich<br \/>\nauf die touristisch relevanten Angaben sowie auf Geologie, Tier- und<br \/>\nPflanzenwelt. Ein abschlie\u00dfender Informationsteil enth\u00e4lt Hinweise auf<br \/>\nLiteratur und Karte.<br \/>\nZahlr. s\/w. Fotos, Karten. 240 S.<\/p>","protected":false},"excerpt":{"rendered":"<p>Alpenvereinsf\u00fchrer; Alle Routen f\u00fcr Wanderer und Bergsteiger. Zwischen dem Bodensee und dem Arlberg, dem Rheintal und dem Allg\u00e4u erstreckt sich eine vielf\u00e4ltige Bergregion, in der es viel zu entdecken gibt. Den Nordteil dieser Region bildet das teilweise mittelgebirgsartige Bregenzerwaldgebirge, den S\u00fcdteil das schroffe Lechquellengebirge, das sogar noch kleine Gletscherreste tr\u00e4gt. Diese Gebirgsgruppen z\u00e4hlen zu den [&#8230;]\n","protected":false},"featured_media":34038,"template":"","meta":[],"product_brand":[],"product_cat":[21544],"product_tag":[],"class_list":{"0":"post-150497","1":"product","2":"type-product","3":"status-publish","4":"has-post-thumbnail","6":"product_cat-fuehrerliteratur-alpin-sommer","7":"pa_autor-seibert","8":"pa_erscheinungsjahr-21591","9":"pa_region-oesterreich","10":"pa_sprache-de","12":"first","13":"outofstock","14":"taxable","15":"shipping-taxable","16":"purchasable","17":"product-type-simple"},"_links":{"self":[{"href":"https:\/\/pizbube.ch\/en\/wp-json\/wp\/v2\/product\/150497","targetHints":{"allow":["GET"]}}],"collection":[{"href":"https:\/\/pizbube.ch\/en\/wp-json\/wp\/v2\/product"}],"about":[{"href":"https:\/\/pizbube.ch\/en\/wp-json\/wp\/v2\/types\/product"}],"wp:featuredmedia":[{"embeddable":true,"href":"https:\/\/pizbube.ch\/en\/wp-json\/wp\/v2\/media\/34038"}],"wp:attachment":[{"href":"https:\/\/pizbube.ch\/en\/wp-json\/wp\/v2\/media?parent=150497"}],"wp:term":[{"taxonomy":"product_brand","embeddable":true,"href":"https:\/\/pizbube.ch\/en\/wp-json\/wp\/v2\/product_brand?post=150497"},{"taxonomy":"product_cat","embeddable":true,"href":"https:\/\/pizbube.ch\/en\/wp-json\/wp\/v2\/product_cat?post=150497"},{"taxonomy":"product_tag","embeddable":true,"href":"https:\/\/pizbube.ch\/en\/wp-json\/wp\/v2\/product_tag?post=150497"}],"curies":[{"name":"wp","href":"https:\/\/api.w.org\/{rel}","templated":true}]}}