{"id":150500,"date":"2021-01-15T11:02:29","date_gmt":"2021-01-15T11:02:29","guid":{"rendered":"https:\/\/codengine3.ch\/?product=import-placeholder-for-205821"},"modified":"2021-01-15T14:44:09","modified_gmt":"2021-01-15T14:44:09","slug":"weckruf-im-wetterstein","status":"publish","type":"product","link":"https:\/\/pizbube.ch\/en\/shop\/weckruf-im-wetterstein\/","title":{"rendered":"Weckruf im Wetterstein"},"content":{"rendered":"<p>Drei Jahrzehnte lang hat Charly Wehrle als H\u00fcttenwirt im Wetterstein seine<br \/>\nG\u00e4ste fr\u00fchmorgens mit der immer gleichen Melodie aufgeweckt &#8211; erst auf dem<br \/>\nStuiben und im Oberreintal, dann auf der Reintalangerh\u00fctte. Seine Art eine<br \/>\nBergh\u00fctte zu f\u00fchren war einmalig und machte den geb\u00fcrtigen Allg\u00e4uer zu einem<br \/>\nweithin bekannten Original.<br \/>\nAb n\u00e4chstes Jahr werden die G\u00e4ste auf der Reintalangerh\u00fctte auf den Klang<br \/>\nseines Hackbretts verzichten m\u00fcssen &#8211; der Bergsommer 2009 ist sein letzter als<br \/>\nH\u00fcttenwirt. Doch ganz verzichten m\u00fcssen die Bergfreunde auf den Charly nicht:<br \/>\nZum Abschied vom Wetterstein ist aktuell sein Buch &#8218;Weckruf im Wetterstein&#8216;<br \/>\nerschienen. In vier thematischen Bl\u00f6cken f\u00fchren seine Erz\u00e4hlungen den Leser<br \/>\ndurch die vier Jahreszeiten und das Wettersteingebirge.<br \/>\n1. Auflage 2009, 160 Seiten  <\/p>","protected":false},"excerpt":{"rendered":"<p>Drei Jahrzehnte lang hat Charly Wehrle als H\u00fcttenwirt im Wetterstein seine G\u00e4ste fr\u00fchmorgens mit der immer gleichen Melodie aufgeweckt &#8211; erst auf dem Stuiben und im Oberreintal, dann auf der Reintalangerh\u00fctte. Seine Art eine Bergh\u00fctte zu f\u00fchren war einmalig und machte den geb\u00fcrtigen Allg\u00e4uer zu einem weithin bekannten Original. Ab n\u00e4chstes Jahr werden die G\u00e4ste [&#8230;]\n","protected":false},"featured_media":34649,"template":"","meta":[],"product_brand":[],"product_cat":[21542],"product_tag":[],"class_list":{"0":"post-150500","1":"product","2":"type-product","3":"status-publish","4":"has-post-thumbnail","6":"product_cat-sachbuecher-dokumentationen","7":"pa_autor-wehrle","8":"pa_erscheinungsjahr-21693","9":"pa_region-deutschland","10":"pa_sprache-de","12":"first","13":"instock","14":"taxable","15":"shipping-taxable","16":"purchasable","17":"product-type-simple"},"_links":{"self":[{"href":"https:\/\/pizbube.ch\/en\/wp-json\/wp\/v2\/product\/150500","targetHints":{"allow":["GET"]}}],"collection":[{"href":"https:\/\/pizbube.ch\/en\/wp-json\/wp\/v2\/product"}],"about":[{"href":"https:\/\/pizbube.ch\/en\/wp-json\/wp\/v2\/types\/product"}],"wp:featuredmedia":[{"embeddable":true,"href":"https:\/\/pizbube.ch\/en\/wp-json\/wp\/v2\/media\/34649"}],"wp:attachment":[{"href":"https:\/\/pizbube.ch\/en\/wp-json\/wp\/v2\/media?parent=150500"}],"wp:term":[{"taxonomy":"product_brand","embeddable":true,"href":"https:\/\/pizbube.ch\/en\/wp-json\/wp\/v2\/product_brand?post=150500"},{"taxonomy":"product_cat","embeddable":true,"href":"https:\/\/pizbube.ch\/en\/wp-json\/wp\/v2\/product_cat?post=150500"},{"taxonomy":"product_tag","embeddable":true,"href":"https:\/\/pizbube.ch\/en\/wp-json\/wp\/v2\/product_tag?post=150500"}],"curies":[{"name":"wp","href":"https:\/\/api.w.org\/{rel}","templated":true}]}}