{"id":150501,"date":"2021-01-15T11:02:29","date_gmt":"2021-01-15T11:02:29","guid":{"rendered":"https:\/\/codengine3.ch\/?product=import-placeholder-for-202246"},"modified":"2021-01-15T12:34:41","modified_gmt":"2021-01-15T12:34:41","slug":"zugspitze","status":"publish","type":"product","link":"https:\/\/pizbube.ch\/en\/shop\/zugspitze\/","title":{"rendered":"Zugspitze"},"content":{"rendered":"<p>H\u00f6her hinauf geht&#8217;s nimmer &#8211; zumindest nicht in Deutschland! Deutschlands<br \/>\nParadeberg geh\u00f6rt zu den vielf\u00e4ltigsten Bergmassiven in den Kalkalpen: zwei<br \/>\nBergbahnen, drei Klettersteige und zahlreiche schwierige Klettertouren f\u00fcr<br \/>\nExtreme f\u00fchren zum Gipfel. Vom Touristenrummel und von der Bergeinsamkeit<br \/>\nerz\u00e4hlt dieser Pracht-Bildband, f\u00fcr den namhafte Bergfotografen wie Bernd<br \/>\nRitschel, Heinz Zak und Peter Krinninger, ihre besten Bilder zur Verf\u00fcgung<br \/>\ngestellt haben. Spannende Erlebnisberichte \u00fcber wilde Erstbegehungen, die<br \/>\nwechselvolle Erschlie\u00dfungsgeschichte der W\u00e4nde und Grate sowie eine<br \/>\nZusammenstellung s\u00e4mtlicher Routen auf das 2694 Meter hohe Wahrzeichen<br \/>\nGarmisch-Partenkirchen &#8211; die erste umfassende Monografie \u00fcber Deutschlands<br \/>\nh\u00f6chsten Berg!<\/p>","protected":false},"excerpt":{"rendered":"<p>H\u00f6her hinauf geht&#8217;s nimmer &#8211; zumindest nicht in Deutschland! Deutschlands Paradeberg geh\u00f6rt zu den vielf\u00e4ltigsten Bergmassiven in den Kalkalpen: zwei Bergbahnen, drei Klettersteige und zahlreiche schwierige Klettertouren f\u00fcr Extreme f\u00fchren zum Gipfel. Vom Touristenrummel und von der Bergeinsamkeit erz\u00e4hlt dieser Pracht-Bildband, f\u00fcr den namhafte Bergfotografen wie Bernd Ritschel, Heinz Zak und Peter Krinninger, ihre besten [&#8230;]\n","protected":false},"featured_media":29626,"template":"","meta":[],"product_brand":[],"product_cat":[21542],"product_tag":[],"class_list":{"0":"post-150501","1":"product","2":"type-product","3":"status-publish","4":"has-post-thumbnail","6":"product_cat-sachbuecher-dokumentationen","7":"pa_autor-ritschel","8":"pa_erscheinungsjahr-21750","9":"pa_region-deutschland","10":"pa_sprache-de","12":"first","13":"instock","14":"taxable","15":"shipping-taxable","16":"purchasable","17":"product-type-simple"},"_links":{"self":[{"href":"https:\/\/pizbube.ch\/en\/wp-json\/wp\/v2\/product\/150501","targetHints":{"allow":["GET"]}}],"collection":[{"href":"https:\/\/pizbube.ch\/en\/wp-json\/wp\/v2\/product"}],"about":[{"href":"https:\/\/pizbube.ch\/en\/wp-json\/wp\/v2\/types\/product"}],"wp:featuredmedia":[{"embeddable":true,"href":"https:\/\/pizbube.ch\/en\/wp-json\/wp\/v2\/media\/29626"}],"wp:attachment":[{"href":"https:\/\/pizbube.ch\/en\/wp-json\/wp\/v2\/media?parent=150501"}],"wp:term":[{"taxonomy":"product_brand","embeddable":true,"href":"https:\/\/pizbube.ch\/en\/wp-json\/wp\/v2\/product_brand?post=150501"},{"taxonomy":"product_cat","embeddable":true,"href":"https:\/\/pizbube.ch\/en\/wp-json\/wp\/v2\/product_cat?post=150501"},{"taxonomy":"product_tag","embeddable":true,"href":"https:\/\/pizbube.ch\/en\/wp-json\/wp\/v2\/product_tag?post=150501"}],"curies":[{"name":"wp","href":"https:\/\/api.w.org\/{rel}","templated":true}]}}