{"id":150502,"date":"2021-01-15T11:02:29","date_gmt":"2021-01-15T11:02:29","guid":{"rendered":"https:\/\/codengine3.ch\/?product=import-placeholder-for-200976"},"modified":"2021-05-04T10:58:34","modified_gmt":"2021-05-04T08:58:34","slug":"venedigergruppe","status":"publish","type":"product","link":"https:\/\/pizbube.ch\/en\/shop\/venedigergruppe\/","title":{"rendered":"Venedigergruppe"},"content":{"rendered":"<p>Dieser Alpenvereinsf\u00fchrer zur Venedigergruppe behandelt den stark<br \/>\nvergletscherten Westteil der Hohen Tauern, also das Gebiet zwischen dem<br \/>\nhistorischen \u00dcbergang des Felbertauern und den Zillertaler Alpen sowie<br \/>\nzwischen dem Pinzgau im Norden und dem Defereggental im S\u00fcden. Sein<br \/>\nHauptgipfel, der eisummantelte Gro\u00dfvenediger- mit 3674 Metern einer der<br \/>\nh\u00f6chsten Gipfel \u00d6sterreichs- erfreut sich ob seiner leichten Erreichbarkeit in<br \/>\nAlpinistenkreisen allerh\u00f6chster Beliebtheit.<\/p>\n<p>Neben vielen \u00dcbersichts- und Anstiegsskizzen illustrieren 90 meisterhafte ganz- und doppelseitige Schwarz-<br \/>\nWei\u00df-Abbildungen mit Routeneintrag sowie eine Zufahrtswegeskizze dieses<br \/>\nF\u00fchrerwerk. Detaillierte Wegbeschreibungen, ein H\u00f6chstma\u00df an Aktualit\u00e4t,<br \/>\nZuverl\u00e4ssigkeit und Informationsgehalt machen den F\u00fchrer zu einem kaum zu<br \/>\n\u00fcbertreffenden Begleiter auf allen Wegen und Steigen in dieser gro\u00dfartigen<br \/>\nHochalpenregion.<\/p>","protected":false},"excerpt":{"rendered":"<p>Dieser Alpenvereinsf\u00fchrer zur Venedigergruppe behandelt den stark vergletscherten Westteil der Hohen Tauern, also das Gebiet zwischen dem historischen \u00dcbergang des Felbertauern und den Zillertaler Alpen sowie zwischen dem Pinzgau im Norden und dem Defereggental im S\u00fcden. Sein Hauptgipfel, der eisummantelte Gro\u00dfvenediger- mit 3674 Metern einer der h\u00f6chsten Gipfel \u00d6sterreichs- erfreut sich ob seiner leichten Erreichbarkeit [&#8230;]\n","protected":false},"featured_media":28121,"template":"","meta":[],"product_brand":[],"product_cat":[21544],"product_tag":[],"class_list":{"0":"post-150502","1":"product","2":"type-product","3":"status-publish","4":"has-post-thumbnail","6":"product_cat-fuehrerliteratur-alpin-sommer","7":"pa_autor-end","8":"pa_erscheinungsjahr-21763","9":"pa_region-oesterreich","10":"pa_sprache-de","12":"first","13":"instock","14":"taxable","15":"shipping-taxable","16":"purchasable","17":"product-type-simple"},"_links":{"self":[{"href":"https:\/\/pizbube.ch\/en\/wp-json\/wp\/v2\/product\/150502","targetHints":{"allow":["GET"]}}],"collection":[{"href":"https:\/\/pizbube.ch\/en\/wp-json\/wp\/v2\/product"}],"about":[{"href":"https:\/\/pizbube.ch\/en\/wp-json\/wp\/v2\/types\/product"}],"wp:featuredmedia":[{"embeddable":true,"href":"https:\/\/pizbube.ch\/en\/wp-json\/wp\/v2\/media\/28121"}],"wp:attachment":[{"href":"https:\/\/pizbube.ch\/en\/wp-json\/wp\/v2\/media?parent=150502"}],"wp:term":[{"taxonomy":"product_brand","embeddable":true,"href":"https:\/\/pizbube.ch\/en\/wp-json\/wp\/v2\/product_brand?post=150502"},{"taxonomy":"product_cat","embeddable":true,"href":"https:\/\/pizbube.ch\/en\/wp-json\/wp\/v2\/product_cat?post=150502"},{"taxonomy":"product_tag","embeddable":true,"href":"https:\/\/pizbube.ch\/en\/wp-json\/wp\/v2\/product_tag?post=150502"}],"curies":[{"name":"wp","href":"https:\/\/api.w.org\/{rel}","templated":true}]}}