{"id":150503,"date":"2021-01-15T11:02:29","date_gmt":"2021-01-15T11:02:29","guid":{"rendered":"https:\/\/codengine3.ch\/?product=import-placeholder-for-204140"},"modified":"2025-04-03T08:49:39","modified_gmt":"2025-04-03T06:49:39","slug":"wk-38-venedigergruppe-oberpinzgau-1-50000","status":"publish","type":"product","link":"https:\/\/pizbube.ch\/en\/shop\/wk-38-venedigergruppe-oberpinzgau-1-50000\/","title":{"rendered":"WK 38 Venedigergruppe Oberpinzgau 1: 50&#8217;000"},"content":{"rendered":"<p>5in1 Wanderkarte &#8211; mit Download-M\u00f6glichkeit Kompass-App<\/p>\n<p>Wander-, Bike- und Skitourenkarte; alles Wissenswerte f\u00fcr Wanderer wie<br \/>\naktuelle Wanderwege mit Markierungen, empfehlenswerte Radrouten und wichtige<br \/>\ntouristische Informationen.<\/p>\n<p>Ein \u00fcbersichtlich gestaltetes Beiheft mit zahlreichen Farbfotos informiert<br \/>\n\u00fcber Orte und Schutzh\u00fctten sowie empfehlenswerte Touren, Sehensw\u00fcrdigkeiten<br \/>\nund Freizeiteinrichtungen.<br \/>\nGPS tauglich<\/p>","protected":false},"excerpt":{"rendered":"<p>5in1 Wanderkarte &#8211; mit Download-M\u00f6glichkeit Kompass-App Wander-, Bike- und Skitourenkarte; alles Wissenswerte f\u00fcr Wanderer wie aktuelle Wanderwege mit Markierungen, empfehlenswerte Radrouten und wichtige touristische Informationen. Ein \u00fcbersichtlich gestaltetes Beiheft mit zahlreichen Farbfotos informiert \u00fcber Orte und Schutzh\u00fctten sowie empfehlenswerte Touren, Sehensw\u00fcrdigkeiten und Freizeiteinrichtungen. GPS tauglich<\/p>","protected":false},"featured_media":179154,"template":"","meta":[],"product_brand":[],"product_cat":[21543],"product_tag":[],"class_list":{"0":"post-150503","1":"product","2":"type-product","3":"status-publish","4":"has-post-thumbnail","6":"product_cat-landkarten","7":"pa_autor-kompass","8":"pa_erscheinungsjahr-27129","9":"pa_region-oesterreich","10":"pa_sprache-de","12":"first","13":"instock","14":"taxable","15":"shipping-taxable","16":"purchasable","17":"product-type-simple"},"_links":{"self":[{"href":"https:\/\/pizbube.ch\/en\/wp-json\/wp\/v2\/product\/150503","targetHints":{"allow":["GET"]}}],"collection":[{"href":"https:\/\/pizbube.ch\/en\/wp-json\/wp\/v2\/product"}],"about":[{"href":"https:\/\/pizbube.ch\/en\/wp-json\/wp\/v2\/types\/product"}],"wp:featuredmedia":[{"embeddable":true,"href":"https:\/\/pizbube.ch\/en\/wp-json\/wp\/v2\/media\/179154"}],"wp:attachment":[{"href":"https:\/\/pizbube.ch\/en\/wp-json\/wp\/v2\/media?parent=150503"}],"wp:term":[{"taxonomy":"product_brand","embeddable":true,"href":"https:\/\/pizbube.ch\/en\/wp-json\/wp\/v2\/product_brand?post=150503"},{"taxonomy":"product_cat","embeddable":true,"href":"https:\/\/pizbube.ch\/en\/wp-json\/wp\/v2\/product_cat?post=150503"},{"taxonomy":"product_tag","embeddable":true,"href":"https:\/\/pizbube.ch\/en\/wp-json\/wp\/v2\/product_tag?post=150503"}],"curies":[{"name":"wp","href":"https:\/\/api.w.org\/{rel}","templated":true}]}}