{"id":150504,"date":"2021-01-15T11:02:30","date_gmt":"2021-01-15T11:02:30","guid":{"rendered":"https:\/\/codengine3.ch\/?product=import-placeholder-for-203645"},"modified":"2023-07-06T14:31:03","modified_gmt":"2023-07-06T12:31:03","slug":"matrei-in-osttirol-kals-am-grossglockner-venedigergruppe-150000","status":"publish","type":"product","link":"https:\/\/pizbube.ch\/en\/shop\/matrei-in-osttirol-kals-am-grossglockner-venedigergruppe-150000\/","title":{"rendered":"Matrei in Osttirol Kals am Grossglockner Venedigergruppe 1:50&#8217;000"},"content":{"rendered":"<p>WK 46 Matrei in Osttirol &#8211; Kals am Gro\u00dfglockner 1: 50 000<br \/>\n<span class=\"value\">4in1 Wanderkarte mit Aktiv Guide und Detailkarten inklusive Karte zur offline Verwendung in der KOMPASS-App. Fahrradfahren. Skitouren.<\/span><\/p>\n<p><span class=\"value\">Die 4in1 Wanderkarte ist jetzt noch \u00fcbersichtlicher und besser lesbar. Die Wanderkarten aus den Top-Wanderregionen sind mit einer zus\u00e4tzlichen Karte im Detailma\u00dfstab ausgestattet. Der Aktiv Guide informiert Sie rund um das Thema Outdoor und die kostenlose App f\u00fcr unterwegs gibt es auch noch dazu. Das bildet die perfekte Grundlage f\u00fcr die Planung einer Wandertour. Die pr\u00e4zise Kartografie zeigt alle begehbaren Wanderwege inklusive Klassifizierung. Informationen wie Schwimmb\u00e4der, Klettersteige, Kinderspielpl\u00e4tze, H\u00fctten und vieles mehr sind in der Karte ebenfalls enthalten. Dank der rei\u00df- und wetterfesten Papierqualit\u00e4t ist die Karte bei jedem Wetter ein treuer Begleiter.<\/span><\/p>","protected":false},"excerpt":{"rendered":"<p>WK 46 Matrei in Osttirol &#8211; Kals am Gro\u00dfglockner 1: 50 000 4in1 Wanderkarte mit Aktiv Guide und Detailkarten inklusive Karte zur offline Verwendung in der KOMPASS-App. Fahrradfahren. Skitouren. Die 4in1 Wanderkarte ist jetzt noch \u00fcbersichtlicher und besser lesbar. Die Wanderkarten aus den Top-Wanderregionen sind mit einer zus\u00e4tzlichen Karte im Detailma\u00dfstab ausgestattet. Der Aktiv Guide [&#8230;]\n","protected":false},"featured_media":168474,"template":"","meta":[],"product_brand":[],"product_cat":[21543],"product_tag":[],"class_list":{"0":"post-150504","1":"product","2":"type-product","3":"status-publish","4":"has-post-thumbnail","6":"product_cat-landkarten","7":"pa_autor-kompass","8":"pa_erscheinungsjahr-25440","9":"pa_region-oesterreich","10":"pa_sprache-de","12":"first","13":"instock","14":"taxable","15":"shipping-taxable","16":"purchasable","17":"product-type-simple"},"_links":{"self":[{"href":"https:\/\/pizbube.ch\/en\/wp-json\/wp\/v2\/product\/150504","targetHints":{"allow":["GET"]}}],"collection":[{"href":"https:\/\/pizbube.ch\/en\/wp-json\/wp\/v2\/product"}],"about":[{"href":"https:\/\/pizbube.ch\/en\/wp-json\/wp\/v2\/types\/product"}],"wp:featuredmedia":[{"embeddable":true,"href":"https:\/\/pizbube.ch\/en\/wp-json\/wp\/v2\/media\/168474"}],"wp:attachment":[{"href":"https:\/\/pizbube.ch\/en\/wp-json\/wp\/v2\/media?parent=150504"}],"wp:term":[{"taxonomy":"product_brand","embeddable":true,"href":"https:\/\/pizbube.ch\/en\/wp-json\/wp\/v2\/product_brand?post=150504"},{"taxonomy":"product_cat","embeddable":true,"href":"https:\/\/pizbube.ch\/en\/wp-json\/wp\/v2\/product_cat?post=150504"},{"taxonomy":"product_tag","embeddable":true,"href":"https:\/\/pizbube.ch\/en\/wp-json\/wp\/v2\/product_tag?post=150504"}],"curies":[{"name":"wp","href":"https:\/\/api.w.org\/{rel}","templated":true}]}}