{"id":150506,"date":"2021-01-15T11:02:30","date_gmt":"2021-01-15T11:02:30","guid":{"rendered":"https:\/\/codengine3.ch\/?product=import-placeholder-for-200977"},"modified":"2025-06-02T13:10:40","modified_gmt":"2025-06-02T11:10:40","slug":"glocknergruppe-und-granatspitzgruppe","status":"publish","type":"product","link":"https:\/\/pizbube.ch\/en\/shop\/glocknergruppe-und-granatspitzgruppe\/","title":{"rendered":"Glocknergruppe und Granatspitzgruppe"},"content":{"rendered":"<p>Alpenvereinsf\u00fchrer<\/p>\n<p>End dokumentiert in diesem Band alle Anstiege zu den Gipfeln, Scharten und<br \/>\nUnterk\u00fcnften. Sein Hauptaugenmerk legt er dabei auf die Ber\u00fccksichtigung des<br \/>\nextremen Gletscherr\u00fcckgangs und den dadurch stark ver\u00e4nderten Bedingungen.<br \/>\nDiese vollst\u00e4ndig \u00fcberarbeitete Neuauflage des Alpenvereinsf\u00fchrers Glockner-<br \/>\nund Granatspitzgruppe folgt den strengen Richtlinien der UIAA:<br \/>\nBeschreibungsk\u00f6pfe mit allen technischen Angaben sowie einer kurzen<br \/>\nCharakteristik des betreffenden Weges oder der Kletterroute vereinfachen die<br \/>\nAuswahl auf den ersten Blick.<\/p>\n<p>Den gestiegenen Erwartungen der Kletterer tr\u00e4gt eine stattliche Anzahl von<br \/>\nTopos und erstklassigen Wandansichten mit eingetragenem Routenverlauf<br \/>\nRechnung. \u00dcbersichtliche Verzeichnisse der Kammverlaufsskizzen, Abbildungen<br \/>\nund Anstiegsskizzen sowie ein ausf\u00fchrliches Stichwortregister erleichtern<br \/>\ndar\u00fcber hinaus die Handhabung dieses umfangreichen F\u00fchrerwerkes.<br \/>\n11. AKTUAL. AUFLG.; 695 S.<\/p>","protected":false},"excerpt":{"rendered":"<p>Alpenvereinsf\u00fchrer End dokumentiert in diesem Band alle Anstiege zu den Gipfeln, Scharten und Unterk\u00fcnften. Sein Hauptaugenmerk legt er dabei auf die Ber\u00fccksichtigung des extremen Gletscherr\u00fcckgangs und den dadurch stark ver\u00e4nderten Bedingungen. Diese vollst\u00e4ndig \u00fcberarbeitete Neuauflage des Alpenvereinsf\u00fchrers Glockner- und Granatspitzgruppe folgt den strengen Richtlinien der UIAA: Beschreibungsk\u00f6pfe mit allen technischen Angaben sowie einer kurzen Charakteristik [&#8230;]\n","protected":false},"featured_media":28123,"template":"","meta":[],"product_brand":[],"product_cat":[21544],"product_tag":[],"class_list":{"0":"post-150506","1":"product","2":"type-product","3":"status-publish","4":"has-post-thumbnail","6":"product_cat-fuehrerliteratur-alpin-sommer","7":"pa_autor-end","8":"pa_erscheinungsjahr-21610","9":"pa_region-oesterreich","10":"pa_sprache-de","12":"first","13":"outofstock","14":"taxable","15":"shipping-taxable","16":"purchasable","17":"product-type-simple"},"_links":{"self":[{"href":"https:\/\/pizbube.ch\/en\/wp-json\/wp\/v2\/product\/150506","targetHints":{"allow":["GET"]}}],"collection":[{"href":"https:\/\/pizbube.ch\/en\/wp-json\/wp\/v2\/product"}],"about":[{"href":"https:\/\/pizbube.ch\/en\/wp-json\/wp\/v2\/types\/product"}],"wp:featuredmedia":[{"embeddable":true,"href":"https:\/\/pizbube.ch\/en\/wp-json\/wp\/v2\/media\/28123"}],"wp:attachment":[{"href":"https:\/\/pizbube.ch\/en\/wp-json\/wp\/v2\/media?parent=150506"}],"wp:term":[{"taxonomy":"product_brand","embeddable":true,"href":"https:\/\/pizbube.ch\/en\/wp-json\/wp\/v2\/product_brand?post=150506"},{"taxonomy":"product_cat","embeddable":true,"href":"https:\/\/pizbube.ch\/en\/wp-json\/wp\/v2\/product_cat?post=150506"},{"taxonomy":"product_tag","embeddable":true,"href":"https:\/\/pizbube.ch\/en\/wp-json\/wp\/v2\/product_tag?post=150506"}],"curies":[{"name":"wp","href":"https:\/\/api.w.org\/{rel}","templated":true}]}}