{"id":150508,"date":"2021-01-15T11:02:30","date_gmt":"2021-01-15T11:02:30","guid":{"rendered":"https:\/\/codengine3.ch\/?product=import-placeholder-for-206974"},"modified":"2021-01-15T14:53:54","modified_gmt":"2021-01-15T14:53:54","slug":"die-pasterze-der-gletscher-am-grossglockner","status":"publish","type":"product","link":"https:\/\/pizbube.ch\/en\/shop\/die-pasterze-der-gletscher-am-grossglockner\/","title":{"rendered":"Die Pasterze &#8211; Der Gletscher am Gro\u00dfglockner"},"content":{"rendered":"<p>Der gr\u00f6\u00dfte Gletscher \u00d6sterreichs: gestern &#8211; heute &#8211; morgen Pasterze und<br \/>\nGro\u00dfglockner &#8211; zwei Namen, die als Inbegriff f\u00fcr \u00d6sterreichs Hochgebirge<br \/>\nstehen. Sie bilden ein Landschaftsensemble, das sich im Lauf der Zeit zu einem<br \/>\nder bedeutendsten Touris musziele \u00d6sterreichs entwickelt hat. Die beiden<br \/>\nAutoren und Glaziologen Gerhard Karl Lieb und Heinz Slupetzky gehen in dem<br \/>\nBuch der Vergangenheit, Gegenwart und Zukunft des mit rund 8 km L\u00e4nge und 18<br \/>\nkm2 Gesamtausdehnung gr\u00f6\u00dften Gletschers \u00d6sterreichs nach, der trotz eines<br \/>\nandauernden Masseverlustes ein respektabler Vertreter des Naturph\u00e4nomens<br \/>\nGletscher ist. Dabei lassen sie auch zahlreiche Naturwissenschaftler<br \/>\nunterschiedlicher Fachgebiete zu Wort kommen, die verschiedene Aspekte rund um<br \/>\ndie Pasterze ins Licht r\u00fccken.  <\/p>\n<p>Das reich bebilderte Buch erz\u00e4hlt die Geschichte dieses einzigartigen<br \/>\nBerggebietes von der fr\u00fchen Nutzung als Jagd- und Weidegebiet \u00fcber die<br \/>\nEntdeckungen der Naturforschung und Leistungen der Alpinisten bis hin zur<br \/>\ntechnischen Erschlie\u00dfung durch die Glocknerstra\u00dfe. Auch die h\u00f6chstrangige<br \/>\nUnterschutzstellung im Nationalpark Hohe Tauern am 15. September 1981 wird<br \/>\ngew\u00fcrdigt. Grundbesitzer der Pasterze und ihrer Umgebung ist der<br \/>\nOesterreichische Alpenverein, der die Basis f\u00fcr den Schutz der Region schuf.<br \/>\nDer Grundgedanke dabei war, die gro\u00dfartige Pasterzen-Glocknerregion nahe<br \/>\nHeiligenblut am Alpendach Europas f\u00fcr k\u00fcnftige Generationen zu erhalten. Ein<br \/>\nAusblick in die Zukunft besch\u00e4ftigt sich auch mit dem Gletscherschwund und den<br \/>\nFolgen f\u00fcr die Region.  <\/p>","protected":false},"excerpt":{"rendered":"<p>Der gr\u00f6\u00dfte Gletscher \u00d6sterreichs: gestern &#8211; heute &#8211; morgen Pasterze und Gro\u00dfglockner &#8211; zwei Namen, die als Inbegriff f\u00fcr \u00d6sterreichs Hochgebirge stehen. Sie bilden ein Landschaftsensemble, das sich im Lauf der Zeit zu einem der bedeutendsten Touris musziele \u00d6sterreichs entwickelt hat. Die beiden Autoren und Glaziologen Gerhard Karl Lieb und Heinz Slupetzky gehen in dem [&#8230;]\n","protected":false},"featured_media":36535,"template":"","meta":[],"product_brand":[],"product_cat":[21542],"product_tag":[],"class_list":{"0":"post-150508","1":"product","2":"type-product","3":"status-publish","4":"has-post-thumbnail","6":"product_cat-sachbuecher-dokumentationen","7":"pa_autor-lieb","8":"pa_erscheinungsjahr-21610","9":"pa_region-oesterreich","10":"pa_sprache-de","12":"first","13":"instock","14":"taxable","15":"shipping-taxable","16":"purchasable","17":"product-type-simple"},"_links":{"self":[{"href":"https:\/\/pizbube.ch\/en\/wp-json\/wp\/v2\/product\/150508","targetHints":{"allow":["GET"]}}],"collection":[{"href":"https:\/\/pizbube.ch\/en\/wp-json\/wp\/v2\/product"}],"about":[{"href":"https:\/\/pizbube.ch\/en\/wp-json\/wp\/v2\/types\/product"}],"wp:featuredmedia":[{"embeddable":true,"href":"https:\/\/pizbube.ch\/en\/wp-json\/wp\/v2\/media\/36535"}],"wp:attachment":[{"href":"https:\/\/pizbube.ch\/en\/wp-json\/wp\/v2\/media?parent=150508"}],"wp:term":[{"taxonomy":"product_brand","embeddable":true,"href":"https:\/\/pizbube.ch\/en\/wp-json\/wp\/v2\/product_brand?post=150508"},{"taxonomy":"product_cat","embeddable":true,"href":"https:\/\/pizbube.ch\/en\/wp-json\/wp\/v2\/product_cat?post=150508"},{"taxonomy":"product_tag","embeddable":true,"href":"https:\/\/pizbube.ch\/en\/wp-json\/wp\/v2\/product_tag?post=150508"}],"curies":[{"name":"wp","href":"https:\/\/api.w.org\/{rel}","templated":true}]}}