{"id":150509,"date":"2021-01-15T11:02:30","date_gmt":"2021-01-15T11:02:30","guid":{"rendered":"https:\/\/codengine3.ch\/?product=import-placeholder-for-204710"},"modified":"2021-01-15T14:35:38","modified_gmt":"2021-01-15T14:35:38","slug":"glockner-region","status":"publish","type":"product","link":"https:\/\/pizbube.ch\/en\/shop\/glockner-region\/","title":{"rendered":"Glockner-Region"},"content":{"rendered":"<p>Heiligenblut &#8211; M\u00f6lltal &#8211; Kreuzeckgruppe. 50 ausgew\u00e4hlte Tal- und<br \/>\nBergwanderungen in der K\u00e4rtner Tauern-Region<\/p>\n<p>Der h\u00f6chste und wohl sch\u00f6nste Berg \u00d6sterreichs, der Grossglockner, bildet die<br \/>\nspektakul\u00e4re Kulisse f\u00fcr ein au\u00dfergew\u00f6hnlich reizvolles Wanderrevier: Es<br \/>\nerstreckt sich von der Pasterze, dem l\u00e4ngsten Gletscher der Ostalpen, entlang<br \/>\nder M\u00f6ll \u00fcber das ber\u00fchmte Bergsteigerdorf Heiligenblut bis fast nach Spittal<br \/>\nan der Drau und umfasst mehrere Gebirgsgruppen der Hohen Tauern sowie die<br \/>\nunter Kennern als Geheimtipp gehandelte Kreuzeckgruppe. Walter Mair<br \/>\npr\u00e4sentiert in diesem Rother Wanderf\u00fchrer ein breites Tourenspektrum, das von<br \/>\nleichten Wanderungen im Tal bis zu anspruchsvollen Hochgebirgstouren auf so<br \/>\nmanchen namhaften Dreitausender reicht &#8211; etwa auf den Hohen Sonnblick, den<br \/>\nHocharn oder den Ankogel. In der Goldberggruppe im Windschatten des<br \/>\nTauernkammes wandert man auf den historischen Spuren der Bergknappen, in der<br \/>\nSchobergruppe geht es zu tosenden Wasserf\u00e4llen, klaren Seen und gem\u00fctlichen<br \/>\nSchutzh\u00fctten. In der \u00f6stlichen Talflanke des Oberen M\u00f6lltales er\u00f6ffnen<br \/>\nromantische Klammen und schmale Taleinschnitte den Zugang zu den pr\u00e4chtigen<br \/>\nBl\u00fctenteppichen der Sadniggruppe.<\/p>\n<p>Ein besonderes Erlebnis verspricht die mehrt\u00e4gige Durchquerung der unber\u00fchrten<br \/>\nKreuzeckgruppe mit ihren zahlreichen Bergseen. Genaue Tourenbeschreibungen,<br \/>\naussagekr\u00e4ftige H\u00f6henprofile, Tourenk\u00e4rtchen mit eingetragenem Routenverlauf<br \/>\nsowie Tourensteck\u00acbriefe mit Infos zu Talorten, Ausgangspunkten,<br \/>\nH\u00f6henunterschieden, Gehzeiten, Anforderungen, Einkehr- und<br \/>\nUnterkunftsm\u00f6glichkeiten erleichtern dabei die Auswahl und Planung der Touren<br \/>\nsowie die Orientierung am Berg.<\/p>","protected":false},"excerpt":{"rendered":"<p>Heiligenblut &#8211; M\u00f6lltal &#8211; Kreuzeckgruppe. 50 ausgew\u00e4hlte Tal- und Bergwanderungen in der K\u00e4rtner Tauern-Region Der h\u00f6chste und wohl sch\u00f6nste Berg \u00d6sterreichs, der Grossglockner, bildet die spektakul\u00e4re Kulisse f\u00fcr ein au\u00dfergew\u00f6hnlich reizvolles Wanderrevier: Es erstreckt sich von der Pasterze, dem l\u00e4ngsten Gletscher der Ostalpen, entlang der M\u00f6ll \u00fcber das ber\u00fchmte Bergsteigerdorf Heiligenblut bis fast nach Spittal [&#8230;]\n","protected":false},"featured_media":33053,"template":"","meta":[],"product_brand":[],"product_cat":[21605],"product_tag":[],"class_list":{"0":"post-150509","1":"product","2":"type-product","3":"status-publish","4":"has-post-thumbnail","6":"product_cat-wanderfuehrer-trekking","7":"pa_autor-mair","8":"pa_erscheinungsjahr-21621","9":"pa_region-oesterreich","10":"pa_sprache-de","12":"first","13":"instock","14":"taxable","15":"shipping-taxable","16":"purchasable","17":"product-type-simple"},"_links":{"self":[{"href":"https:\/\/pizbube.ch\/en\/wp-json\/wp\/v2\/product\/150509","targetHints":{"allow":["GET"]}}],"collection":[{"href":"https:\/\/pizbube.ch\/en\/wp-json\/wp\/v2\/product"}],"about":[{"href":"https:\/\/pizbube.ch\/en\/wp-json\/wp\/v2\/types\/product"}],"wp:featuredmedia":[{"embeddable":true,"href":"https:\/\/pizbube.ch\/en\/wp-json\/wp\/v2\/media\/33053"}],"wp:attachment":[{"href":"https:\/\/pizbube.ch\/en\/wp-json\/wp\/v2\/media?parent=150509"}],"wp:term":[{"taxonomy":"product_brand","embeddable":true,"href":"https:\/\/pizbube.ch\/en\/wp-json\/wp\/v2\/product_brand?post=150509"},{"taxonomy":"product_cat","embeddable":true,"href":"https:\/\/pizbube.ch\/en\/wp-json\/wp\/v2\/product_cat?post=150509"},{"taxonomy":"product_tag","embeddable":true,"href":"https:\/\/pizbube.ch\/en\/wp-json\/wp\/v2\/product_tag?post=150509"}],"curies":[{"name":"wp","href":"https:\/\/api.w.org\/{rel}","templated":true}]}}