{"id":150510,"date":"2021-01-15T11:02:30","date_gmt":"2021-01-15T11:02:30","guid":{"rendered":"https:\/\/codengine3.ch\/?product=import-placeholder-for-202115"},"modified":"2021-01-15T12:33:29","modified_gmt":"2021-01-15T12:33:29","slug":"grossglockner-bildband","status":"publish","type":"product","link":"https:\/\/pizbube.ch\/en\/shop\/grossglockner-bildband\/","title":{"rendered":"Grossglockner Bildband"},"content":{"rendered":"<p>Das Buch zum h\u00f6chsten Berg \u00d6sterreichs: spannende Berichte \u00fcber die<br \/>\nErstbesteigung im Jahr 1800, \u00fcber 30 Routen am Berg werden vorgestellt,<br \/>\nBeschrieb der h\u00fctten und Talorte.<\/p>\n<p>Beschreibung der \u00fcber 30 Gipfelanstiege einen bedeutenden Schwerpunkt dieses<br \/>\nBildbandes. Dabei wird den klassischen Anstiegen ebenso Rechnung getragen wie<br \/>\nden modernen Routen. Auch die Skitouren- und Wanderm\u00f6glichkeiten zu F\u00fc\u00dfen des<br \/>\nGro\u00dfglockners werden vorgestellt.<\/p>\n<p>Mit den exakten Karten und Anstiegsskizzen im Buch k\u00f6nnen auch Ortsfremde die<br \/>\nRouten am Berg und in seiner Umgebung nachvollziehen. Durchgehend illustriert<br \/>\nmit Fotos von Zak, Ritschel Baumgartner, Hoi und End.<\/p>","protected":false},"excerpt":{"rendered":"<p>Das Buch zum h\u00f6chsten Berg \u00d6sterreichs: spannende Berichte \u00fcber die Erstbesteigung im Jahr 1800, \u00fcber 30 Routen am Berg werden vorgestellt, Beschrieb der h\u00fctten und Talorte. Beschreibung der \u00fcber 30 Gipfelanstiege einen bedeutenden Schwerpunkt dieses Bildbandes. Dabei wird den klassischen Anstiegen ebenso Rechnung getragen wie den modernen Routen. Auch die Skitouren- und Wanderm\u00f6glichkeiten zu F\u00fc\u00dfen [&#8230;]\n","protected":false},"featured_media":29504,"template":"","meta":[],"product_brand":[],"product_cat":[21542],"product_tag":[],"class_list":{"0":"post-150510","1":"product","2":"type-product","3":"status-publish","4":"has-post-thumbnail","6":"product_cat-sachbuecher-dokumentationen","7":"pa_autor-pusch-baumgartner","8":"pa_erscheinungsjahr-21763","9":"pa_region-oesterreich","10":"pa_sprache-de","12":"first","13":"instock","14":"taxable","15":"shipping-taxable","16":"purchasable","17":"product-type-simple"},"_links":{"self":[{"href":"https:\/\/pizbube.ch\/en\/wp-json\/wp\/v2\/product\/150510","targetHints":{"allow":["GET"]}}],"collection":[{"href":"https:\/\/pizbube.ch\/en\/wp-json\/wp\/v2\/product"}],"about":[{"href":"https:\/\/pizbube.ch\/en\/wp-json\/wp\/v2\/types\/product"}],"wp:featuredmedia":[{"embeddable":true,"href":"https:\/\/pizbube.ch\/en\/wp-json\/wp\/v2\/media\/29504"}],"wp:attachment":[{"href":"https:\/\/pizbube.ch\/en\/wp-json\/wp\/v2\/media?parent=150510"}],"wp:term":[{"taxonomy":"product_brand","embeddable":true,"href":"https:\/\/pizbube.ch\/en\/wp-json\/wp\/v2\/product_brand?post=150510"},{"taxonomy":"product_cat","embeddable":true,"href":"https:\/\/pizbube.ch\/en\/wp-json\/wp\/v2\/product_cat?post=150510"},{"taxonomy":"product_tag","embeddable":true,"href":"https:\/\/pizbube.ch\/en\/wp-json\/wp\/v2\/product_tag?post=150510"}],"curies":[{"name":"wp","href":"https:\/\/api.w.org\/{rel}","templated":true}]}}