{"id":150511,"date":"2021-01-15T11:02:30","date_gmt":"2021-01-15T11:02:30","guid":{"rendered":"https:\/\/codengine3.ch\/?product=import-placeholder-for-203018"},"modified":"2022-09-24T10:55:25","modified_gmt":"2022-09-24T08:55:25","slug":"hohe-tauern-nationalpark-nord","status":"publish","type":"product","link":"https:\/\/pizbube.ch\/en\/shop\/hohe-tauern-nationalpark-nord\/","title":{"rendered":"Hohe Tauern Nationalpark Nord"},"content":{"rendered":"<p><span class=\"value\">Gro\u00dfglockner, Gro\u00dfvenediger, Kitzsteinhorn \u2013 die ber\u00fchmtesten Berge \u00d6sterreichs befinden sich in den Hohen Tauern. Atemberaubend ist der Ausblick auf riesige Gletscher und viele Dreitausender. Im gletscherfreien Terrain findet sich f\u00fcr Wanderer ein wahres Tourenparadies im Angesicht des \u00bbEwigen Eises\u00ab. Der Rother Wanderf\u00fchrer \u00bbHohe Tauern\u00ab stellt 56 ausgew\u00e4hlte Wander- und Bergtouren f\u00fcr jeden Geschmack vor.<\/span><\/p>\n<p>Die vorwiegend leichten bis mittelschweren Touren versprechen Wandergenuss mit Panoramablick \u2013 viele der Vorschl\u00e4ge k\u00f6nnen auch von Familien mit Kindern gemacht werden. Zu den Zielen geh\u00f6ren stille Bergseen, st\u00e4ubende Wasserf\u00e4lle, eindrucksvoll gelegene H\u00fctten und nat\u00fcrlich Gipfel mit Blick auf die Eisriesen und die grandiose Gletscherwelt. Auch Dreitausender-Besteigungen finden sich in der Auswahl. F\u00fcr Fans von H\u00fcttentouren gibt es einige Vorschl\u00e4ge f\u00fcr mehrt\u00e4gige Rundwanderungen und Durchquerungen.<\/p>\n<p>Jede Tour wird mit einer zuverl\u00e4ssigen Wegbeschreibung, einem detaillierten Kartenausschnitt und einem aussagekr\u00e4ftigen H\u00f6henprofil vorgestellt. Zahlreiche Vorschl\u00e4ge zu Wegvarianten und Gipfelabstechern machen die Tourenm\u00f6glichkeiten noch vielf\u00e4ltiger. GPS-Tracks stehen zum Download bereit.Sepp und Marc Brandl, die Autoren zahlreicher Rother Wanderf\u00fchrer, haben ein \u00e4u\u00dferst abwechslungsreiches Tourenprogramm zusammengestellt. In diesem Wanderf\u00fchrer f\u00fchren sie in die n\u00f6rdlichen Teile der Glockner-, Granatspitz- und Venedigergruppe, an den Ostsaum der Zillertaler Alpen, in das Gebiet um den Wildkogel und in den Nationalpark bis zum Salzachtal.<\/p>\n<div class=\"col-12 col-md-6\">\n<div class=\"d-inline-block\">56 Wanderk\u00e4rtchen im Ma\u00dfstab 1:50.000 und 1:75.000, 56 H\u00f6henprofile, zwei \u00dcbersichtskarten im Ma\u00dfstab 1:300.000 und 1:500.000, GPS-Tracks zum Download<\/div>\n<div>8., aktualisierte Auflage 2022<\/div>\n<\/div>","protected":false},"excerpt":{"rendered":"<p>Gro\u00dfglockner, Gro\u00dfvenediger, Kitzsteinhorn \u2013 die ber\u00fchmtesten Berge \u00d6sterreichs befinden sich in den Hohen Tauern. Atemberaubend ist der Ausblick auf riesige Gletscher und viele Dreitausender. Im gletscherfreien Terrain findet sich f\u00fcr Wanderer ein wahres Tourenparadies im Angesicht des \u00bbEwigen Eises\u00ab. Der Rother Wanderf\u00fchrer \u00bbHohe Tauern\u00ab stellt 56 ausgew\u00e4hlte Wander- und Bergtouren f\u00fcr jeden Geschmack vor. Die [&#8230;]\n","protected":false},"featured_media":163698,"template":"","meta":[],"product_brand":[],"product_cat":[21605],"product_tag":[],"class_list":{"0":"post-150511","1":"product","2":"type-product","3":"status-publish","4":"has-post-thumbnail","6":"product_cat-wanderfuehrer-trekking","7":"pa_autor-brandl","8":"pa_erscheinungsjahr-27013","9":"pa_region-oesterreich","10":"pa_sprache-de","12":"first","13":"instock","14":"taxable","15":"shipping-taxable","16":"purchasable","17":"product-type-simple"},"_links":{"self":[{"href":"https:\/\/pizbube.ch\/en\/wp-json\/wp\/v2\/product\/150511","targetHints":{"allow":["GET"]}}],"collection":[{"href":"https:\/\/pizbube.ch\/en\/wp-json\/wp\/v2\/product"}],"about":[{"href":"https:\/\/pizbube.ch\/en\/wp-json\/wp\/v2\/types\/product"}],"wp:featuredmedia":[{"embeddable":true,"href":"https:\/\/pizbube.ch\/en\/wp-json\/wp\/v2\/media\/163698"}],"wp:attachment":[{"href":"https:\/\/pizbube.ch\/en\/wp-json\/wp\/v2\/media?parent=150511"}],"wp:term":[{"taxonomy":"product_brand","embeddable":true,"href":"https:\/\/pizbube.ch\/en\/wp-json\/wp\/v2\/product_brand?post=150511"},{"taxonomy":"product_cat","embeddable":true,"href":"https:\/\/pizbube.ch\/en\/wp-json\/wp\/v2\/product_cat?post=150511"},{"taxonomy":"product_tag","embeddable":true,"href":"https:\/\/pizbube.ch\/en\/wp-json\/wp\/v2\/product_tag?post=150511"}],"curies":[{"name":"wp","href":"https:\/\/api.w.org\/{rel}","templated":true}]}}