{"id":150518,"date":"2021-01-15T11:02:35","date_gmt":"2021-01-15T11:02:35","guid":{"rendered":"https:\/\/codengine3.ch\/?product=import-placeholder-for-206098"},"modified":"2021-01-15T14:46:22","modified_gmt":"2021-01-15T14:46:22","slug":"sommets-du-mont-blanc-les-plus-belles-courses-de-facile-a-difficile","status":"publish","type":"product","link":"https:\/\/pizbube.ch\/en\/shop\/sommets-du-mont-blanc-les-plus-belles-courses-de-facile-a-difficile\/","title":{"rendered":"Sommets du Mont-Blanc &#8211; Les plus belles courses de facile \u00e0 difficile"},"content":{"rendered":"<p>Dans cette nouvelle version du best-seller de la collection, les classiques<br \/>\nind\u00e9modables reprennent leur place, mais on y d\u00e9couvre des voies tr\u00e8s r\u00e9centes<br \/>\nainsi que des itin\u00e9raires hors sentiers battus. Les auteurs ont tenu compte<br \/>\ndes transformations du milieu: les glaciers fondent, les trac\u00e9s se modifient,<br \/>\nles classiques d\u2019hier changent de configuration et la pratique s\u2019en ressent&#8230;  <\/p>\n<p>En restant d\u2019un niveau abordable au plus grand nombre, les voies, rocheuses et<br \/>\nglaciaires, ont \u00e9t\u00e9 choisies pour leur beaut\u00e9 et leur int\u00e9r\u00eat technique et,<br \/>\npour se rep\u00e9rer plus facilement, elles sont pr\u00e9sent\u00e9es par secteur<br \/>\ng\u00e9ographique.  <\/p>\n<p>On retrouve la griffe des auteurs, gage de s\u00e9rieux et de fiabilit\u00e9 : croquis<br \/>\nd\u2019une grande pr\u00e9cision, trac\u00e9s sur photos, images \u00e9vocatrices et textes<br \/>\ndidactiques, avec bien s\u00fbr la fameuse fiche pratique qui donne tous les<br \/>\nrenseignements n\u00e9cessaires au bon d\u00e9roulement de chaque course.  <\/p>","protected":false},"excerpt":{"rendered":"<p>Dans cette nouvelle version du best-seller de la collection, les classiques ind\u00e9modables reprennent leur place, mais on y d\u00e9couvre des voies tr\u00e8s r\u00e9centes ainsi que des itin\u00e9raires hors sentiers battus. Les auteurs ont tenu compte des transformations du milieu: les glaciers fondent, les trac\u00e9s se modifient, les classiques d\u2019hier changent de configuration et la pratique [&#8230;]\n","protected":false},"featured_media":32378,"template":"","meta":[],"product_brand":[],"product_cat":[21544],"product_tag":[],"class_list":{"0":"post-150518","1":"product","2":"type-product","3":"status-publish","4":"has-post-thumbnail","6":"product_cat-fuehrerliteratur-alpin-sommer","7":"pa_autor-laroche-lelong","8":"pa_erscheinungsjahr-21571","9":"pa_region-frankreich","10":"pa_sprache-fr","12":"first","13":"instock","14":"taxable","15":"shipping-taxable","16":"purchasable","17":"product-type-simple"},"_links":{"self":[{"href":"https:\/\/pizbube.ch\/en\/wp-json\/wp\/v2\/product\/150518","targetHints":{"allow":["GET"]}}],"collection":[{"href":"https:\/\/pizbube.ch\/en\/wp-json\/wp\/v2\/product"}],"about":[{"href":"https:\/\/pizbube.ch\/en\/wp-json\/wp\/v2\/types\/product"}],"wp:featuredmedia":[{"embeddable":true,"href":"https:\/\/pizbube.ch\/en\/wp-json\/wp\/v2\/media\/32378"}],"wp:attachment":[{"href":"https:\/\/pizbube.ch\/en\/wp-json\/wp\/v2\/media?parent=150518"}],"wp:term":[{"taxonomy":"product_brand","embeddable":true,"href":"https:\/\/pizbube.ch\/en\/wp-json\/wp\/v2\/product_brand?post=150518"},{"taxonomy":"product_cat","embeddable":true,"href":"https:\/\/pizbube.ch\/en\/wp-json\/wp\/v2\/product_cat?post=150518"},{"taxonomy":"product_tag","embeddable":true,"href":"https:\/\/pizbube.ch\/en\/wp-json\/wp\/v2\/product_tag?post=150518"}],"curies":[{"name":"wp","href":"https:\/\/api.w.org\/{rel}","templated":true}]}}