{"id":150520,"date":"2021-01-15T11:02:35","date_gmt":"2021-01-15T11:02:35","guid":{"rendered":"https:\/\/codengine3.ch\/?product=import-placeholder-for-202106"},"modified":"2021-01-15T12:33:26","modified_gmt":"2021-01-15T12:33:26","slug":"mont-blanc-jardin-feerique","status":"publish","type":"product","link":"https:\/\/pizbube.ch\/en\/shop\/mont-blanc-jardin-feerique\/","title":{"rendered":"Mont Blanc Jardin f\u00e9erique"},"content":{"rendered":"<p>un livre o\u00f9 la vision de Rebuffat et son esth\u00e9tique s` expriment dans toutes<br \/>\nleurs richesses: en rapprochant ses photos des gravures anciennes qui<br \/>\nillustrent les temps h\u00e9orique, il s` interroge sur se propres \u00e9motions!<br \/>\n(illustr\u00e9 de 180 documents). Gaston R\u00e9buffat avait la passion de la montagne<br \/>\net plus encore la passion d?une montagne, le Mont-Blanc.<br \/>\nNous avons con\u00e7u ce livre comme un hommage \u00e0 sa passion et voulu qu?il soit<br \/>\nl?un des plus beau de la collection : papier plus \u00e9pais, en couleur pour<br \/>\nrestituer le chatoiement des gravures anciennes que collectionnait Gaston<\/p>","protected":false},"excerpt":{"rendered":"<p>un livre o\u00f9 la vision de Rebuffat et son esth\u00e9tique s` expriment dans toutes leurs richesses: en rapprochant ses photos des gravures anciennes qui illustrent les temps h\u00e9orique, il s` interroge sur se propres \u00e9motions! (illustr\u00e9 de 180 documents). Gaston R\u00e9buffat avait la passion de la montagne et plus encore la passion d?une montagne, le [&#8230;]\n","protected":false},"featured_media":29494,"template":"","meta":[],"product_brand":[],"product_cat":[21542],"product_tag":[],"class_list":{"0":"post-150520","1":"product","2":"type-product","3":"status-publish","4":"has-post-thumbnail","6":"product_cat-sachbuecher-dokumentationen","7":"pa_autor-rebuffat","8":"pa_erscheinungsjahr-22060","9":"pa_region-frankreich","10":"pa_sprache-fr","12":"first","13":"outofstock","14":"taxable","15":"shipping-taxable","16":"purchasable","17":"product-type-simple"},"_links":{"self":[{"href":"https:\/\/pizbube.ch\/en\/wp-json\/wp\/v2\/product\/150520","targetHints":{"allow":["GET"]}}],"collection":[{"href":"https:\/\/pizbube.ch\/en\/wp-json\/wp\/v2\/product"}],"about":[{"href":"https:\/\/pizbube.ch\/en\/wp-json\/wp\/v2\/types\/product"}],"wp:featuredmedia":[{"embeddable":true,"href":"https:\/\/pizbube.ch\/en\/wp-json\/wp\/v2\/media\/29494"}],"wp:attachment":[{"href":"https:\/\/pizbube.ch\/en\/wp-json\/wp\/v2\/media?parent=150520"}],"wp:term":[{"taxonomy":"product_brand","embeddable":true,"href":"https:\/\/pizbube.ch\/en\/wp-json\/wp\/v2\/product_brand?post=150520"},{"taxonomy":"product_cat","embeddable":true,"href":"https:\/\/pizbube.ch\/en\/wp-json\/wp\/v2\/product_cat?post=150520"},{"taxonomy":"product_tag","embeddable":true,"href":"https:\/\/pizbube.ch\/en\/wp-json\/wp\/v2\/product_tag?post=150520"}],"curies":[{"name":"wp","href":"https:\/\/api.w.org\/{rel}","templated":true}]}}