{"id":150522,"date":"2021-01-15T11:02:35","date_gmt":"2021-01-15T11:02:35","guid":{"rendered":"https:\/\/codengine3.ch\/?product=import-placeholder-for-203790"},"modified":"2024-02-23T09:10:01","modified_gmt":"2024-02-23T08:10:01","slug":"dauphine-ost","status":"publish","type":"product","link":"https:\/\/pizbube.ch\/en\/shop\/dauphine-ost\/","title":{"rendered":"Dauphin\u00e9 Ost"},"content":{"rendered":"<p class=\"mt-3\">Parc National des \u00c9crins \u2013 Haute-Provence<\/p>\n<p><span class=\"value\">Der Zauber der Provence gepaart mit schneebedeckten Viertausendern \u2013 die \u00f6stliche Dauphin\u00e9 zeigt zwei aufregend sch\u00f6ne und sehr unterschiedliche Gesichter: Im \u00c9crins-Massiv, zwischen den St\u00e4dten Grenoble, Brian\u00e7on und Gap, erheben sich die s\u00fcdlichsten Viertausender der Alpen. In den provenzalischen Hochalpen hingegen \u2013 der Haute Provence \u2013 erlebt man Berge voller Ginster, Lavendel und duftender Kr\u00e4uter. Der Rother Wanderf\u00fchrer Dauphin\u00e9 Ost stellt 50 herrliche Wanderungen und Mehrtagestouren in diesen beiden Regionen vor.<\/span><\/p>\n<p>Die beiden Autoren Iris K\u00fcrschner und Dieter Haas f\u00fchren mit ihren Tourenvorschl\u00e4gen in eine unber\u00fchrte Landschaft, wie man sie im Alpenraum nur noch selten erlebt. Rund um den gr\u00f6\u00dften Nationalpark Frankreichs, den Parc National des \u00c9crins, werden abwechslungsreiche Wanderungen vorgestellt, darunter auch Weitwanderungen und Zweitagestouren. Dazu kommen Touren in der Haute-Provence zwischen dem Ubaye-Tal, Sisteron und Digne. Der Wanderf\u00fchrer enth\u00e4lt kurze, gem\u00fctliche Wanderungen und einfache bis mittelschwere Touren zu grandiosen Aussichtspunkten und Seen, aber auch einige anspruchsvolle Unternehmungen im Hochgebirge.<\/p>\n<p>Der Rother Wanderf\u00fchrer Dauphin\u00e9 Ost liefert zuverl\u00e4ssige Wegbeschreibungen, aussagekr\u00e4ftige H\u00f6henprofile und Wanderk\u00e4rtchen mit eingetragenem Routenverlauf. Hinzu kommen alle Informationen, die f\u00fcr die Planung und Durchf\u00fchrung der Wanderungen wichtig sind \u2013 mit Hinweisen zu Unterkunfts- und Verpflegungsm\u00f6glichkeiten sowie vielen Tipps zu Sehensw\u00fcrdigkeiten in Natur und Kultur. Au\u00dferdem stehen gepr\u00fcfte GPS-Tracks zum Download bereit.<\/p>\n<p>Dieser Wanderf\u00fchrer l\u00e4sst die atemberaubende Bergwelt S\u00fcdfrankreichs erleben.<\/p>\n<p>50 Wanderk\u00e4rtchen im Ma\u00dfstab 1:25.000 bis 1:100.000, zwei \u00dcbersichtskarten im Ma\u00dfstab 1:850.000 und 1:2.000.000<br \/>\n5., vollst\u00e4ndig \u00fcberarbeitete Auflage 2024<\/p>\n<p>&nbsp;<\/p>","protected":false},"excerpt":{"rendered":"<p>Parc National des \u00c9crins \u2013 Haute-Provence Der Zauber der Provence gepaart mit schneebedeckten Viertausendern \u2013 die \u00f6stliche Dauphin\u00e9 zeigt zwei aufregend sch\u00f6ne und sehr unterschiedliche Gesichter: Im \u00c9crins-Massiv, zwischen den St\u00e4dten Grenoble, Brian\u00e7on und Gap, erheben sich die s\u00fcdlichsten Viertausender der Alpen. In den provenzalischen Hochalpen hingegen \u2013 der Haute Provence \u2013 erlebt man Berge [&#8230;]\n","protected":false},"featured_media":156661,"template":"","meta":[],"product_brand":[],"product_cat":[21605],"product_tag":[],"class_list":{"0":"post-150522","1":"product","2":"type-product","3":"status-publish","4":"has-post-thumbnail","6":"product_cat-wanderfuehrer-trekking","7":"pa_autor-kuerschner","8":"pa_erscheinungsjahr-27339","9":"pa_region-frankreich","10":"pa_sprache-de","12":"first","13":"instock","14":"taxable","15":"shipping-taxable","16":"purchasable","17":"product-type-simple"},"_links":{"self":[{"href":"https:\/\/pizbube.ch\/en\/wp-json\/wp\/v2\/product\/150522","targetHints":{"allow":["GET"]}}],"collection":[{"href":"https:\/\/pizbube.ch\/en\/wp-json\/wp\/v2\/product"}],"about":[{"href":"https:\/\/pizbube.ch\/en\/wp-json\/wp\/v2\/types\/product"}],"wp:featuredmedia":[{"embeddable":true,"href":"https:\/\/pizbube.ch\/en\/wp-json\/wp\/v2\/media\/156661"}],"wp:attachment":[{"href":"https:\/\/pizbube.ch\/en\/wp-json\/wp\/v2\/media?parent=150522"}],"wp:term":[{"taxonomy":"product_brand","embeddable":true,"href":"https:\/\/pizbube.ch\/en\/wp-json\/wp\/v2\/product_brand?post=150522"},{"taxonomy":"product_cat","embeddable":true,"href":"https:\/\/pizbube.ch\/en\/wp-json\/wp\/v2\/product_cat?post=150522"},{"taxonomy":"product_tag","embeddable":true,"href":"https:\/\/pizbube.ch\/en\/wp-json\/wp\/v2\/product_tag?post=150522"}],"curies":[{"name":"wp","href":"https:\/\/api.w.org\/{rel}","templated":true}]}}