{"id":150523,"date":"2021-01-15T11:02:35","date_gmt":"2021-01-15T11:02:35","guid":{"rendered":"https:\/\/codengine3.ch\/?product=import-placeholder-for-205221"},"modified":"2021-01-15T14:39:35","modified_gmt":"2021-01-15T14:39:35","slug":"stubai-wipptal","status":"publish","type":"product","link":"https:\/\/pizbube.ch\/en\/shop\/stubai-wipptal\/","title":{"rendered":"Stubai &#8211; Wipptal"},"content":{"rendered":"<p>mit Gschnitz, Obernberg, Navis, Schmirn und Vals<br \/>\nDie sch\u00f6nsten Tal- und H\u00f6henwanderungen. 50 ausgew\u00e4hlte Tageswanderungen  <\/p>\n<p>Im Herzen Tirols, zwischen Innsbruck und dem Brenner, erschlie\u00dfen das Stubai-<br \/>\nund das Wipptal reizvolle Berggebiete: Von einsamen Seitent\u00e4ler ausgehend, die<br \/>\nman von der Autobahn noch nicht einmal erahnt, pr\u00e4sentiert sich dem Wanderer<br \/>\nein weites und vielf\u00e4ltiges Gebirgsland. Der Rother Wanderf\u00fchrer pr\u00e4sentiert<br \/>\n50 abwechslungsreiche Tagestouren im Stubai- und im Wipptal sowie den<br \/>\nNebent\u00e4lern von Gschnitz, Obernberg, Navis, Schmirn und Vals.<\/p>\n<p>Vom lieblichen gr\u00fcnen Wald- und Wiesenberg bis zur schroffen Kalkzinne und zum<br \/>\nGletscher-Dreitausender ist alles vorhanden, was das Wanderherz begehrt. So<br \/>\nreicht die Tourenauswahl auch vom gem\u00fctlichen Talspaziergang \u00fcber<br \/>\naussichtsreiche H\u00f6henwege bis hin zur unschwierigen Besteigung so manches<br \/>\nh\u00f6heren Gipfels.<\/p>\n<p>Jede Tour verf\u00fcgt \u00fcber eine zuverl\u00e4ssige Wegbeschreibung, einen<br \/>\nKartenausschnitt mit eingezeichnetem Routenverlauf sowie ein aussagekr\u00e4ftiges<br \/>\nH\u00f6henprofil. Die farbige Schwierigkeitsbewertung, eine \u00dcbersicht der Top-<br \/>\nTouren und Tourensteckbriefe erleichtern die Auswahl der Ziele. Informationen<br \/>\nzu Ausflugszielen, Wegvarianten und kulturellen Sehensw\u00fcrdigkeiten machen den<br \/>\nRother Wanderf\u00fchrer zu einem praktischen Urlaubsbegleiter.<\/p>\n<p>Walter Klier, Innsbrucker Poet und erfahrener Wanderf\u00fchrerautor, hat<br \/>\nkenntnisreich die sch\u00f6nsten Touren in seinen Heimatbergen ausgew\u00e4hlt und<br \/>\nbeschrieben. F\u00fcr die vierte Auflage des Rother Wan-derf\u00fchrers \u00bbStubai \u2013<br \/>\nWipptal\u00ab wurden die Tourenbeschreibungen gr\u00fcndlich \u00fcberarbeit.<\/p>\n<p>5. Auflage 2014, 128 Seiten mit 71 Farbabbildungen<br \/>\n50 Wanderk\u00e4rtchen im Ma\u00dfstab 1:50.000\/1:75.000, 50 H\u00f6henprofile, eine<br \/>\n\u00dcbersichtskarte im Ma\u00dfstab 1:250.000<\/p>","protected":false},"excerpt":{"rendered":"<p>mit Gschnitz, Obernberg, Navis, Schmirn und Vals Die sch\u00f6nsten Tal- und H\u00f6henwanderungen. 50 ausgew\u00e4hlte Tageswanderungen Im Herzen Tirols, zwischen Innsbruck und dem Brenner, erschlie\u00dfen das Stubai- und das Wipptal reizvolle Berggebiete: Von einsamen Seitent\u00e4ler ausgehend, die man von der Autobahn noch nicht einmal erahnt, pr\u00e4sentiert sich dem Wanderer ein weites und vielf\u00e4ltiges Gebirgsland. Der Rother [&#8230;]\n","protected":false},"featured_media":26413,"template":"","meta":[],"product_brand":[],"product_cat":[21605],"product_tag":[],"class_list":{"0":"post-150523","1":"product","2":"type-product","3":"status-publish","4":"has-post-thumbnail","6":"product_cat-wanderfuehrer-trekking","7":"pa_autor-klier","8":"pa_erscheinungsjahr-21550","9":"pa_region-oesterreich","10":"pa_sprache-de","12":"first","13":"instock","14":"taxable","15":"shipping-taxable","16":"purchasable","17":"product-type-simple"},"_links":{"self":[{"href":"https:\/\/pizbube.ch\/en\/wp-json\/wp\/v2\/product\/150523","targetHints":{"allow":["GET"]}}],"collection":[{"href":"https:\/\/pizbube.ch\/en\/wp-json\/wp\/v2\/product"}],"about":[{"href":"https:\/\/pizbube.ch\/en\/wp-json\/wp\/v2\/types\/product"}],"wp:featuredmedia":[{"embeddable":true,"href":"https:\/\/pizbube.ch\/en\/wp-json\/wp\/v2\/media\/26413"}],"wp:attachment":[{"href":"https:\/\/pizbube.ch\/en\/wp-json\/wp\/v2\/media?parent=150523"}],"wp:term":[{"taxonomy":"product_brand","embeddable":true,"href":"https:\/\/pizbube.ch\/en\/wp-json\/wp\/v2\/product_brand?post=150523"},{"taxonomy":"product_cat","embeddable":true,"href":"https:\/\/pizbube.ch\/en\/wp-json\/wp\/v2\/product_cat?post=150523"},{"taxonomy":"product_tag","embeddable":true,"href":"https:\/\/pizbube.ch\/en\/wp-json\/wp\/v2\/product_tag?post=150523"}],"curies":[{"name":"wp","href":"https:\/\/api.w.org\/{rel}","templated":true}]}}