{"id":150524,"date":"2021-01-15T11:02:35","date_gmt":"2021-01-15T11:02:35","guid":{"rendered":"https:\/\/codengine3.ch\/?product=import-placeholder-for-206534"},"modified":"2026-04-10T11:48:25","modified_gmt":"2026-04-10T09:48:25","slug":"stubaier-alpen-150000-wk-83","status":"publish","type":"product","link":"https:\/\/pizbube.ch\/en\/shop\/stubaier-alpen-150000-wk-83\/","title":{"rendered":"Stubaier Alpen 1:50`000 WK 83"},"content":{"rendered":"<p>Stubaier Alpen; 1:50`000<\/p>\n<p><b>Wanderkarte Stubaier Alpen<\/b>: Die Karte f\u00fcr Wandern, Fahrradfahren und viele weitere Aktivit\u00e4ten in der Natur<\/p>\n<p><b>Kompass Wanderkarten<\/b> sind einfach zu lesen und beinhalten trotzdem alle Informationen, die man f\u00fcr eine perfekte <b>Wandertour<\/b>, eine Fahrradrunde oder einen Ausflug ben\u00f6tigt. Sie bilden die Natur im passenden Ma\u00dfstab ab. <b>Unz\u00e4hlige zus\u00e4tzliche Informationen<\/b> werden vom Kartografie-Team laufend gepr\u00fcft und erweitert. Die pr\u00e4zise Kartografie beinhaltet alle <b>offiziellen Wanderwege mit Namen<\/b> und Wegnummer (wie Fernwege), Fahrradwege (mit Trails), Klettersteige, Gasth\u00e4user und H\u00fctten, Parkpl\u00e4tze, Bus &amp; Bahn, Skitouren und Loipen, Quellen, Badepl\u00e4tze und vieles mehr. Das macht die Karte ideal zum Entdecken neuer Ziele, zum Planen von Touren und zum Orientieren unterwegs. Ein intuitives Kartenbild der Landschaft entsteht durch die abgebildete Vegetation, H\u00f6henlinien, Felszeichnung sowie der Schummerung (Schattenwurf) der Berge.<\/p>\n<p><b>Ausstattung<\/b> der Wanderkarte Stubaier Alpen:<\/p>\n<ul>\n<li><b>Ma\u00dfstab 1:50.000<\/b>: 1cm auf der Hauptkarte entspricht 500m in der Natur<\/li>\n<li>Dank des <b>rei\u00df- und wetterfesten<\/b> Papiers \u00fcberlebt die Karte jedes Wetter<\/li>\n<li>Kartenausschnitt auch offline in der <b>Kompass-Wanderkarten-App<\/b> nutzbar<\/li>\n<li><b>Mehr Zoom-Stufen<\/b>: in der KOMPASS-Wanderkarten-App<\/li>\n<li><b>Panorama<\/b>: auf der R\u00fcckseite der Karte ist ein hangezeichnetes und anschauliches Panorama<\/li>\n<\/ul>\n<p><b>\u00dcber die Region:<\/b> Die Stubaier Alpen beeindrucken mit ihren m\u00e4chtigen Gipfeln und tiefen T\u00e4lern. Hier kannst du auf anspruchsvollen Bergwegen die Sch\u00f6nheit der Tiroler Bergwelt erleben.\u00a0In den Stubaier Alpen liegen rund 80 Gletscher und 40 Dreitausender wie z. B. der Habicht, der Wilde Freiger und das ber\u00fchmte Zuckerh\u00fctl, mit 3507 m der h\u00f6chste Gipfel der Stubaier Alpen. Bekannt ist das Stubai nicht nur f\u00fcr seine Gletscherwelt, sondern auch f\u00fcr die zahlreichen H\u00fcttenwanderungen. Zu den bekanntesten H\u00fctten z\u00e4hlen die Franz-Senn H\u00fctte, die Starkenburger H\u00fctte, die Sulzenauer H\u00fctte, die N\u00fcrnberger H\u00fctte, die Dresdner H\u00fctte oder die Innsbrucker H\u00fctte. Der fast 80 km lange Stubaier H\u00f6henweg (9 Etappen bzw. H\u00fctten) von Fulpmes \u00fcber die Starkenburger H\u00fctte, vorbei am Mutterberger See oder am Peiljoch bietet einen traumhaften Gletscherblick.<\/p>","protected":false},"excerpt":{"rendered":"<p>Stubaier Alpen; 1:50`000 Wanderkarte Stubaier Alpen: Die Karte f\u00fcr Wandern, Fahrradfahren und viele weitere Aktivit\u00e4ten in der Natur Kompass Wanderkarten sind einfach zu lesen und beinhalten trotzdem alle Informationen, die man f\u00fcr eine perfekte Wandertour, eine Fahrradrunde oder einen Ausflug ben\u00f6tigt. Sie bilden die Natur im passenden Ma\u00dfstab ab. Unz\u00e4hlige zus\u00e4tzliche Informationen werden vom Kartografie-Team [&#8230;]\n","protected":false},"featured_media":183744,"template":"","meta":[],"product_brand":[],"product_cat":[21543],"product_tag":[],"class_list":{"0":"post-150524","1":"product","2":"type-product","3":"status-publish","4":"has-post-thumbnail","6":"product_cat-landkarten","7":"pa_autor-kompass","8":"pa_erscheinungsjahr-27415","9":"pa_region-oesterreich","10":"pa_sprache-de","12":"first","13":"instock","14":"taxable","15":"shipping-taxable","16":"purchasable","17":"product-type-simple"},"_links":{"self":[{"href":"https:\/\/pizbube.ch\/en\/wp-json\/wp\/v2\/product\/150524","targetHints":{"allow":["GET"]}}],"collection":[{"href":"https:\/\/pizbube.ch\/en\/wp-json\/wp\/v2\/product"}],"about":[{"href":"https:\/\/pizbube.ch\/en\/wp-json\/wp\/v2\/types\/product"}],"wp:featuredmedia":[{"embeddable":true,"href":"https:\/\/pizbube.ch\/en\/wp-json\/wp\/v2\/media\/183744"}],"wp:attachment":[{"href":"https:\/\/pizbube.ch\/en\/wp-json\/wp\/v2\/media?parent=150524"}],"wp:term":[{"taxonomy":"product_brand","embeddable":true,"href":"https:\/\/pizbube.ch\/en\/wp-json\/wp\/v2\/product_brand?post=150524"},{"taxonomy":"product_cat","embeddable":true,"href":"https:\/\/pizbube.ch\/en\/wp-json\/wp\/v2\/product_cat?post=150524"},{"taxonomy":"product_tag","embeddable":true,"href":"https:\/\/pizbube.ch\/en\/wp-json\/wp\/v2\/product_tag?post=150524"}],"curies":[{"name":"wp","href":"https:\/\/api.w.org\/{rel}","templated":true}]}}