{"id":150525,"date":"2021-01-15T11:02:35","date_gmt":"2021-01-15T11:02:35","guid":{"rendered":"https:\/\/codengine3.ch\/?product=import-placeholder-for-200986"},"modified":"2021-01-15T11:02:39","modified_gmt":"2021-01-15T11:02:39","slug":"tod-in-sils-maria","status":"publish","type":"product","link":"https:\/\/pizbube.ch\/en\/shop\/tod-in-sils-maria\/","title":{"rendered":"Tod in Sils Maria"},"content":{"rendered":"<p>13 sehr b\u00f6se Kriminalgeschichten aus dem Engadin: Mit Tod in Sils Maria wurde<br \/>\nUlrich Knellwolf als Krimiautor ber\u00fchmt.<br \/>\nDie Sammlung von gnadenlos spannenden Kurzkrimis voll \u00fcberraschender Pointen<br \/>\nund unheimlicher Atmosph\u00e4re gilt heute als Klassiker der Kriminalliteratur.<br \/>\nJetzt hat der Autor weitere \u00fcble Geschichten verfasst: Erneut harren im Umfeld<br \/>\neines Nobelhotels in Sils Maria mysteri\u00f6se Morde ihrer Aufkl\u00e4rung.  <\/p>\n<p>Ein reicher Engl\u00e4nder wird von seinem Schwiegervater auf eine einsame Spur<br \/>\ngeleitet und verschwindet im rieselnden Schnee &#8230; An einem Sp\u00e4tnachmittag<br \/>\nf\u00e4llt in der Hotelhalle ein Schuss: Der \u00e4ltere Herr hat den Skilehrer seiner<br \/>\nTochter als Wilderer entlarvt, ohne zu wissen, dass er ihr Geliebter ist &#8230;<br \/>\nVermummte Gestalten mit Schneebrillen dr\u00e4ngen Langl\u00e4ufer von der Loipe ab. Von<br \/>\nden L\u00e4ufern fehlt jede Spur, nur ein dunkles Loch im See l\u00e4sst furchtbare<br \/>\nSchl\u00fcsse zu &#8230; Siebzehn b\u00f6se Kriminalgeschichten, die im friedlichen<br \/>\nSchweizer Wintersportort Sils Maria im Engadin spielen. Lautlos werden Spuren<br \/>\nverwischt, unauff\u00e4llig die Leichen aus den Hotels entfernt, damit bei<br \/>\nstrahlendem Sonnenschein fr\u00f6hlich dem Skivergn\u00fcgen gefr\u00f6nt werden kann. Aber<br \/>\nin der Hotelk\u00fcche wartet schon ein weiteres Fl\u00e4schchen Gift auf seinen<br \/>\nEinsatz, im Foyer steht schon wieder ein Kellner mit zweifelhafter<br \/>\nVergangenheit, der auf seine n\u00e4chste Gelegenheit lauert &#8230;<br \/>\nTaschenbuchausgabe<\/p>","protected":false},"excerpt":{"rendered":"<ul>\n<li><b>INFO: Vergriffen, keine Neuauflage\/Nachdruck<b><\/li>\n<\/ul>","protected":false},"featured_media":28133,"template":"","meta":[],"product_brand":[],"product_cat":[21629],"product_tag":[],"class_list":{"0":"post-150525","1":"product","2":"type-product","3":"status-publish","4":"has-post-thumbnail","6":"product_cat-belletristik","7":"pa_autor-knellwolf","8":"pa_erscheinungsjahr-21920","9":"pa_region-schweiz","10":"pa_sprache-de","12":"first","13":"outofstock","14":"taxable","15":"shipping-taxable","16":"purchasable","17":"product-type-simple"},"_links":{"self":[{"href":"https:\/\/pizbube.ch\/en\/wp-json\/wp\/v2\/product\/150525","targetHints":{"allow":["GET"]}}],"collection":[{"href":"https:\/\/pizbube.ch\/en\/wp-json\/wp\/v2\/product"}],"about":[{"href":"https:\/\/pizbube.ch\/en\/wp-json\/wp\/v2\/types\/product"}],"wp:featuredmedia":[{"embeddable":true,"href":"https:\/\/pizbube.ch\/en\/wp-json\/wp\/v2\/media\/28133"}],"wp:attachment":[{"href":"https:\/\/pizbube.ch\/en\/wp-json\/wp\/v2\/media?parent=150525"}],"wp:term":[{"taxonomy":"product_brand","embeddable":true,"href":"https:\/\/pizbube.ch\/en\/wp-json\/wp\/v2\/product_brand?post=150525"},{"taxonomy":"product_cat","embeddable":true,"href":"https:\/\/pizbube.ch\/en\/wp-json\/wp\/v2\/product_cat?post=150525"},{"taxonomy":"product_tag","embeddable":true,"href":"https:\/\/pizbube.ch\/en\/wp-json\/wp\/v2\/product_tag?post=150525"}],"curies":[{"name":"wp","href":"https:\/\/api.w.org\/{rel}","templated":true}]}}