{"id":150527,"date":"2021-01-15T11:02:35","date_gmt":"2021-01-15T11:02:35","guid":{"rendered":"https:\/\/codengine3.ch\/?product=import-placeholder-for-203302"},"modified":"2021-01-15T14:21:54","modified_gmt":"2021-01-15T14:21:54","slug":"bergfest","status":"publish","type":"product","link":"https:\/\/pizbube.ch\/en\/shop\/bergfest\/","title":{"rendered":"Bergfest"},"content":{"rendered":"<p>Kriminalroman. 174 S. Wie konnten sie es ihm heimzahlen? Diesem adrett<br \/>\nangezogenen Mann, den sie nun um Kopfesl\u00e4nge \u00fcberragten, den sie einst<br \/>\ngef\u00fcrchtet und gehasst hatten und mit dem sie nun einen kumpelhaften<br \/>\nH\u00e4ndedruck wechselten. Ein leichter Stoss h\u00e4tte gen\u00fcgt, wacklig wie die<br \/>\nHolzbr\u00fcstung war. Er war ihr Mathematik- und Sportlehrer gewesen, das w\u00fcrden<br \/>\nsie nie vergessen k\u00f6nnen. `Willst du eine mit der Linken oder mit der<br \/>\nRechten?` Dann hatte er zugeschlagen. `Macht die Kerze und gr\u00e4tscht die<br \/>\nBeine!` Dann hatte er ihnen in die Turnhosen geguckt. Doch jetzt gingen sie zu<br \/>\neinem Tisch: f\u00fcnf erwachsene M\u00e4nner, die sich unterhalten und vergn\u00fcgen<br \/>\nwollten in reiner Luft auf 2436 Meter H\u00f6he im monotonen Gesang der Wildb\u00e4che<br \/>\nunter einem wolkenlosen Himmel. Der Wirt servierte Urner Bergk\u00e4se, dazu<br \/>\nHolzofenbrot.<\/p>\n<p>Schauplatz des Fests ist das Hotel auf der Furkapassh\u00f6he. Im Vestib\u00fcl gibts<br \/>\nausgestopfte Tiere: Bergdohlen, Adler und G\u00e4mse, in den Zimmern Wasserkr\u00fcge<br \/>\nmit Waschsch\u00fcsseln, Nachtt\u00f6pfe, Betten mit dicken Duvets und gestickten<br \/>\nLeint\u00fcchern, der Speisesaal sieht aus wie in einem Fernsehfilm von Rosamunde<br \/>\nPilcher. Was Werner Schmidli nach Sonnenuntergang in diesem Haus ablaufen<br \/>\nl\u00e4sst, ist ein Fest, bei dem es mehr als nur zu einer \u00dcberraschung kommt&#8230;<\/p>","protected":false},"excerpt":{"rendered":"<p>Kriminalroman. 174 S. Wie konnten sie es ihm heimzahlen? Diesem adrett angezogenen Mann, den sie nun um Kopfesl\u00e4nge \u00fcberragten, den sie einst gef\u00fcrchtet und gehasst hatten und mit dem sie nun einen kumpelhaften H\u00e4ndedruck wechselten. Ein leichter Stoss h\u00e4tte gen\u00fcgt, wacklig wie die Holzbr\u00fcstung war. Er war ihr Mathematik- und Sportlehrer gewesen, das w\u00fcrden sie [&#8230;]\n","protected":false},"featured_media":30886,"template":"","meta":[],"product_brand":[],"product_cat":[21629],"product_tag":[],"class_list":{"0":"post-150527","1":"product","2":"type-product","3":"status-publish","4":"has-post-thumbnail","6":"product_cat-belletristik","7":"pa_autor-schmidli","8":"pa_erscheinungsjahr-21920","9":"pa_region-schweiz","10":"pa_sprache-de","12":"first","13":"instock","14":"taxable","15":"shipping-taxable","16":"purchasable","17":"product-type-simple"},"_links":{"self":[{"href":"https:\/\/pizbube.ch\/en\/wp-json\/wp\/v2\/product\/150527","targetHints":{"allow":["GET"]}}],"collection":[{"href":"https:\/\/pizbube.ch\/en\/wp-json\/wp\/v2\/product"}],"about":[{"href":"https:\/\/pizbube.ch\/en\/wp-json\/wp\/v2\/types\/product"}],"wp:featuredmedia":[{"embeddable":true,"href":"https:\/\/pizbube.ch\/en\/wp-json\/wp\/v2\/media\/30886"}],"wp:attachment":[{"href":"https:\/\/pizbube.ch\/en\/wp-json\/wp\/v2\/media?parent=150527"}],"wp:term":[{"taxonomy":"product_brand","embeddable":true,"href":"https:\/\/pizbube.ch\/en\/wp-json\/wp\/v2\/product_brand?post=150527"},{"taxonomy":"product_cat","embeddable":true,"href":"https:\/\/pizbube.ch\/en\/wp-json\/wp\/v2\/product_cat?post=150527"},{"taxonomy":"product_tag","embeddable":true,"href":"https:\/\/pizbube.ch\/en\/wp-json\/wp\/v2\/product_tag?post=150527"}],"curies":[{"name":"wp","href":"https:\/\/api.w.org\/{rel}","templated":true}]}}