{"id":150529,"date":"2021-01-15T11:02:35","date_gmt":"2021-01-15T11:02:35","guid":{"rendered":"https:\/\/codengine3.ch\/?product=import-placeholder-for-203277"},"modified":"2021-01-15T14:21:43","modified_gmt":"2021-01-15T14:21:43","slug":"mordsspaziergaenge","status":"publish","type":"product","link":"https:\/\/pizbube.ch\/en\/shop\/mordsspaziergaenge\/","title":{"rendered":"Mordsspazierg\u00e4nge"},"content":{"rendered":"<p>Mordsspazierg\u00e4nge auf den Spuren von Friedrich Glauser, Friedrich D\u00fcrrenmatt,<br \/>\nWalter Vogt und vielen anderen: Die meisten literarischen Verbrechen der<br \/>\nSchweiz spielen im Kanton Bern: im Emmental, im Berner Oberland, im Seeland<br \/>\noder in der Stadt Bern.<br \/>\nEinfache Wanderungen f\u00fchren zu den realen Orten, an denen man die Atmosph\u00e4re<br \/>\nder Kriminalromane f\u00fchlen und riechen und, dank der beigelegten CD, auch h\u00f6ren<br \/>\nkann, eine Entdeckungsreise, ein Lesegenuss &#8211; und Tipps f\u00fcr den faulen<br \/>\nSonntag.<\/p>","protected":false},"excerpt":{"rendered":"<p>Mordsspazierg\u00e4nge auf den Spuren von Friedrich Glauser, Friedrich D\u00fcrrenmatt, Walter Vogt und vielen anderen: Die meisten literarischen Verbrechen der Schweiz spielen im Kanton Bern: im Emmental, im Berner Oberland, im Seeland oder in der Stadt Bern. Einfache Wanderungen f\u00fchren zu den realen Orten, an denen man die Atmosph\u00e4re der Kriminalromane f\u00fchlen und riechen und, dank [&#8230;]\n","protected":false},"featured_media":30853,"template":"","meta":[],"product_brand":[],"product_cat":[21605],"product_tag":[],"class_list":{"0":"post-150529","1":"product","2":"type-product","3":"status-publish","4":"has-post-thumbnail","6":"product_cat-wanderfuehrer-trekking","7":"pa_autor-strebel-wuelser","8":"pa_erscheinungsjahr-22242","9":"pa_region-schweiz","10":"pa_sprache-de","12":"first","13":"instock","14":"taxable","15":"shipping-taxable","16":"purchasable","17":"product-type-simple"},"_links":{"self":[{"href":"https:\/\/pizbube.ch\/en\/wp-json\/wp\/v2\/product\/150529","targetHints":{"allow":["GET"]}}],"collection":[{"href":"https:\/\/pizbube.ch\/en\/wp-json\/wp\/v2\/product"}],"about":[{"href":"https:\/\/pizbube.ch\/en\/wp-json\/wp\/v2\/types\/product"}],"wp:featuredmedia":[{"embeddable":true,"href":"https:\/\/pizbube.ch\/en\/wp-json\/wp\/v2\/media\/30853"}],"wp:attachment":[{"href":"https:\/\/pizbube.ch\/en\/wp-json\/wp\/v2\/media?parent=150529"}],"wp:term":[{"taxonomy":"product_brand","embeddable":true,"href":"https:\/\/pizbube.ch\/en\/wp-json\/wp\/v2\/product_brand?post=150529"},{"taxonomy":"product_cat","embeddable":true,"href":"https:\/\/pizbube.ch\/en\/wp-json\/wp\/v2\/product_cat?post=150529"},{"taxonomy":"product_tag","embeddable":true,"href":"https:\/\/pizbube.ch\/en\/wp-json\/wp\/v2\/product_tag?post=150529"}],"curies":[{"name":"wp","href":"https:\/\/api.w.org\/{rel}","templated":true}]}}