{"id":150530,"date":"2021-01-15T11:02:35","date_gmt":"2021-01-15T11:02:35","guid":{"rendered":"https:\/\/codengine3.ch\/?product=import-placeholder-for-202688"},"modified":"2021-01-15T12:38:27","modified_gmt":"2021-01-15T12:38:27","slug":"steinschlag","status":"publish","type":"product","link":"https:\/\/pizbube.ch\/en\/shop\/steinschlag\/","title":{"rendered":"Steinschlag"},"content":{"rendered":"<p>Nur weil kein Mann erreichbar war, wird die junge Bergf\u00fchrerin Andrea vom<br \/>\nalten Amstad mitgenommen f\u00fcr eine Rettungsaktion. Man traut ihr nicht viel zu,<br \/>\nund \u00fcberhaupt, wieso muss die sich ausgerechnet in dieser Gegend niederlassen?<br \/>\nNach einer Stunde finden sie die gesuchte Frau. Sie ist tot. Aber warum will<br \/>\nAmstad, dass es ein Unfall war? Oder sieht Andrea tats\u00e4chlich zu viele Krimis?<br \/>\nIn diesem Jahr wird ihr alles ein wenig zu viel. Sie versucht sich als<br \/>\nBergf\u00fchrerin selbst\u00e4ndig zu machen. Ihr Vater h\u00e4tte es lieber gesehen, sie<br \/>\nw\u00e4re zur Polizei gegangen, wie er seinerzeit. Kommt dazu, dass pl\u00f6tzlich eine<br \/>\njunge Thai bei ihm wohnt, das ist sehr gew\u00f6hnungsbed\u00fcrftig. Kommt dazu, dass<br \/>\nsie selber mit den M\u00e4nnern hadert. Und jetzt diese Tote, mit der etwas nicht<br \/>\nstimmt.<br \/>\nNeuauflage\/Nachdruck 2010  <\/p>","protected":false},"excerpt":{"rendered":"<p>Nur weil kein Mann erreichbar war, wird die junge Bergf\u00fchrerin Andrea vom alten Amstad mitgenommen f\u00fcr eine Rettungsaktion. Man traut ihr nicht viel zu, und \u00fcberhaupt, wieso muss die sich ausgerechnet in dieser Gegend niederlassen? Nach einer Stunde finden sie die gesuchte Frau. Sie ist tot. Aber warum will Amstad, dass es ein Unfall war? [&#8230;]\n","protected":false},"featured_media":30119,"template":"","meta":[],"product_brand":[],"product_cat":[21629],"product_tag":[],"class_list":{"0":"post-150530","1":"product","2":"type-product","3":"status-publish","4":"has-post-thumbnail","6":"product_cat-belletristik","7":"pa_autor-zopfi","8":"pa_erscheinungsjahr-21830","9":"pa_region-schweiz","10":"pa_sprache-de","12":"first","13":"instock","14":"taxable","15":"shipping-taxable","16":"purchasable","17":"product-type-simple"},"_links":{"self":[{"href":"https:\/\/pizbube.ch\/en\/wp-json\/wp\/v2\/product\/150530","targetHints":{"allow":["GET"]}}],"collection":[{"href":"https:\/\/pizbube.ch\/en\/wp-json\/wp\/v2\/product"}],"about":[{"href":"https:\/\/pizbube.ch\/en\/wp-json\/wp\/v2\/types\/product"}],"wp:featuredmedia":[{"embeddable":true,"href":"https:\/\/pizbube.ch\/en\/wp-json\/wp\/v2\/media\/30119"}],"wp:attachment":[{"href":"https:\/\/pizbube.ch\/en\/wp-json\/wp\/v2\/media?parent=150530"}],"wp:term":[{"taxonomy":"product_brand","embeddable":true,"href":"https:\/\/pizbube.ch\/en\/wp-json\/wp\/v2\/product_brand?post=150530"},{"taxonomy":"product_cat","embeddable":true,"href":"https:\/\/pizbube.ch\/en\/wp-json\/wp\/v2\/product_cat?post=150530"},{"taxonomy":"product_tag","embeddable":true,"href":"https:\/\/pizbube.ch\/en\/wp-json\/wp\/v2\/product_tag?post=150530"}],"curies":[{"name":"wp","href":"https:\/\/api.w.org\/{rel}","templated":true}]}}