{"id":150532,"date":"2021-01-15T11:02:36","date_gmt":"2021-01-15T11:02:36","guid":{"rendered":"https:\/\/codengine3.ch\/?product=import-placeholder-for-205081"},"modified":"2023-05-09T08:59:20","modified_gmt":"2023-05-09T06:59:20","slug":"schluesselstellen-49-geschichten-aus-den-bergen","status":"publish","type":"product","link":"https:\/\/pizbube.ch\/en\/shop\/schluesselstellen-49-geschichten-aus-den-bergen\/","title":{"rendered":"Schl\u00fcsselstellen &#8211; 49 Geschichten aus den Bergen"},"content":{"rendered":"<p>Das Buch von Christine Kopp umfasst 49 kurze Geschichten, die einen anderen<br \/>\nBlick auf die Berge vermitteln. Die Texte sind lustig, oft ironisch, manchmal<br \/>\nauch kritisch oder melancholisch. Begleitet werden sie von \u00e4sthetischen<br \/>\nFotomontagen von Alex Luczy, die mit ihrem feinen Witz das Wort perfekt<br \/>\nerg\u00e4nzen.<\/p>\n<p>Erz\u00e4hlt Christine Kopp in &#8218;Laute Stille&#8216; von einer n\u00e4chtlichen Skitour in die<br \/>\nBerge, bei der das Erleben besonders intensiv ist, so beklagt sie in &#8218;Handy-<br \/>\nTor-Tour&#8216; selbstironisch die Zeiten, als es noch keine Mobiltelefone gab und<br \/>\nfrau einfach wusste, dass die M\u00e4nner &#8211; einmal in den Bergen &#8211; nicht erreicht<br \/>\nwerden konnten &#8230;<\/p>\n<p>In &#8218;Konzentriert im Hier und Jetzt&#8216; berichtet sie, was Yoga beim Klettern so<br \/>\nausrichten kann, in &#8218;Die Stereoanlage vom Montblanc&#8216; was eine teure<br \/>\nStereoanlage mit einer Montblanc-Wanderung zu tun haben kann und in &#8218;Unterwegs<br \/>\nzum Ursprung&#8216; von einer Reise in den indischen Garhwal, bei der sich auch die<br \/>\nSeele zu Hause f\u00fchlt. Ein Rucksackbuch mit frischen und oft sehr witzigen<br \/>\nImpressionen aus den Bergen.<\/p>\n<p>Ein Buch zum Schmunzeln und Schm\u00f6kern &#8211; vor dem Kaminfeuer oder unterwegs. Und<br \/>\nzwar f\u00fcr jeden Bergliebhaber, ob Trekker, Kletterin, Alpinist,<br \/>\nSkitourengeherinnen und alle, die die Berge gerne aus dem Wohnzimmerfenster<br \/>\nbetrachten.<\/p>","protected":false},"excerpt":{"rendered":"<p>Das Buch von Christine Kopp umfasst 49 kurze Geschichten, die einen anderen Blick auf die Berge vermitteln. Die Texte sind lustig, oft ironisch, manchmal auch kritisch oder melancholisch. Begleitet werden sie von \u00e4sthetischen Fotomontagen von Alex Luczy, die mit ihrem feinen Witz das Wort perfekt erg\u00e4nzen. Erz\u00e4hlt Christine Kopp in &#8218;Laute Stille&#8216; von einer n\u00e4chtlichen [&#8230;]\n","protected":false},"featured_media":33681,"template":"","meta":[],"product_brand":[],"product_cat":[21629],"product_tag":[],"class_list":{"0":"post-150532","1":"product","2":"type-product","3":"status-publish","4":"has-post-thumbnail","6":"product_cat-belletristik","7":"pa_autor-kopp","8":"pa_erscheinungsjahr-21693","9":"pa_region-schweiz","10":"pa_sprache-de","12":"first","13":"onbackorder","14":"taxable","15":"shipping-taxable","16":"purchasable","17":"product-type-simple"},"_links":{"self":[{"href":"https:\/\/pizbube.ch\/en\/wp-json\/wp\/v2\/product\/150532","targetHints":{"allow":["GET"]}}],"collection":[{"href":"https:\/\/pizbube.ch\/en\/wp-json\/wp\/v2\/product"}],"about":[{"href":"https:\/\/pizbube.ch\/en\/wp-json\/wp\/v2\/types\/product"}],"wp:featuredmedia":[{"embeddable":true,"href":"https:\/\/pizbube.ch\/en\/wp-json\/wp\/v2\/media\/33681"}],"wp:attachment":[{"href":"https:\/\/pizbube.ch\/en\/wp-json\/wp\/v2\/media?parent=150532"}],"wp:term":[{"taxonomy":"product_brand","embeddable":true,"href":"https:\/\/pizbube.ch\/en\/wp-json\/wp\/v2\/product_brand?post=150532"},{"taxonomy":"product_cat","embeddable":true,"href":"https:\/\/pizbube.ch\/en\/wp-json\/wp\/v2\/product_cat?post=150532"},{"taxonomy":"product_tag","embeddable":true,"href":"https:\/\/pizbube.ch\/en\/wp-json\/wp\/v2\/product_tag?post=150532"}],"curies":[{"name":"wp","href":"https:\/\/api.w.org\/{rel}","templated":true}]}}