{"id":150534,"date":"2021-01-15T11:02:36","date_gmt":"2021-01-15T11:02:36","guid":{"rendered":"https:\/\/codengine3.ch\/?product=import-placeholder-for-204037"},"modified":"2021-01-15T14:29:05","modified_gmt":"2021-01-15T14:29:05","slug":"reinhard-karl-das-neue-bild-der-berge","status":"publish","type":"product","link":"https:\/\/pizbube.ch\/en\/shop\/reinhard-karl-das-neue-bild-der-berge\/","title":{"rendered":"Reinhard Karl &#8211; Das neue Bild der Berge"},"content":{"rendered":"<p>Reinhard Karl, charismatischer Freikletterer der ersten Stunde, Begeher der<br \/>\nersten Alpenroute im VII. Schwierigkeitsgrad und der erste Deutsche auf dem<br \/>\nEverest, ist bis heute Idol vieler Bergsteiger geblieben. Sogar f\u00fcr<br \/>\nSpitzenalpinisten unserer Tage wie Alexander Huber war er ein Vorbild. Seine<br \/>\nB\u00fccher haben nachfolgende Generationen von Kletterern massgeblich beeinflusst,<br \/>\nseine Fotografien weisen in ihrer Modernit\u00e4t \u00fcber die damalige Zeit hinaus.<br \/>\nLegende wurde er nicht zuletzt durch sein kritisches Hinterfragen des<br \/>\nBergsteigens auch im Kontext gesellschaftlicher und politischer<br \/>\nVer\u00e4nderungen.Der bewusst subjektive Blick auf die Welt kennzeichnet nicht nur<br \/>\ndie Texte Reinhard Karls, sondern ist auch ein Merkmal seiner Bildsprache. Aus<br \/>\ndem umfangreichen Fundus des fotografischen Werks, das er als Autodidakt<br \/>\ngeschaffen hat, wurden f\u00fcr diesen grossformatigen Bildband die Schwarz-Weiss-<br \/>\nAufnahmen ausgew\u00e4hlt.<\/p>","protected":false},"excerpt":{"rendered":"<p>Reinhard Karl, charismatischer Freikletterer der ersten Stunde, Begeher der ersten Alpenroute im VII. Schwierigkeitsgrad und der erste Deutsche auf dem Everest, ist bis heute Idol vieler Bergsteiger geblieben. Sogar f\u00fcr Spitzenalpinisten unserer Tage wie Alexander Huber war er ein Vorbild. Seine B\u00fccher haben nachfolgende Generationen von Kletterern massgeblich beeinflusst, seine Fotografien weisen in ihrer Modernit\u00e4t [&#8230;]\n","protected":false},"featured_media":31772,"template":"","meta":[],"product_brand":[],"product_cat":[21542],"product_tag":[],"class_list":{"0":"post-150534","1":"product","2":"type-product","3":"status-publish","4":"has-post-thumbnail","6":"product_cat-sachbuecher-dokumentationen","7":"pa_autor-dauer","8":"pa_erscheinungsjahr-21763","9":"pa_region-deutschland","10":"pa_sprache-de","12":"first","13":"outofstock","14":"taxable","15":"shipping-taxable","16":"purchasable","17":"product-type-simple"},"_links":{"self":[{"href":"https:\/\/pizbube.ch\/en\/wp-json\/wp\/v2\/product\/150534","targetHints":{"allow":["GET"]}}],"collection":[{"href":"https:\/\/pizbube.ch\/en\/wp-json\/wp\/v2\/product"}],"about":[{"href":"https:\/\/pizbube.ch\/en\/wp-json\/wp\/v2\/types\/product"}],"wp:featuredmedia":[{"embeddable":true,"href":"https:\/\/pizbube.ch\/en\/wp-json\/wp\/v2\/media\/31772"}],"wp:attachment":[{"href":"https:\/\/pizbube.ch\/en\/wp-json\/wp\/v2\/media?parent=150534"}],"wp:term":[{"taxonomy":"product_brand","embeddable":true,"href":"https:\/\/pizbube.ch\/en\/wp-json\/wp\/v2\/product_brand?post=150534"},{"taxonomy":"product_cat","embeddable":true,"href":"https:\/\/pizbube.ch\/en\/wp-json\/wp\/v2\/product_cat?post=150534"},{"taxonomy":"product_tag","embeddable":true,"href":"https:\/\/pizbube.ch\/en\/wp-json\/wp\/v2\/product_tag?post=150534"}],"curies":[{"name":"wp","href":"https:\/\/api.w.org\/{rel}","templated":true}]}}