{"id":150536,"date":"2021-01-15T11:02:36","date_gmt":"2021-01-15T11:02:36","guid":{"rendered":"https:\/\/codengine3.ch\/?product=import-placeholder-for-202623"},"modified":"2021-01-15T12:37:54","modified_gmt":"2021-01-15T12:37:54","slug":"der-himmel-fuer-drei-franken","status":"publish","type":"product","link":"https:\/\/pizbube.ch\/en\/shop\/der-himmel-fuer-drei-franken\/","title":{"rendered":"Der Himmel f\u00fcr drei Franken"},"content":{"rendered":"<p>Auch Malte Roepers Erstling &#8218;Strategie und M\u00fc\u00dfiggang&#8216; verschlafen? No Problem!<br \/>\nJetzt gibt es die besten Klettergeschichten aus der Strategie (Jorasses,<br \/>\nBadile, Freiburger M\u00fcnster) und einen Querschnitt durch Maltes Schaffen in den<br \/>\nletzten Jahren dazu. So was wie `ne &#8218;Best Of&#8216; CD mit unver\u00f6ffentlichten<br \/>\nBonustracks.<\/p>","protected":false},"excerpt":{"rendered":"<p>Auch Malte Roepers Erstling &#8218;Strategie und M\u00fc\u00dfiggang&#8216; verschlafen? No Problem! Jetzt gibt es die besten Klettergeschichten aus der Strategie (Jorasses, Badile, Freiburger M\u00fcnster) und einen Querschnitt durch Maltes Schaffen in den letzten Jahren dazu. So was wie `ne &#8218;Best Of&#8216; CD mit unver\u00f6ffentlichten Bonustracks.<\/p>","protected":false},"featured_media":30040,"template":"","meta":[],"product_brand":[],"product_cat":[21629],"product_tag":[],"class_list":{"0":"post-150536","1":"product","2":"type-product","3":"status-publish","4":"has-post-thumbnail","6":"product_cat-belletristik","7":"pa_autor-roeper","8":"pa_erscheinungsjahr-22144","9":"pa_region-deutschland","10":"pa_sprache-deutsch","12":"first","13":"outofstock","14":"taxable","15":"shipping-taxable","16":"purchasable","17":"product-type-simple"},"_links":{"self":[{"href":"https:\/\/pizbube.ch\/en\/wp-json\/wp\/v2\/product\/150536","targetHints":{"allow":["GET"]}}],"collection":[{"href":"https:\/\/pizbube.ch\/en\/wp-json\/wp\/v2\/product"}],"about":[{"href":"https:\/\/pizbube.ch\/en\/wp-json\/wp\/v2\/types\/product"}],"wp:featuredmedia":[{"embeddable":true,"href":"https:\/\/pizbube.ch\/en\/wp-json\/wp\/v2\/media\/30040"}],"wp:attachment":[{"href":"https:\/\/pizbube.ch\/en\/wp-json\/wp\/v2\/media?parent=150536"}],"wp:term":[{"taxonomy":"product_brand","embeddable":true,"href":"https:\/\/pizbube.ch\/en\/wp-json\/wp\/v2\/product_brand?post=150536"},{"taxonomy":"product_cat","embeddable":true,"href":"https:\/\/pizbube.ch\/en\/wp-json\/wp\/v2\/product_cat?post=150536"},{"taxonomy":"product_tag","embeddable":true,"href":"https:\/\/pizbube.ch\/en\/wp-json\/wp\/v2\/product_tag?post=150536"}],"curies":[{"name":"wp","href":"https:\/\/api.w.org\/{rel}","templated":true}]}}