{"id":150537,"date":"2021-01-15T11:02:36","date_gmt":"2021-01-15T11:02:36","guid":{"rendered":"https:\/\/codengine3.ch\/?product=import-placeholder-for-207580"},"modified":"2021-01-15T16:04:48","modified_gmt":"2021-01-15T16:04:48","slug":"111-gruende-klettern-zu-gehen","status":"publish","type":"product","link":"https:\/\/pizbube.ch\/en\/shop\/111-gruende-klettern-zu-gehen\/","title":{"rendered":"111 GR\u00dcNDE, KLETTERN ZU GEHEN"},"content":{"rendered":"<p>Eine Hommage an die beste Freizeitbesch\u00e4ftigung der Welt \u2013 f\u00fcr alle, die hoch<br \/>\nhinauswollen und die freie Natur lieben<\/p>\n<p>Klettern geh\u00f6rt zu den letzten Abenteuern unserer Welt, vor allem im Freien.<br \/>\nEs erfordert eine gewisse Risikobereitschaft, eine Portion Mut und eine gute<br \/>\nEinsch\u00e4tzung der eigenen F\u00e4higkeiten.<\/p>\n<p>Dieses Buch enth\u00e4lt nicht nur die wichtigsten Gr\u00fcnde, warum man unbedingt mit<br \/>\nKlettern anfangen sollte, sondern auch zahlreiche Gebietstipps, Portr\u00e4ts der<br \/>\nwichigsten Protagonistinnen und Protagonisten sowie kurze Abhandlungen \u00fcber<br \/>\ndie wichtigsten Kapitel der Klettergeschichte.<\/p>\n<p>Autor Malte Roeper nimmt den Leser mit in luftige H\u00f6hen und l\u00e4dt ein zur<br \/>\nKlettertour, egal ob Neuling, Hobbykletterer oder Profi \u2013 f\u00fcr jeden ist etwas<br \/>\ndabei!<\/p>\n<p>EINIGE GR\u00dcNDE:<br \/>\nWeil es gl\u00fccklich macht. Weil wir am Fels Freunde finden. Weil es gesund ist.<br \/>\nWeil es sch\u00f6n macht. Weil wir uns gegenseitig sichern. Weil es fast keine<br \/>\nRegeln gibt. Weil es m\u00e4nnlich ist. Weil Klettern auch drinnen sch\u00f6n ist. Weil<br \/>\nes weiblich ist. Weil wir lernen, mit wenig zufrieden zu sein. Weil es<br \/>\nKarabiner gibt. Weil es Steigeisen gibt. Weil es die \u00bbBerggeister\u00ab gibt. Weil<br \/>\nes die Bergwacht gibt. Weil Kletterstars keine Bodyguards haben. Weil es<br \/>\nFreiklettern gibt. Weil es Bouldern gibt.<\/p>\n<p>Weil es Erstbegehungen gibt. Weil es Expeditionen gibt. Weil es die \u00bbDawn<br \/>\nWall\u00ab gibt. Weil es die Eigernordwand gibt. Weil es das Matterhorn gibt. Weil<br \/>\nes die Skiabfahrt durchs Vallee Blanche gibt. Weil Fels etwas Wunderbares ist.<br \/>\nWeil es Cliffhanger gibt. Weil es Wolfgang G\u00fcllich gab. Weil es Kurt Albert<br \/>\ngab. Weil es Gerlinde Kaltenbrunner gibt. Weil es Alix von Melle gibt. Weil es<br \/>\ndie Huberbuam gibt. Weil wir lernen, was Freiheit ist. Weil wir Kletterer die<br \/>\nAlten noch ehren. Weil Klettern die Reise des Helden abbildet. Weil der wahre<br \/>\nGipfel immer die Kneipe ist.<\/p>","protected":false},"excerpt":{"rendered":"<p>Eine Hommage an die beste Freizeitbesch\u00e4ftigung der Welt \u2013 f\u00fcr alle, die hoch hinauswollen und die freie Natur lieben Klettern geh\u00f6rt zu den letzten Abenteuern unserer Welt, vor allem im Freien. Es erfordert eine gewisse Risikobereitschaft, eine Portion Mut und eine gute Einsch\u00e4tzung der eigenen F\u00e4higkeiten. Dieses Buch enth\u00e4lt nicht nur die wichtigsten Gr\u00fcnde, warum [&#8230;]\n","protected":false},"featured_media":37880,"template":"","meta":[],"product_brand":[],"product_cat":[21629],"product_tag":[],"class_list":{"0":"post-150537","1":"product","2":"type-product","3":"status-publish","4":"has-post-thumbnail","6":"product_cat-belletristik","7":"pa_autor-roeper","8":"pa_erscheinungsjahr-21571","9":"pa_region-deutschland","10":"pa_sprache-de","12":"first","13":"instock","14":"taxable","15":"shipping-taxable","16":"purchasable","17":"product-type-simple"},"_links":{"self":[{"href":"https:\/\/pizbube.ch\/en\/wp-json\/wp\/v2\/product\/150537","targetHints":{"allow":["GET"]}}],"collection":[{"href":"https:\/\/pizbube.ch\/en\/wp-json\/wp\/v2\/product"}],"about":[{"href":"https:\/\/pizbube.ch\/en\/wp-json\/wp\/v2\/types\/product"}],"wp:featuredmedia":[{"embeddable":true,"href":"https:\/\/pizbube.ch\/en\/wp-json\/wp\/v2\/media\/37880"}],"wp:attachment":[{"href":"https:\/\/pizbube.ch\/en\/wp-json\/wp\/v2\/media?parent=150537"}],"wp:term":[{"taxonomy":"product_brand","embeddable":true,"href":"https:\/\/pizbube.ch\/en\/wp-json\/wp\/v2\/product_brand?post=150537"},{"taxonomy":"product_cat","embeddable":true,"href":"https:\/\/pizbube.ch\/en\/wp-json\/wp\/v2\/product_cat?post=150537"},{"taxonomy":"product_tag","embeddable":true,"href":"https:\/\/pizbube.ch\/en\/wp-json\/wp\/v2\/product_tag?post=150537"}],"curies":[{"name":"wp","href":"https:\/\/api.w.org\/{rel}","templated":true}]}}