{"id":150538,"date":"2021-01-15T11:02:36","date_gmt":"2021-01-15T11:02:36","guid":{"rendered":"https:\/\/codengine3.ch\/?product=import-placeholder-for-200988"},"modified":"2023-07-01T15:27:42","modified_gmt":"2023-07-01T13:27:42","slug":"die-schrecken-des-eises-und-der-finsternis","status":"publish","type":"product","link":"https:\/\/pizbube.ch\/en\/shop\/die-schrecken-des-eises-und-der-finsternis\/","title":{"rendered":"Die Schrecken des Eises und der Finsternis"},"content":{"rendered":"<p>Abenteuerroman \u00fcber die \u00f6sterreichisch- ungarische Polarexpedition von 1873.<br \/>\nIm Zentrum dieses vielschichtigen Abenteuerromans steht das Schicksal der<br \/>\n\u00f6sterreichisch-ungarischen Nordpolexpedition der &#8218;Payer-Weyprecht-Expedition&#8216;,<br \/>\ndie im arktischen Sommer 1872 in das unerforschte Meer nord\u00f6stlich des<br \/>\nsibirischen Archipels Nowaja Semlja aufbricht.<\/p>\n<p>Das Expeditionsschiff wird bald &#8211; und f\u00fcr immer &#8211; vom Packeis eingeschlossen.<br \/>\nNach einer mehr als einj\u00e4hrigen Drift durch alle Schrecken des Eises und der<br \/>\nFinsternis entdeckt die vom Skorbut geplagte Mannschaft eine unter Gletschern<br \/>\nbegrabene Inselgruppe am Rande der Welt und tauft sie zu Ehren eines fernen<br \/>\nHerrschers &#8218;Kaiser-Franz-Joseph-Land&#8216;. Einer der letzten blinden Flecke ist<br \/>\ndamit von der Landkarte der Alten Welt getilgt.<\/p>","protected":false},"excerpt":{"rendered":"<p>Abenteuerroman \u00fcber die \u00f6sterreichisch- ungarische Polarexpedition von 1873. Im Zentrum dieses vielschichtigen Abenteuerromans steht das Schicksal der \u00f6sterreichisch-ungarischen Nordpolexpedition der &#8218;Payer-Weyprecht-Expedition&#8216;, die im arktischen Sommer 1872 in das unerforschte Meer nord\u00f6stlich des sibirischen Archipels Nowaja Semlja aufbricht. Das Expeditionsschiff wird bald &#8211; und f\u00fcr immer &#8211; vom Packeis eingeschlossen. Nach einer mehr als einj\u00e4hrigen Drift [&#8230;]\n","protected":false},"featured_media":28135,"template":"","meta":[],"product_brand":[],"product_cat":[21629],"product_tag":[],"class_list":{"0":"post-150538","1":"product","2":"type-product","3":"status-publish","4":"has-post-thumbnail","6":"product_cat-belletristik","7":"pa_autor-ransmayr","8":"pa_erscheinungsjahr-21591","9":"pa_region-arktis-antarktis-groenland-island","10":"pa_sprache-de","12":"first","13":"instock","14":"taxable","15":"shipping-taxable","16":"purchasable","17":"product-type-simple"},"_links":{"self":[{"href":"https:\/\/pizbube.ch\/en\/wp-json\/wp\/v2\/product\/150538","targetHints":{"allow":["GET"]}}],"collection":[{"href":"https:\/\/pizbube.ch\/en\/wp-json\/wp\/v2\/product"}],"about":[{"href":"https:\/\/pizbube.ch\/en\/wp-json\/wp\/v2\/types\/product"}],"wp:featuredmedia":[{"embeddable":true,"href":"https:\/\/pizbube.ch\/en\/wp-json\/wp\/v2\/media\/28135"}],"wp:attachment":[{"href":"https:\/\/pizbube.ch\/en\/wp-json\/wp\/v2\/media?parent=150538"}],"wp:term":[{"taxonomy":"product_brand","embeddable":true,"href":"https:\/\/pizbube.ch\/en\/wp-json\/wp\/v2\/product_brand?post=150538"},{"taxonomy":"product_cat","embeddable":true,"href":"https:\/\/pizbube.ch\/en\/wp-json\/wp\/v2\/product_cat?post=150538"},{"taxonomy":"product_tag","embeddable":true,"href":"https:\/\/pizbube.ch\/en\/wp-json\/wp\/v2\/product_tag?post=150538"}],"curies":[{"name":"wp","href":"https:\/\/api.w.org\/{rel}","templated":true}]}}