{"id":150539,"date":"2021-01-15T11:02:36","date_gmt":"2021-01-15T11:02:36","guid":{"rendered":"https:\/\/codengine3.ch\/?product=import-placeholder-for-203496"},"modified":"2021-01-15T14:23:50","modified_gmt":"2021-01-15T14:23:50","slug":"polarexpeditionen-forschungsreisen-in-arktis-und-antarktis","status":"publish","type":"product","link":"https:\/\/pizbube.ch\/en\/shop\/polarexpeditionen-forschungsreisen-in-arktis-und-antarktis\/","title":{"rendered":"Polarexpeditionen Forschungsreisen in Arktis und Antarktis"},"content":{"rendered":"<p>Seit vielen Jahrhunderten zieht es k\u00fchne Forscher, wagemutige Entdecker und<br \/>\nabenteuerlustige Seefahrer immer wieder in das ewige Eis; fr\u00fcher auf der Suche<br \/>\nnach k\u00fcrzeren Handelswegen, nach Bodensch\u00e4tzen und nach fremden Tieren. Aber<br \/>\nauch heute noch begeben sich Menschen fasziniert vom Eis in Gefahr, um die<br \/>\nArktis und Antarktis zu durchqueren. Atemberaubende Bilder, Zeichnungen und<br \/>\nFotografien zeigen die unterschiedlichsten Expeditionen bis ins kleinste<br \/>\nDetail. 48 S., 28 x 23 cm. gebunden, mit zahlreichen Abb., Aufklapptafeln  <\/p>","protected":false},"excerpt":{"rendered":"<p>Seit vielen Jahrhunderten zieht es k\u00fchne Forscher, wagemutige Entdecker und abenteuerlustige Seefahrer immer wieder in das ewige Eis; fr\u00fcher auf der Suche nach k\u00fcrzeren Handelswegen, nach Bodensch\u00e4tzen und nach fremden Tieren. Aber auch heute noch begeben sich Menschen fasziniert vom Eis in Gefahr, um die Arktis und Antarktis zu durchqueren. Atemberaubende Bilder, Zeichnungen und Fotografien [&#8230;]\n","protected":false},"featured_media":31114,"template":"","meta":[],"product_brand":[],"product_cat":[21542],"product_tag":[],"class_list":{"0":"post-150539","1":"product","2":"type-product","3":"status-publish","4":"has-post-thumbnail","6":"product_cat-sachbuecher-dokumentationen","7":"pa_autor-bramwell","8":"pa_erscheinungsjahr-22150","9":"pa_region-arktis-antarktis-groenland-island","10":"pa_sprache-de","12":"first","13":"instock","14":"taxable","15":"shipping-taxable","16":"purchasable","17":"product-type-simple"},"_links":{"self":[{"href":"https:\/\/pizbube.ch\/en\/wp-json\/wp\/v2\/product\/150539","targetHints":{"allow":["GET"]}}],"collection":[{"href":"https:\/\/pizbube.ch\/en\/wp-json\/wp\/v2\/product"}],"about":[{"href":"https:\/\/pizbube.ch\/en\/wp-json\/wp\/v2\/types\/product"}],"wp:featuredmedia":[{"embeddable":true,"href":"https:\/\/pizbube.ch\/en\/wp-json\/wp\/v2\/media\/31114"}],"wp:attachment":[{"href":"https:\/\/pizbube.ch\/en\/wp-json\/wp\/v2\/media?parent=150539"}],"wp:term":[{"taxonomy":"product_brand","embeddable":true,"href":"https:\/\/pizbube.ch\/en\/wp-json\/wp\/v2\/product_brand?post=150539"},{"taxonomy":"product_cat","embeddable":true,"href":"https:\/\/pizbube.ch\/en\/wp-json\/wp\/v2\/product_cat?post=150539"},{"taxonomy":"product_tag","embeddable":true,"href":"https:\/\/pizbube.ch\/en\/wp-json\/wp\/v2\/product_tag?post=150539"}],"curies":[{"name":"wp","href":"https:\/\/api.w.org\/{rel}","templated":true}]}}