{"id":150541,"date":"2021-01-15T11:02:36","date_gmt":"2021-01-15T11:02:36","guid":{"rendered":"https:\/\/codengine3.ch\/?product=import-placeholder-for-201907"},"modified":"2024-06-21T09:38:21","modified_gmt":"2024-06-21T07:38:21","slug":"bergfahrt","status":"publish","type":"product","link":"https:\/\/pizbube.ch\/en\/shop\/bergfahrt\/","title":{"rendered":"Bergfahrt"},"content":{"rendered":"<p>&#171;Warum steigt ihr auf die Berge?&#187; &#8211; &#171;Um dem Gef\u00e4ngnis zu entrinnen.&#187;<\/p>\n<p>Vom Gipfelst\u00fcrmer und vom Mutlosen: Erz\u00e4hlung \u00fcber ein klassisches Dilemma- ein St\u00fcck guter Schweizer Literatur! Zwei junge M\u00e4nner planen eine Bergbesteigung, der eine, t\u00fcchtige, blickt auf zum Ziel, dem Gipfel.<\/p>\n<p>Der andere, unentschlossene, ist nur Mitg\u00e4nger. Nach einigen Wechself\u00e4llen gibt er auf und kehrt zur\u00fcck. Der Gipfelst\u00fcrmer setzt denAnstieg im Alleingang fort und beginnt, oben angelangt, ein langes,von ihm in allen Stationen und Steigerungen bewu\u00dft erlebtes,geradezu bedachtsam vollzogenes Sterben. Der Mutlose begegnetseinem, einem raschen Tod, als er, bereits wieder im Tal, aus Unvorsicht in einen Wildbach st\u00fcrzt.<\/p>\n<p>Der Schweizer Autor Ludwig Hohl (1904-1980) erhielt 1978 den Robert Walser- Centenarpreis. Die Erz\u00e4hlung Bergfahrt begann Ludwig Hohl 1926, fasste sie mehrmals neu, lie\u00df sie dann \u00fcber drei\u00dfig Jahre liegen, ehe er ihr die g\u00fcltige Gestalt gab.<\/p>\n<p><span class=\"value\">Kartonierter Einband<\/span>;<br \/>\n1. Auflage 2023<\/p>","protected":false},"excerpt":{"rendered":"<p>&#171;Warum steigt ihr auf die Berge?&#187; &#8211; &#171;Um dem Gef\u00e4ngnis zu entrinnen.&#187; Vom Gipfelst\u00fcrmer und vom Mutlosen: Erz\u00e4hlung \u00fcber ein klassisches Dilemma- ein St\u00fcck guter Schweizer Literatur! Zwei junge M\u00e4nner planen eine Bergbesteigung, der eine, t\u00fcchtige, blickt auf zum Ziel, dem Gipfel. Der andere, unentschlossene, ist nur Mitg\u00e4nger. Nach einigen Wechself\u00e4llen gibt er auf und [&#8230;]\n","protected":false},"featured_media":173534,"template":"","meta":[],"product_brand":[],"product_cat":[21629],"product_tag":[],"class_list":{"0":"post-150541","1":"product","2":"type-product","3":"status-publish","4":"has-post-thumbnail","6":"product_cat-belletristik","7":"pa_autor-hohl","8":"pa_erscheinungsjahr-27129","9":"pa_region-schweiz","10":"pa_sprache-de","12":"first","13":"instock","14":"taxable","15":"shipping-taxable","16":"purchasable","17":"product-type-simple"},"_links":{"self":[{"href":"https:\/\/pizbube.ch\/en\/wp-json\/wp\/v2\/product\/150541","targetHints":{"allow":["GET"]}}],"collection":[{"href":"https:\/\/pizbube.ch\/en\/wp-json\/wp\/v2\/product"}],"about":[{"href":"https:\/\/pizbube.ch\/en\/wp-json\/wp\/v2\/types\/product"}],"wp:featuredmedia":[{"embeddable":true,"href":"https:\/\/pizbube.ch\/en\/wp-json\/wp\/v2\/media\/173534"}],"wp:attachment":[{"href":"https:\/\/pizbube.ch\/en\/wp-json\/wp\/v2\/media?parent=150541"}],"wp:term":[{"taxonomy":"product_brand","embeddable":true,"href":"https:\/\/pizbube.ch\/en\/wp-json\/wp\/v2\/product_brand?post=150541"},{"taxonomy":"product_cat","embeddable":true,"href":"https:\/\/pizbube.ch\/en\/wp-json\/wp\/v2\/product_cat?post=150541"},{"taxonomy":"product_tag","embeddable":true,"href":"https:\/\/pizbube.ch\/en\/wp-json\/wp\/v2\/product_tag?post=150541"}],"curies":[{"name":"wp","href":"https:\/\/api.w.org\/{rel}","templated":true}]}}