{"id":150542,"date":"2021-01-15T11:02:36","date_gmt":"2021-01-15T11:02:36","guid":{"rendered":"https:\/\/codengine3.ch\/?product=import-placeholder-for-205835"},"modified":"2025-04-10T09:39:35","modified_gmt":"2025-04-10T07:39:35","slug":"antwort-aus-der-stille-eine-erzaehlung-aus-den-bergen","status":"publish","type":"product","link":"https:\/\/pizbube.ch\/en\/shop\/antwort-aus-der-stille-eine-erzaehlung-aus-den-bergen\/","title":{"rendered":"Antwort aus der Stille &#8211; Eine Erz\u00e4hlung aus den Bergen"},"content":{"rendered":"<p>Max Frisch debutierte 1934 mit dem Roman J\u00fcrg Reinhart. Eine sommerliche<br \/>\nSchicksalsfahrt. Drei Jahre sp\u00e4ter publizierte er, ebenfalls in der Deutschen<br \/>\nVerlagsanstalt (Stuttgart \/ Berlin), die &#8218;Erz\u00e4hlung aus den Bergen&#8216; mit dem<br \/>\nTitel Antwort aus der Stille. In der Ausgabe seiner Gesammelten Werke,<br \/>\nveranstaltet anl\u00e4\u00dflich des 60. Geburtstags, erscheint diese Erz\u00e4hlung auf<br \/>\nWunsch des Autors nicht. Mehr als 70 Jahre sp\u00e4ter ist dieses Fr\u00fchwerk nun zum<br \/>\nersten Mal wieder zug\u00e4nglich.<\/p>\n<p>Bereits hier wird das in Frischs Oeuvre dominante Motto der biographischen<br \/>\nIdentit\u00e4t &#8211; das in dieser Lebensphase des Autors auch eine autobiographische<br \/>\nDimension besitzt &#8211; zum Thema: Gibt es eine Selbstverwirklichung au\u00dferhalb der<br \/>\nk\u00fcnstlerischen Existenz? Oder in den Worten der Antwort aus der Stille: War<br \/>\nman nur ein zu verachtender &#8218;gew\u00f6hnlicher B\u00fcrger&#8216;, wenn man auf das Wagnis des<br \/>\nAu\u00dferordentlich verzichtet?<\/p>\n<p>Wenn Max Frisch das kurz nach Erscheinen von Antwort aus der Stille abgelegte<br \/>\nGel\u00fcbde, nie wieder etwas zu schreiben, bricht &#8211; dann ist die Erkl\u00e4rung der<br \/>\nEntscheidung f\u00fcr den Beruf des Schriftstellers in dieser Erz\u00e4hlung zu finden:<br \/>\nSie bildet somit das zentrale Movens seines gesamten Schaffens.<br \/>\nTaschenbuchausgabe<\/p>","protected":false},"excerpt":{"rendered":"<p>Max Frisch debutierte 1934 mit dem Roman J\u00fcrg Reinhart. Eine sommerliche Schicksalsfahrt. Drei Jahre sp\u00e4ter publizierte er, ebenfalls in der Deutschen Verlagsanstalt (Stuttgart \/ Berlin), die &#8218;Erz\u00e4hlung aus den Bergen&#8216; mit dem Titel Antwort aus der Stille. In der Ausgabe seiner Gesammelten Werke, veranstaltet anl\u00e4\u00dflich des 60. Geburtstags, erscheint diese Erz\u00e4hlung auf Wunsch des Autors [&#8230;]\n","protected":false},"featured_media":179238,"template":"","meta":[],"product_brand":[],"product_cat":[21629],"product_tag":[],"class_list":{"0":"post-150542","1":"product","2":"type-product","3":"status-publish","4":"has-post-thumbnail","6":"product_cat-belletristik","7":"pa_autor-frisch","8":"pa_erscheinungsjahr-21610","9":"pa_region-schweiz","10":"pa_sprache-de","12":"first","13":"instock","14":"taxable","15":"shipping-taxable","16":"purchasable","17":"product-type-simple"},"_links":{"self":[{"href":"https:\/\/pizbube.ch\/en\/wp-json\/wp\/v2\/product\/150542","targetHints":{"allow":["GET"]}}],"collection":[{"href":"https:\/\/pizbube.ch\/en\/wp-json\/wp\/v2\/product"}],"about":[{"href":"https:\/\/pizbube.ch\/en\/wp-json\/wp\/v2\/types\/product"}],"wp:featuredmedia":[{"embeddable":true,"href":"https:\/\/pizbube.ch\/en\/wp-json\/wp\/v2\/media\/179238"}],"wp:attachment":[{"href":"https:\/\/pizbube.ch\/en\/wp-json\/wp\/v2\/media?parent=150542"}],"wp:term":[{"taxonomy":"product_brand","embeddable":true,"href":"https:\/\/pizbube.ch\/en\/wp-json\/wp\/v2\/product_brand?post=150542"},{"taxonomy":"product_cat","embeddable":true,"href":"https:\/\/pizbube.ch\/en\/wp-json\/wp\/v2\/product_cat?post=150542"},{"taxonomy":"product_tag","embeddable":true,"href":"https:\/\/pizbube.ch\/en\/wp-json\/wp\/v2\/product_tag?post=150542"}],"curies":[{"name":"wp","href":"https:\/\/api.w.org\/{rel}","templated":true}]}}