{"id":150543,"date":"2021-01-15T11:02:36","date_gmt":"2021-01-15T11:02:36","guid":{"rendered":"https:\/\/codengine3.ch\/?product=import-placeholder-for-200991"},"modified":"2021-01-15T11:02:40","modified_gmt":"2021-01-15T11:02:40","slug":"mein-name-sei-gantenbein","status":"publish","type":"product","link":"https:\/\/pizbube.ch\/en\/shop\/mein-name-sei-gantenbein\/","title":{"rendered":"Mein Name sei Gantenbein"},"content":{"rendered":"<p>Mit einer Gipfelgeschichte vom Piz Kesch.<\/p>\n<p>Der Verfasser von Stiller (1954) und Homo Faber (1957) hat in seinem dritten<br \/>\ngro\u00dfen Roman Mein Name sei Gantenbein (1964) sein zentrales Thema, das Problem<br \/>\nder Identit\u00e4t, die Spannung des Ichs zum anderen, nicht verlassen. Radikaler<br \/>\nerfa\u00dft, entfaltet es sich heiterer, reicher als bisher. Der Komplexit\u00e4t des<br \/>\nThemas entspricht die Form.<\/p>\n<p>Der Roman spiegelt die Verschiebung von Realit\u00e4t und Phantasie im Bannkreis<br \/>\neiner Situation, die die erprobte Rolle eines Menschen in Frage stellt, sein<br \/>\nIch freilegt. Die Geschichten des Buches sind nicht Geschichten im \u00fcblichen<br \/>\nSinn, es sind Geschichten wie Kleider, die man probiert.<\/p>","protected":false},"excerpt":{"rendered":"<p>Mit einer Gipfelgeschichte vom Piz Kesch. Der Verfasser von Stiller (1954) und Homo Faber (1957) hat in seinem dritten gro\u00dfen Roman Mein Name sei Gantenbein (1964) sein zentrales Thema, das Problem der Identit\u00e4t, die Spannung des Ichs zum anderen, nicht verlassen. Radikaler erfa\u00dft, entfaltet es sich heiterer, reicher als bisher. Der Komplexit\u00e4t des Themas entspricht [&#8230;]\n","protected":false},"featured_media":28138,"template":"","meta":[],"product_brand":[],"product_cat":[21629],"product_tag":[],"class_list":{"0":"post-150543","1":"product","2":"type-product","3":"status-publish","4":"has-post-thumbnail","6":"product_cat-belletristik","7":"pa_autor-frisch","8":"pa_erscheinungsjahr-21920","9":"pa_region-schweiz","10":"pa_sprache-de","12":"first","13":"instock","14":"taxable","15":"shipping-taxable","16":"purchasable","17":"product-type-simple"},"_links":{"self":[{"href":"https:\/\/pizbube.ch\/en\/wp-json\/wp\/v2\/product\/150543","targetHints":{"allow":["GET"]}}],"collection":[{"href":"https:\/\/pizbube.ch\/en\/wp-json\/wp\/v2\/product"}],"about":[{"href":"https:\/\/pizbube.ch\/en\/wp-json\/wp\/v2\/types\/product"}],"wp:featuredmedia":[{"embeddable":true,"href":"https:\/\/pizbube.ch\/en\/wp-json\/wp\/v2\/media\/28138"}],"wp:attachment":[{"href":"https:\/\/pizbube.ch\/en\/wp-json\/wp\/v2\/media?parent=150543"}],"wp:term":[{"taxonomy":"product_brand","embeddable":true,"href":"https:\/\/pizbube.ch\/en\/wp-json\/wp\/v2\/product_brand?post=150543"},{"taxonomy":"product_cat","embeddable":true,"href":"https:\/\/pizbube.ch\/en\/wp-json\/wp\/v2\/product_cat?post=150543"},{"taxonomy":"product_tag","embeddable":true,"href":"https:\/\/pizbube.ch\/en\/wp-json\/wp\/v2\/product_tag?post=150543"}],"curies":[{"name":"wp","href":"https:\/\/api.w.org\/{rel}","templated":true}]}}