{"id":150544,"date":"2021-01-15T11:02:36","date_gmt":"2021-01-15T11:02:36","guid":{"rendered":"https:\/\/codengine3.ch\/?product=import-placeholder-for-204115"},"modified":"2021-01-15T14:29:58","modified_gmt":"2021-01-15T14:29:58","slug":"alpenliebe","status":"publish","type":"product","link":"https:\/\/pizbube.ch\/en\/shop\/alpenliebe\/","title":{"rendered":"Alpenliebe"},"content":{"rendered":"<p>Wer die Schweizer Bergwelt bereist, setzt sich der Wirkung dieser besonderen<br \/>\nLandschaft und ihrer Geschichte aus. Manchmal wird das Erlebnis zur veritablen<br \/>\nAlpenliebe: Diese Anthologie versammelt pers\u00f6nliche Liebesbeziehungen und<br \/>\nliterarische Verh\u00e4ltnisse. Die Texte- Ausz\u00fcge aus Feuilletons, Tageb\u00fcchern,<br \/>\nGedichtb\u00e4nden, Reisebeschreibungen und Erz\u00e4hlungen &#8211; entstanden zwischen 1837<br \/>\nund 1934.<br \/>\nTexte von Emma Herwegh-Siegmund (1817-1904), Georg Herwegh (1817-1875), Joseph<br \/>\nVictor von Scheffel (1826-1886), Martin Birmann (1828-1890), Josef Viktor<br \/>\nWidmann (1842-1911), Carl Spitteler (1845-1924) und Hugo Marti (1893-1937).  <\/p>","protected":false},"excerpt":{"rendered":"<p>Wer die Schweizer Bergwelt bereist, setzt sich der Wirkung dieser besonderen Landschaft und ihrer Geschichte aus. Manchmal wird das Erlebnis zur veritablen Alpenliebe: Diese Anthologie versammelt pers\u00f6nliche Liebesbeziehungen und literarische Verh\u00e4ltnisse. Die Texte- Ausz\u00fcge aus Feuilletons, Tageb\u00fcchern, Gedichtb\u00e4nden, Reisebeschreibungen und Erz\u00e4hlungen &#8211; entstanden zwischen 1837 und 1934. Texte von Emma Herwegh-Siegmund (1817-1904), Georg Herwegh (1817-1875), [&#8230;]\n","protected":false},"featured_media":31869,"template":"","meta":[],"product_brand":[],"product_cat":[21629],"product_tag":[],"class_list":{"0":"post-150544","1":"product","2":"type-product","3":"status-publish","4":"has-post-thumbnail","6":"product_cat-belletristik","7":"pa_autor-koellreuter-et-alt-herausgeber","8":"pa_erscheinungsjahr-21763","9":"pa_region-schweiz","10":"pa_sprache-de","12":"first","13":"outofstock","14":"taxable","15":"shipping-taxable","16":"purchasable","17":"product-type-simple"},"_links":{"self":[{"href":"https:\/\/pizbube.ch\/en\/wp-json\/wp\/v2\/product\/150544","targetHints":{"allow":["GET"]}}],"collection":[{"href":"https:\/\/pizbube.ch\/en\/wp-json\/wp\/v2\/product"}],"about":[{"href":"https:\/\/pizbube.ch\/en\/wp-json\/wp\/v2\/types\/product"}],"wp:featuredmedia":[{"embeddable":true,"href":"https:\/\/pizbube.ch\/en\/wp-json\/wp\/v2\/media\/31869"}],"wp:attachment":[{"href":"https:\/\/pizbube.ch\/en\/wp-json\/wp\/v2\/media?parent=150544"}],"wp:term":[{"taxonomy":"product_brand","embeddable":true,"href":"https:\/\/pizbube.ch\/en\/wp-json\/wp\/v2\/product_brand?post=150544"},{"taxonomy":"product_cat","embeddable":true,"href":"https:\/\/pizbube.ch\/en\/wp-json\/wp\/v2\/product_cat?post=150544"},{"taxonomy":"product_tag","embeddable":true,"href":"https:\/\/pizbube.ch\/en\/wp-json\/wp\/v2\/product_tag?post=150544"}],"curies":[{"name":"wp","href":"https:\/\/api.w.org\/{rel}","templated":true}]}}